{"id":88144,"date":"2025-07-19T09:38:53","date_gmt":"2025-07-19T07:38:53","guid":{"rendered":"https:\/\/biteback.be\/?page_id=88144"},"modified":"2025-07-19T10:03:06","modified_gmt":"2025-07-19T08:03:06","slug":"stadsduiven","status":"publish","type":"page","link":"https:\/\/biteback.be\/fr\/stadsduiven\/","title":{"rendered":"found a wounded \/ sick pigeon?"},"content":{"rendered":"<div data-elementor-type=\"wp-page\" data-elementor-id=\"88144\" class=\"elementor elementor-88144\">\n\t\t\t\t\t\t<section class=\"elementor-section elementor-top-section elementor-element elementor-element-68e340b elementor-section-boxed elementor-section-height-default elementor-section-height-default\" data-id=\"68e340b\" data-element_type=\"section\" data-e-type=\"section\">\n\t\t\t\t\t\t<div class=\"elementor-container elementor-column-gap-extended\">\n\t\t\t\t\t<div class=\"elementor-column elementor-col-100 elementor-top-column elementor-element elementor-element-5afed74 sc_inner_width_none sc_content_align_inherit sc_layouts_column_icons_position_left\" data-id=\"5afed74\" data-element_type=\"column\" data-e-type=\"column\">\n\t\t\t<div class=\"elementor-widget-wrap elementor-element-populated\">\n\t\t\t\t\t\t<div class=\"elementor-element elementor-element-d14cafc sc_fly_static elementor-widget elementor-widget-spacer\" data-id=\"d14cafc\" data-element_type=\"widget\" data-e-type=\"widget\" data-widget_type=\"spacer.default\">\n\t\t\t\t<div class=\"elementor-widget-container\">\n\t\t\t\t\t\t\t<div class=\"elementor-spacer\">\n\t\t\t<div class=\"elementor-spacer-inner\"><\/div>\n\t\t<\/div>\n\t\t\t\t\t\t<\/div>\n\t\t\t\t<\/div>\n\t\t\t\t<div class=\"elementor-element elementor-element-ca44d31 sc_fly_static elementor-widget elementor-widget-text-editor\" data-id=\"ca44d31\" data-element_type=\"widget\" data-e-type=\"widget\" data-widget_type=\"text-editor.default\">\n\t\t\t\t<div class=\"elementor-widget-container\">\n\t\t\t\t\t\t\t\t\t<h5><strong>ENGLISH<\/strong><\/h5><p>Did you see or find an <strong>injured or seemingly sick pigeon or other bird?<\/strong> Here are soms steps on how to act.<\/p><p>Note: any bird that does <strong>not fly away<\/strong> when you come near them, is sick or in danger.\u00a0<\/p>\t\t\t\t\t\t\t\t<\/div>\n\t\t\t\t<\/div>\n\t\t\t\t<div class=\"elementor-element elementor-element-553094e sc_fly_static elementor-widget elementor-widget-spacer\" data-id=\"553094e\" data-element_type=\"widget\" data-e-type=\"widget\" data-widget_type=\"spacer.default\">\n\t\t\t\t<div class=\"elementor-widget-container\">\n\t\t\t\t\t\t\t<div class=\"elementor-spacer\">\n\t\t\t<div class=\"elementor-spacer-inner\"><\/div>\n\t\t<\/div>\n\t\t\t\t\t\t<\/div>\n\t\t\t\t<\/div>\n\t\t\t\t<div class=\"elementor-element elementor-element-7ae51a0 sc_fly_static elementor-widget elementor-widget-text-editor\" data-id=\"7ae51a0\" data-element_type=\"widget\" data-e-type=\"widget\" data-widget_type=\"text-editor.default\">\n\t\t\t\t<div class=\"elementor-widget-container\">\n\t\t\t\t\t\t\t\t\t<ul><li><strong>Get the pigeon out of the streets<\/strong>. If they can&#8217;t fly, they won&#8217;t stay alive for long. A carton box is perfect, but if you can&#8217;t find that, a shirt or shawl will do.<\/li><li>Birds are genrally more calm in the <strong>dark<\/strong>, so close the box but punch some holes through the sides to allow fresh air to come in.\u00a0<\/li><li>Pigeons get <strong>cold<\/strong> very fast, even in summer. They can easily go into hypothermic shock. Give them a<strong> hot water bottle<\/strong>, or if you don&#8217;t have that, put some hot water into a plastic bottle. Put a towel between the pigeon and the hout water source.<\/li><li><strong>Never<\/strong> try to give them <strong>water<\/strong> by putting it inside their <strong>beaks<\/strong>. It can suffocate them.<\/li><li>Put some <strong>water<\/strong> in a bowl, and, if you have that, provide some <strong>ma\u00efs or peas,<\/strong> but don&#8217;t force them to eat it.<\/li><li>Contact a <strong>wildlife center.<\/strong> Generally, most centers take in wood pigeons and turtledoves, but not city pigeons. Look for Facebook groups on city pigeons if the wildlife center can&#8217;t help you (as is the case in Brussels).<\/li><\/ul>\t\t\t\t\t\t\t\t<\/div>\n\t\t\t\t<\/div>\n\t\t\t\t\t<\/div>\n\t\t<\/div>\n\t\t\t\t\t<\/div>\n\t\t<\/section>\n\t\t\t\t<section class=\"elementor-section elementor-top-section elementor-element elementor-element-1b3c03b elementor-section-boxed elementor-section-height-default elementor-section-height-default\" data-id=\"1b3c03b\" data-element_type=\"section\" data-e-type=\"section\">\n\t\t\t\t\t\t<div class=\"elementor-container elementor-column-gap-extended\">\n\t\t\t\t\t<div class=\"elementor-column elementor-col-100 elementor-top-column elementor-element elementor-element-cab9b1e sc_inner_width_none sc_content_align_inherit sc_layouts_column_icons_position_left\" data-id=\"cab9b1e\" data-element_type=\"column\" data-e-type=\"column\">\n\t\t\t<div class=\"elementor-widget-wrap elementor-element-populated\">\n\t\t\t\t\t\t<div class=\"elementor-element elementor-element-490882d sc_fly_static elementor-widget elementor-widget-spacer\" data-id=\"490882d\" data-element_type=\"widget\" data-e-type=\"widget\" data-widget_type=\"spacer.default\">\n\t\t\t\t<div class=\"elementor-widget-container\">\n\t\t\t\t\t\t\t<div class=\"elementor-spacer\">\n\t\t\t<div class=\"elementor-spacer-inner\"><\/div>\n\t\t<\/div>\n\t\t\t\t\t\t<\/div>\n\t\t\t\t<\/div>\n\t\t\t\t<div class=\"elementor-element elementor-element-8928869 elementor-widget-divider--view-line sc_fly_static elementor-widget elementor-widget-divider\" data-id=\"8928869\" data-element_type=\"widget\" data-e-type=\"widget\" data-widget_type=\"divider.default\">\n\t\t\t\t<div class=\"elementor-widget-container\">\n\t\t\t\t\t\t\t<div class=\"elementor-divider\">\n\t\t\t<span class=\"elementor-divider-separator\">\n\t\t\t\t\t\t<\/span>\n\t\t<\/div>\n\t\t\t\t\t\t<\/div>\n\t\t\t\t<\/div>\n\t\t\t\t<div class=\"elementor-element elementor-element-f3a1fa2 sc_fly_static elementor-widget elementor-widget-spacer\" data-id=\"f3a1fa2\" data-element_type=\"widget\" data-e-type=\"widget\" data-widget_type=\"spacer.default\">\n\t\t\t\t<div class=\"elementor-widget-container\">\n\t\t\t\t\t\t\t<div class=\"elementor-spacer\">\n\t\t\t<div class=\"elementor-spacer-inner\"><\/div>\n\t\t<\/div>\n\t\t\t\t\t\t<\/div>\n\t\t\t\t<\/div>\n\t\t\t\t<div class=\"elementor-element elementor-element-e8bcfcd sc_fly_static elementor-widget elementor-widget-text-editor\" data-id=\"e8bcfcd\" data-element_type=\"widget\" data-e-type=\"widget\" data-widget_type=\"text-editor.default\">\n\t\t\t\t<div class=\"elementor-widget-container\">\n\t\t\t\t\t\t\t\t\t<h5>FRANCAIS<\/h5><p>Avez-vous vu ou trouv\u00e9 un pigeon ou un autre oiseau <strong>bless\u00e9 ou apparemment malade<\/strong> ? Voici quelques <strong>conseils<\/strong> sur la fa\u00e7on d&#8217;agir.<\/p><p>Remarque : tout oiseau qui <strong>ne s&#8217;envole pas<\/strong> lorsque vous vous en approchez est malade ou en danger.<\/p>\t\t\t\t\t\t\t\t<\/div>\n\t\t\t\t<\/div>\n\t\t\t\t<div class=\"elementor-element elementor-element-ba9de03 sc_fly_static elementor-widget elementor-widget-spacer\" data-id=\"ba9de03\" data-element_type=\"widget\" data-e-type=\"widget\" data-widget_type=\"spacer.default\">\n\t\t\t\t<div class=\"elementor-widget-container\">\n\t\t\t\t\t\t\t<div class=\"elementor-spacer\">\n\t\t\t<div class=\"elementor-spacer-inner\"><\/div>\n\t\t<\/div>\n\t\t\t\t\t\t<\/div>\n\t\t\t\t<\/div>\n\t\t\t\t<div class=\"elementor-element elementor-element-0c423eb sc_fly_static elementor-widget elementor-widget-text-editor\" data-id=\"0c423eb\" data-element_type=\"widget\" data-e-type=\"widget\" data-widget_type=\"text-editor.default\">\n\t\t\t\t<div class=\"elementor-widget-container\">\n\t\t\t\t\t\t\t\t\t<ul><li><strong>Sortez les pigeons de la rue<\/strong>. S&#8217;ils ne peuvent pas voler, ils ne resteront pas longtemps en vie. Une bo\u00eete en carton est parfaite, mais si vous n&#8217;en trouvez pas, une chemise ou un ch\u00e2le feront l&#8217;affaire.<\/li><li>Les oiseaux sont g\u00e9n\u00e9ralement plus calmes dans <strong>l&#8217;obscurit\u00e9<\/strong>, alors fermez la bo\u00eete mais percez quelques trous sur les c\u00f4t\u00e9s pour permettre \u00e0 l&#8217;air frais d&#8217;entrer.<\/li><li>Les pigeons se <strong>refroidissent<\/strong> tr\u00e8s vite, m\u00eame en \u00e9t\u00e9. Ils peuvent facilement tomber en \u00e9tat de choc hypothermique. Donnez-leur une <strong>bouillotte<\/strong> ou, si vous n&#8217;en avez pas, mettez de l&#8217;eau chaude dans une bouteille en plastique. Placez une serviette entre le pigeon et la source d&#8217;eau chaude.<\/li><li><strong>N&#8217;essayez jamais de leur donner de l&#8217;eau<\/strong> en la mettant dans leur <strong>bec<\/strong>. Cela pourrait les \u00e9touffer.<\/li><li>Mettez de <strong>l&#8217;eau<\/strong> dans un bol et, si vous en avez, donnez-leur<strong> du ma\u00efs ou des pois<\/strong>, mais ne les forcez pas \u00e0 les manger.<\/li><li>Contactez <strong>un centre de protection de la faune sauvage<\/strong>. En g\u00e9n\u00e9ral, la plupart des centres accueillent des pigeons ramiers et des tourterelles, mais pas des pigeons de ville. Recherchez des groupes Facebook sur les pigeons de ville si le centre de protection de la nature ne peut pas vous aider (comme c&#8217;est le cas \u00e0 Bruxelles).<\/li><\/ul>\t\t\t\t\t\t\t\t<\/div>\n\t\t\t\t<\/div>\n\t\t\t\t\t<\/div>\n\t\t<\/div>\n\t\t\t\t\t<\/div>\n\t\t<\/section>\n\t\t\t\t<section class=\"elementor-section elementor-top-section elementor-element elementor-element-9756d0a elementor-section-boxed elementor-section-height-default elementor-section-height-default\" data-id=\"9756d0a\" data-element_type=\"section\" data-e-type=\"section\">\n\t\t\t\t\t\t<div class=\"elementor-container elementor-column-gap-extended\">\n\t\t\t\t\t<div class=\"elementor-column elementor-col-100 elementor-top-column elementor-element elementor-element-35128d6 sc_inner_width_none sc_content_align_inherit sc_layouts_column_icons_position_left\" data-id=\"35128d6\" data-element_type=\"column\" data-e-type=\"column\">\n\t\t\t<div class=\"elementor-widget-wrap elementor-element-populated\">\n\t\t\t\t\t\t<div class=\"elementor-element elementor-element-886d3d0 sc_fly_static elementor-widget elementor-widget-spacer\" data-id=\"886d3d0\" data-element_type=\"widget\" data-e-type=\"widget\" data-widget_type=\"spacer.default\">\n\t\t\t\t<div class=\"elementor-widget-container\">\n\t\t\t\t\t\t\t<div class=\"elementor-spacer\">\n\t\t\t<div class=\"elementor-spacer-inner\"><\/div>\n\t\t<\/div>\n\t\t\t\t\t\t<\/div>\n\t\t\t\t<\/div>\n\t\t\t\t<div class=\"elementor-element elementor-element-ad130a2 elementor-widget-divider--view-line sc_fly_static elementor-widget elementor-widget-divider\" data-id=\"ad130a2\" data-element_type=\"widget\" data-e-type=\"widget\" data-widget_type=\"divider.default\">\n\t\t\t\t<div class=\"elementor-widget-container\">\n\t\t\t\t\t\t\t<div class=\"elementor-divider\">\n\t\t\t<span class=\"elementor-divider-separator\">\n\t\t\t\t\t\t<\/span>\n\t\t<\/div>\n\t\t\t\t\t\t<\/div>\n\t\t\t\t<\/div>\n\t\t\t\t<div class=\"elementor-element elementor-element-281d6e1 sc_fly_static elementor-widget elementor-widget-spacer\" data-id=\"281d6e1\" data-element_type=\"widget\" data-e-type=\"widget\" data-widget_type=\"spacer.default\">\n\t\t\t\t<div class=\"elementor-widget-container\">\n\t\t\t\t\t\t\t<div class=\"elementor-spacer\">\n\t\t\t<div class=\"elementor-spacer-inner\"><\/div>\n\t\t<\/div>\n\t\t\t\t\t\t<\/div>\n\t\t\t\t<\/div>\n\t\t\t\t<div class=\"elementor-element elementor-element-6590c9c sc_fly_static elementor-widget elementor-widget-text-editor\" data-id=\"6590c9c\" data-element_type=\"widget\" data-e-type=\"widget\" data-widget_type=\"text-editor.default\">\n\t\t\t\t<div class=\"elementor-widget-container\">\n\t\t\t\t\t\t\t\t\t<h5>NEDERLANDS<\/h5><p>Heb je een <strong>gewonde of ziek uitziende duif<\/strong> of andere vogel gezien of gevonden? Hier vindt u <strong>advies<\/strong> over wat u moet doen.<\/p><p>Let op: elke vogel die niet <strong>wegvliegt<\/strong> als je hem benadert, is ziek of in gevaar.<\/p>\t\t\t\t\t\t\t\t<\/div>\n\t\t\t\t<\/div>\n\t\t\t\t<div class=\"elementor-element elementor-element-b467bdf sc_fly_static elementor-widget elementor-widget-spacer\" data-id=\"b467bdf\" data-element_type=\"widget\" data-e-type=\"widget\" data-widget_type=\"spacer.default\">\n\t\t\t\t<div class=\"elementor-widget-container\">\n\t\t\t\t\t\t\t<div class=\"elementor-spacer\">\n\t\t\t<div class=\"elementor-spacer-inner\"><\/div>\n\t\t<\/div>\n\t\t\t\t\t\t<\/div>\n\t\t\t\t<\/div>\n\t\t\t\t<div class=\"elementor-element elementor-element-33ec81c sc_fly_static elementor-widget elementor-widget-text-editor\" data-id=\"33ec81c\" data-element_type=\"widget\" data-e-type=\"widget\" data-widget_type=\"text-editor.default\">\n\t\t\t\t<div class=\"elementor-widget-container\">\n\t\t\t\t\t\t\t\t\t<ul><li><strong>Haal de duif weg van de straat.<\/strong> Als ze niet kunnen vliegen, zullen ze niet lang in leven blijven. Een kartonnen doos is perfect, maar als je die niet kunt vinden, is een shirt of sjaal ook goed.<\/li><li>Vogels zijn over het algemeen rustiger in het <strong>donker<\/strong>, dus sluit de doos af maar maak wat gaten in de zijkanten om frisse lucht binnen te laten.<\/li><li>Duiven krijgen het erg snel <strong>koud<\/strong>, zelfs in de zomer. Ze kunnen gemakkelijk in een <strong>onderkoelde shock<\/strong> raken. Geef ze een <strong>warmwaterkruik<\/strong>, of als je die niet hebt, doe dan wat warm water in een plastic fles. Leg een handdoek tussen de duif en de waterbron.<\/li><li>Probeer ze <strong>nooit<\/strong> <strong>water<\/strong> te geven door het in hun <strong>bek<\/strong> te druppelen of spuiten. Daar kunnen ze in stikken.<\/li><li>Doe wat <strong>water<\/strong> in een schaaltje, en als je dat hebt, geef dan wat <strong>ma\u00efs of erwten<\/strong>, maar dwing ze niet om het op te eten.<\/li><li>Neem contact op met een <strong>dierenopvangcentrum<\/strong>. Over het algemeen vangen de meeste centra houtduiven en tortelduiven op, maar geen stadsduiven. Zoek naar Facebook-groepen over stadsduiven als het dierenopvangcentrum je niet kan helpen (zoals het geval is in Brussel.)<\/li><\/ul>\t\t\t\t\t\t\t\t<\/div>\n\t\t\t\t<\/div>\n\t\t\t\t\t<\/div>\n\t\t<\/div>\n\t\t\t\t\t<\/div>\n\t\t<\/section>\n\t\t\t\t<\/div>","protected":false},"excerpt":{"rendered":"<p>ENGLISH Did you see or find an injured or seemingly sick pigeon or other bird? Here are soms steps on how to act. Note: any bird that does not fly away when you&hellip;<\/p>","protected":false},"author":4,"featured_media":0,"parent":0,"menu_order":0,"comment_status":"closed","ping_status":"closed","template":"","meta":{"footnotes":""},"categories":[],"tags":[],"class_list":["post-88144","page","type-page","status-publish","hentry"],"yoast_head":"<!-- This site is optimized with the Yoast SEO plugin v27.3 - https:\/\/yoast.com\/product\/yoast-seo-wordpress\/ -->\n<title>found a wounded \/ sick pigeon? - Bite Back<\/title>\n<meta name=\"robots\" content=\"index, follow, max-snippet:-1, max-image-preview:large, max-video-preview:-1\" \/>\n<link rel=\"canonical\" href=\"https:\/\/biteback.be\/fr\/stadsduiven\/\" \/>\n<meta property=\"og:locale\" content=\"fr_FR\" \/>\n<meta property=\"og:type\" content=\"article\" \/>\n<meta property=\"og:title\" content=\"found a wounded \/ sick pigeon? - Bite Back\" \/>\n<meta property=\"og:description\" content=\"ENGLISH Did you see or find an injured or seemingly sick pigeon or other bird? Here are soms steps on how to act. Note: any bird that does not fly away when you&hellip;\" \/>\n<meta property=\"og:url\" content=\"https:\/\/biteback.be\/fr\/stadsduiven\/\" \/>\n<meta property=\"og:site_name\" content=\"Bite Back\" \/>\n<meta property=\"article:modified_time\" content=\"2025-07-19T08:03:06+00:00\" \/>\n<meta name=\"twitter:card\" content=\"summary_large_image\" \/>\n<meta name=\"twitter:label1\" content=\"Dur\u00e9e de lecture est.\" \/>\n\t<meta name=\"twitter:data1\" content=\"4 minutes\" \/>\n<script type=\"application\/ld+json\" class=\"yoast-schema-graph\">{\"@context\":\"https:\\\/\\\/schema.org\",\"@graph\":[{\"@type\":\"WebPage\",\"@id\":\"https:\\\/\\\/biteback.be\\\/stadsduiven\\\/\",\"url\":\"https:\\\/\\\/biteback.be\\\/stadsduiven\\\/\",\"name\":\"found a wounded \\\/ sick pigeon? - Bite Back\",\"isPartOf\":{\"@id\":\"https:\\\/\\\/biteback.be\\\/#website\"},\"datePublished\":\"2025-07-19T07:38:53+00:00\",\"dateModified\":\"2025-07-19T08:03:06+00:00\",\"breadcrumb\":{\"@id\":\"https:\\\/\\\/biteback.be\\\/stadsduiven\\\/#breadcrumb\"},\"inLanguage\":\"fr-BE\",\"potentialAction\":[{\"@type\":\"ReadAction\",\"target\":[\"https:\\\/\\\/biteback.be\\\/stadsduiven\\\/\"]}]},{\"@type\":\"BreadcrumbList\",\"@id\":\"https:\\\/\\\/biteback.be\\\/stadsduiven\\\/#breadcrumb\",\"itemListElement\":[{\"@type\":\"ListItem\",\"position\":1,\"name\":\"Home\",\"item\":\"https:\\\/\\\/biteback.be\\\/\"},{\"@type\":\"ListItem\",\"position\":2,\"name\":\"found a wounded \\\/ sick pigeon?\"}]},{\"@type\":\"WebSite\",\"@id\":\"https:\\\/\\\/biteback.be\\\/#website\",\"url\":\"https:\\\/\\\/biteback.be\\\/\",\"name\":\"Bite Back\",\"description\":\"Bite Back - Dierenrechtenorganisatie\",\"publisher\":{\"@id\":\"https:\\\/\\\/biteback.be\\\/#organization\"},\"potentialAction\":[{\"@type\":\"SearchAction\",\"target\":{\"@type\":\"EntryPoint\",\"urlTemplate\":\"https:\\\/\\\/biteback.be\\\/?s={search_term_string}\"},\"query-input\":{\"@type\":\"PropertyValueSpecification\",\"valueRequired\":true,\"valueName\":\"search_term_string\"}}],\"inLanguage\":\"fr-BE\"},{\"@type\":\"Organization\",\"@id\":\"https:\\\/\\\/biteback.be\\\/#organization\",\"name\":\"Bite Back\",\"url\":\"https:\\\/\\\/biteback.be\\\/\",\"logo\":{\"@type\":\"ImageObject\",\"inLanguage\":\"fr-BE\",\"@id\":\"https:\\\/\\\/biteback.be\\\/#\\\/schema\\\/logo\\\/image\\\/\",\"url\":\"https:\\\/\\\/i0.wp.com\\\/biteback.be\\\/wp-content\\\/uploads\\\/2023\\\/09\\\/bite-back-logo-1.jpg?fit=212%2C80&ssl=1\",\"contentUrl\":\"https:\\\/\\\/i0.wp.com\\\/biteback.be\\\/wp-content\\\/uploads\\\/2023\\\/09\\\/bite-back-logo-1.jpg?fit=212%2C80&ssl=1\",\"width\":212,\"height\":80,\"caption\":\"Bite Back\"},\"image\":{\"@id\":\"https:\\\/\\\/biteback.be\\\/#\\\/schema\\\/logo\\\/image\\\/\"}}]}<\/script>\n<!-- \/ Yoast SEO plugin. -->","yoast_head_json":{"title":"found a wounded \/ sick pigeon? - Bite Back","robots":{"index":"index","follow":"follow","max-snippet":"max-snippet:-1","max-image-preview":"max-image-preview:large","max-video-preview":"max-video-preview:-1"},"canonical":"https:\/\/biteback.be\/fr\/stadsduiven\/","og_locale":"fr_FR","og_type":"article","og_title":"found a wounded \/ sick pigeon? - Bite Back","og_description":"ENGLISH Did you see or find an injured or seemingly sick pigeon or other bird? Here are soms steps on how to act. Note: any bird that does not fly away when you&hellip;","og_url":"https:\/\/biteback.be\/fr\/stadsduiven\/","og_site_name":"Bite Back","article_modified_time":"2025-07-19T08:03:06+00:00","twitter_card":"summary_large_image","twitter_misc":{"Dur\u00e9e de lecture est.":"4 minutes"},"schema":{"@context":"https:\/\/schema.org","@graph":[{"@type":"WebPage","@id":"https:\/\/biteback.be\/stadsduiven\/","url":"https:\/\/biteback.be\/stadsduiven\/","name":"found a wounded \/ sick pigeon? - Bite Back","isPartOf":{"@id":"https:\/\/biteback.be\/#website"},"datePublished":"2025-07-19T07:38:53+00:00","dateModified":"2025-07-19T08:03:06+00:00","breadcrumb":{"@id":"https:\/\/biteback.be\/stadsduiven\/#breadcrumb"},"inLanguage":"fr-BE","potentialAction":[{"@type":"ReadAction","target":["https:\/\/biteback.be\/stadsduiven\/"]}]},{"@type":"BreadcrumbList","@id":"https:\/\/biteback.be\/stadsduiven\/#breadcrumb","itemListElement":[{"@type":"ListItem","position":1,"name":"Home","item":"https:\/\/biteback.be\/"},{"@type":"ListItem","position":2,"name":"found a wounded \/ sick pigeon?"}]},{"@type":"WebSite","@id":"https:\/\/biteback.be\/#website","url":"https:\/\/biteback.be\/","name":"Bite Back","description":"Bite Back - Dierenrechtenorganisatie","publisher":{"@id":"https:\/\/biteback.be\/#organization"},"potentialAction":[{"@type":"SearchAction","target":{"@type":"EntryPoint","urlTemplate":"https:\/\/biteback.be\/?s={search_term_string}"},"query-input":{"@type":"PropertyValueSpecification","valueRequired":true,"valueName":"search_term_string"}}],"inLanguage":"fr-BE"},{"@type":"Organization","@id":"https:\/\/biteback.be\/#organization","name":"Bite Back","url":"https:\/\/biteback.be\/","logo":{"@type":"ImageObject","inLanguage":"fr-BE","@id":"https:\/\/biteback.be\/#\/schema\/logo\/image\/","url":"https:\/\/i0.wp.com\/biteback.be\/wp-content\/uploads\/2023\/09\/bite-back-logo-1.jpg?fit=212%2C80&ssl=1","contentUrl":"https:\/\/i0.wp.com\/biteback.be\/wp-content\/uploads\/2023\/09\/bite-back-logo-1.jpg?fit=212%2C80&ssl=1","width":212,"height":80,"caption":"Bite Back"},"image":{"@id":"https:\/\/biteback.be\/#\/schema\/logo\/image\/"}}]}},"jetpack_sharing_enabled":true,"jetpack-related-posts":[],"jetpack_shortlink":"https:\/\/wp.me\/Pf4e0W-mVG","_links":{"self":[{"href":"https:\/\/biteback.be\/fr\/wp-json\/wp\/v2\/pages\/88144","targetHints":{"allow":["GET"]}}],"collection":[{"href":"https:\/\/biteback.be\/fr\/wp-json\/wp\/v2\/pages"}],"about":[{"href":"https:\/\/biteback.be\/fr\/wp-json\/wp\/v2\/types\/page"}],"author":[{"embeddable":true,"href":"https:\/\/biteback.be\/fr\/wp-json\/wp\/v2\/users\/4"}],"replies":[{"embeddable":true,"href":"https:\/\/biteback.be\/fr\/wp-json\/wp\/v2\/comments?post=88144"}],"version-history":[{"count":8,"href":"https:\/\/biteback.be\/fr\/wp-json\/wp\/v2\/pages\/88144\/revisions"}],"predecessor-version":[{"id":88181,"href":"https:\/\/biteback.be\/fr\/wp-json\/wp\/v2\/pages\/88144\/revisions\/88181"}],"wp:attachment":[{"href":"https:\/\/biteback.be\/fr\/wp-json\/wp\/v2\/media?parent=88144"}],"wp:term":[{"taxonomy":"category","embeddable":true,"href":"https:\/\/biteback.be\/fr\/wp-json\/wp\/v2\/categories?post=88144"},{"taxonomy":"post_tag","embeddable":true,"href":"https:\/\/biteback.be\/fr\/wp-json\/wp\/v2\/tags?post=88144"}],"curies":[{"name":"wp","href":"https:\/\/api.w.org\/{rel}","templated":true}]}}