{"id":81968,"date":"2024-07-16T18:37:26","date_gmt":"2024-07-16T17:37:26","guid":{"rendered":"https:\/\/biteback.be\/?page_id=81968"},"modified":"2024-07-16T18:37:28","modified_gmt":"2024-07-16T17:37:28","slug":"legaten-faq","status":"publish","type":"page","link":"https:\/\/biteback.be\/fr\/legaten-faq\/","title":{"rendered":"Legaten | FAQ"},"content":{"rendered":"<div data-elementor-type=\"wp-page\" data-elementor-id=\"81968\" class=\"elementor elementor-81968\">\n\t\t\t\t\t\t<section class=\"elementor-section elementor-top-section elementor-element elementor-element-678eae3 elementor-section-boxed elementor-section-height-default elementor-section-height-default\" data-id=\"678eae3\" data-element_type=\"section\" data-e-type=\"section\">\n\t\t\t\t\t\t<div class=\"elementor-container elementor-column-gap-extended\">\n\t\t\t\t\t<div class=\"elementor-column elementor-col-100 elementor-top-column elementor-element elementor-element-ea5e9a0 sc_inner_width_none sc_content_align_inherit sc_layouts_column_icons_position_left\" data-id=\"ea5e9a0\" data-element_type=\"column\" data-e-type=\"column\">\n\t\t\t<div class=\"elementor-widget-wrap elementor-element-populated\">\n\t\t\t\t\t\t<div class=\"elementor-element elementor-element-8d503ca sc_fly_static elementor-widget elementor-widget-spacer\" data-id=\"8d503ca\" data-element_type=\"widget\" data-e-type=\"widget\" data-widget_type=\"spacer.default\">\n\t\t\t\t<div class=\"elementor-widget-container\">\n\t\t\t\t\t\t\t<div class=\"elementor-spacer\">\n\t\t\t<div class=\"elementor-spacer-inner\"><\/div>\n\t\t<\/div>\n\t\t\t\t\t\t<\/div>\n\t\t\t\t<\/div>\n\t\t\t\t<div class=\"elementor-element elementor-element-201e580 sc_fly_static elementor-widget elementor-widget-text-editor\" data-id=\"201e580\" data-element_type=\"widget\" data-e-type=\"widget\" data-widget_type=\"text-editor.default\">\n\t\t\t\t<div class=\"elementor-widget-container\">\n\t\t\t\t\t\t\t\t\t<h4><strong>De dieren in jouw testament: veelgestelde vragen<\/strong><\/h4><p><span style=\"font-weight: 400;\">Je kan een deel van je nalatenschap aan de dieren geven door Bite Back op te nemen in je testament. Hieronder vind je antwoorden op vragen waar je tijdens het opmaken van dat testament op zou kunnen botsen.<\/span><\/p>\t\t\t\t\t\t\t\t<\/div>\n\t\t\t\t<\/div>\n\t\t\t\t<div class=\"elementor-element elementor-element-54ac811 sc_fly_static elementor-widget elementor-widget-spacer\" data-id=\"54ac811\" data-element_type=\"widget\" data-e-type=\"widget\" data-widget_type=\"spacer.default\">\n\t\t\t\t<div class=\"elementor-widget-container\">\n\t\t\t\t\t\t\t<div class=\"elementor-spacer\">\n\t\t\t<div class=\"elementor-spacer-inner\"><\/div>\n\t\t<\/div>\n\t\t\t\t\t\t<\/div>\n\t\t\t\t<\/div>\n\t\t\t\t<div class=\"elementor-element elementor-element-35a18a8 elementor-widget-divider--view-line sc_fly_static elementor-widget elementor-widget-divider\" data-id=\"35a18a8\" data-element_type=\"widget\" data-e-type=\"widget\" data-widget_type=\"divider.default\">\n\t\t\t\t<div class=\"elementor-widget-container\">\n\t\t\t\t\t\t\t<div class=\"elementor-divider\">\n\t\t\t<span class=\"elementor-divider-separator\">\n\t\t\t\t\t\t<\/span>\n\t\t<\/div>\n\t\t\t\t\t\t<\/div>\n\t\t\t\t<\/div>\n\t\t\t\t\t<\/div>\n\t\t<\/div>\n\t\t\t\t\t<\/div>\n\t\t<\/section>\n\t\t\t\t<section class=\"elementor-section elementor-top-section elementor-element elementor-element-1b64584 elementor-section-boxed elementor-section-height-default elementor-section-height-default\" data-id=\"1b64584\" data-element_type=\"section\" data-e-type=\"section\">\n\t\t\t\t\t\t<div class=\"elementor-container elementor-column-gap-extended\">\n\t\t\t\t\t<div class=\"elementor-column elementor-col-100 elementor-top-column elementor-element elementor-element-4569ade sc_inner_width_none sc_content_align_inherit sc_layouts_column_icons_position_left\" data-id=\"4569ade\" data-element_type=\"column\" data-e-type=\"column\">\n\t\t\t<div class=\"elementor-widget-wrap elementor-element-populated\">\n\t\t\t\t\t\t<div class=\"elementor-element elementor-element-3405622 sc_fly_static elementor-widget elementor-widget-spacer\" data-id=\"3405622\" data-element_type=\"widget\" data-e-type=\"widget\" data-widget_type=\"spacer.default\">\n\t\t\t\t<div class=\"elementor-widget-container\">\n\t\t\t\t\t\t\t<div class=\"elementor-spacer\">\n\t\t\t<div class=\"elementor-spacer-inner\"><\/div>\n\t\t<\/div>\n\t\t\t\t\t\t<\/div>\n\t\t\t\t<\/div>\n\t\t\t\t<div class=\"elementor-element elementor-element-f61a6d5 sc_fly_static elementor-widget elementor-widget-text-editor\" data-id=\"f61a6d5\" data-element_type=\"widget\" data-e-type=\"widget\" data-widget_type=\"text-editor.default\">\n\t\t\t\t<div class=\"elementor-widget-container\">\n\t\t\t\t\t\t\t\t\t<h5><strong>Schenking<\/strong><\/h5><p><span style=\"font-weight: 400;\">Steeds meer mensen kiezen ervoor om <strong>tijdens<\/strong> hun leven een verschil te maken voor de dieren. Op schenkingen aan verenigingen zonder winstoogmerk zoals de onze, betaal je 0% aan belastingen. Hetzelfde geldt voor erfenissen.\u00a0<\/span><\/p><h5><strong>Nalatenschap of erfenis<\/strong><\/h5><p><span style=\"font-weight: 400;\">Ook na je dood kun je bijdragen aan een betere wereld voor de dieren. In plaats van over een schenking, hebben we het in dat geval over een <strong>erfenis<\/strong>. Jouw erfenis kan ervoor zorgen dat dieren gered worden uit gruwelijke omstandigheden en dat er blijvend werk gemaakt wordt van een diervriendelijke wereld. Het is mogelijk om in je nalatenschap te regelen dat jouw erfenis geheel of gedeeltelijk naar Bite Back vzw gaat. Een persoon die na haar dood aan een goed doel wil schenken doet dit via een <strong>testament<\/strong>.<\/span><\/p><h5><strong>Wat is een testament?<\/strong><\/h5><p><span style=\"font-weight: 400;\">Een testament is een <strong>persoonlijke akte<\/strong> waarin de persoon in kwestie vastlegt (of laat vastleggen) wat er dient te gebeuren met het geheel of een deel van de persoonlijke bezittingen, voor het moment dat die niet meer in leven is.\u00a0<\/span><\/p><p><span style=\"font-weight: 400;\">Het testament kan voorzien in een algemeen legaat, legaat onder algemene titel of een bijzonder legaat. Een <\/span><i><span style=\"font-weight: 400;\">algemeen legaat<\/span><\/i><span style=\"font-weight: 400;\"> houdt in dat de volledige nalatenschap wordt geschonken. Een <\/span><i><span style=\"font-weight: 400;\">legaat onder algemene titel<\/span><\/i><span style=\"font-weight: 400;\"> houdt in dat een belangrijk deel van de nalatenschap (bv. een breukdeel of alle onroerende goederen) worden geschonken. Een <\/span><i><span style=\"font-weight: 400;\">bijzonder legaat<\/span><\/i><span style=\"font-weight: 400;\"> betekent dat er een specifiek goed wordt geschonken (bv. een schilderij, een bepaald onroerend goed, een specifieke geldsom, \u2026).<\/span><\/p><h5><strong>Hoe moet een testament worden opgemaakt?<\/strong><\/h5><p><span style=\"font-weight: 400;\">Om op geldige wijze een testament te kunnen opmaken moet de persoon in kwestie <strong>bekwaam<\/strong> zijn, dat wil zeggen dat die ouder is dan 16 jaar en (nog) niet wilsonbekwaam is.\u00a0<\/span><\/p><p><span style=\"font-weight: 400;\">Een testament kan eigenhandig, bij notari\u00eble akte of in de vorm van een internationaal testament worden opgemaakt.\u00a0<\/span><\/p><p><span style=\"font-weight: 400;\">Un <strong>eigenhandig testament<\/strong> moet met de hand (van de persoon in kwestie) geschreven worden, met de datum van opmaak en een ondertekening. Als die drie voorwaarden zijn nageleefd, is dit testament geldig. Een eigenhandig testament dat door het gebruik van een computer is geschreven is dus niet geldig. Dit testament hoeft niet aan de notaris bezorgd te worden, maar men kan dat wel doen met het oog op de bewaring ervan.\u00a0<\/span><\/p><p><span style=\"font-weight: 400;\">Een testament kan worden ingeschreven in het <\/span><a href=\"https:\/\/www.notaris.be\/successieplanning\/de-overdracht-van-mijn-vermogen-plannen\/een-testament-opstellen\/het-centraal-register-voor-testamenten-crt\"><span style=\"font-weight: 400;\">Centraal Register van Testamenten<\/span><\/a><span style=\"font-weight: 400;\">. Op die manier kan een testament steeds opgespoord worden.\u00a0<\/span><\/p><h5><strong>Hoe moet een eigenhandig testament worden uitgevoerd?<\/strong><\/h5><p><span style=\"font-weight: 400;\">Wanneer de persoon in kwestie is overleden en een eigenhandig testament heeft opgemaakt, dan wordt het testament aangeboden aan een <strong>notaris<\/strong> vooraleer het ten uitvoer kan worden gelegd.\u00a0<\/span><\/p><h5><strong>Wat moet ik zeker vermelden in het testament?\u00a0<\/strong><\/h5><p><span style=\"font-weight: 400;\">Het is van belang dat het <strong>goed doel<\/strong> waaraan men wil nalaten <strong>duidelijk beschreven wordt<\/strong> in het testament. Dat wil zeggen dat onder meer de correcte benaming, rechtsvorm, adresgegevens en KBO-nummer vermeld worden. <\/span><\/p><p><span style=\"font-weight: 400;\">Voor <strong>Bite Back<\/strong> dienen de volgende gegevens worden bijgevoegd:<\/span><\/p><p><span style=\"font-weight: 400;\">BITE BACK vzw\u00a0<br \/><\/span><span style=\"font-weight: 400;\">Bredestraat 134\u00a0<br \/><\/span><span style=\"font-weight: 400;\">3293 Kaggevinne, Belgi\u00eb\u00a0<br \/><\/span><span style=\"font-weight: 400;\">ON-nummer: BE0862.189.250\u00a0<br \/><\/span><span style=\"font-weight: 400;\">Rekeningnummer: BE15 0014 0806 4730.\u00a0<\/span><\/p><p><span style=\"font-weight: 400;\">Daarnaast is het ook van belang duidelijk te omschrijven <strong>wat<\/strong> je wenst na te laten. Het is dus nuttig om bv. het concrete schilderij dat je wenst na te laten zeer duidelijk te omschrijven. Verder kun je ook met <strong>breukdelen of percentages<\/strong> werken omdat het eventueel evolueren van je vermogen in dat geval geen impact heeft op je doelstellingen.<\/span><\/p><h5><strong>Aan welk belastingtarief is de erfenis voor een goed doel onderworpen?<\/strong><\/h5><h6><i><span style=\"font-weight: 400;\">Vlaanderen<\/span><\/i><\/h6><p><span style=\"font-weight: 400;\">Een goed doel moet geen erfbelasting betalen op de sommen die zij via een testament ontvangt voor een overlijden na 1 juli 2021.<\/span><\/p><h6><i><span style=\"font-weight: 400;\">Walloni\u00eb en Brussel<\/span><\/i><\/h6><p><span style=\"font-weight: 400;\">Voor Walloni\u00eb en Brussel gelden de <strong>duolegaten<\/strong> nog. Met een duolegaat laat je een deel van je vermogen na aan Bite Back vzw en een ander deel aan je erfgenamen. Als vzw nemen we alle <strong>successierechten<\/strong> op ons en krijgen je erfgenamen hun deel van de erfenis zonder successierechten te moeten betalen. Wat moet je doen om een duolegaat mogelijk te maken? Een testament laten opstellen met een legaat ten voordele van een vzw zoals Bite Back en een legaat ten voordele van \u00e9\u00e9n of meerdere personen.<\/span><\/p><p><span style=\"font-weight: 400;\">Voor Walloni\u00eb betalen we 7% successierechten, voor Brussel is dat 25%.\u00a0<\/span><\/p><h5><strong>Mag de erflater het volledig vermogen aan het goed doel schenken?\u00a0<\/strong><\/h5><p><span style=\"font-weight: 400;\">Wie kinderen, kleinkinderen of een huwelijkspartner nalaat, kan <strong>geen volledig vermogen<\/strong> aan een goed doel wegschenken. Een deel van het nalatenschap wordt dan beschouwd als een wettelijke reserve. Indien de overledene (klein)kinderen heeft, komt die wettelijke reserve overeen met de helft van de nalatenschap. De erflater kan dan vrij beschikken over de <strong>helft<\/strong> van het nalatenschap en kan dus voorzien dat dat deel naar een goed doel gaat.\u00a0<\/span><\/p><p><span style=\"font-weight: 400;\">Een persoon die geen enkele afstammeling en geen nog levende huwelijkspartner heeft, kan over het volledige nalatenschap vrij beschikken en kan dit dus aan een goed doel nalaten.<\/span><\/p>\t\t\t\t\t\t\t\t<\/div>\n\t\t\t\t<\/div>\n\t\t\t\t<div class=\"elementor-element elementor-element-cfb16cf sc_fly_static elementor-widget elementor-widget-spacer\" data-id=\"cfb16cf\" data-element_type=\"widget\" data-e-type=\"widget\" data-widget_type=\"spacer.default\">\n\t\t\t\t<div class=\"elementor-widget-container\">\n\t\t\t\t\t\t\t<div class=\"elementor-spacer\">\n\t\t\t<div class=\"elementor-spacer-inner\"><\/div>\n\t\t<\/div>\n\t\t\t\t\t\t<\/div>\n\t\t\t\t<\/div>\n\t\t\t\t<div class=\"elementor-element elementor-element-abb5862 elementor-widget-divider--view-line sc_fly_static elementor-widget elementor-widget-divider\" data-id=\"abb5862\" data-element_type=\"widget\" data-e-type=\"widget\" data-widget_type=\"divider.default\">\n\t\t\t\t<div class=\"elementor-widget-container\">\n\t\t\t\t\t\t\t<div class=\"elementor-divider\">\n\t\t\t<span class=\"elementor-divider-separator\">\n\t\t\t\t\t\t<\/span>\n\t\t<\/div>\n\t\t\t\t\t\t<\/div>\n\t\t\t\t<\/div>\n\t\t\t\t<div class=\"elementor-element elementor-element-5275884 sc_fly_static elementor-widget elementor-widget-spacer\" data-id=\"5275884\" data-element_type=\"widget\" data-e-type=\"widget\" data-widget_type=\"spacer.default\">\n\t\t\t\t<div class=\"elementor-widget-container\">\n\t\t\t\t\t\t\t<div class=\"elementor-spacer\">\n\t\t\t<div class=\"elementor-spacer-inner\"><\/div>\n\t\t<\/div>\n\t\t\t\t\t\t<\/div>\n\t\t\t\t<\/div>\n\t\t\t\t\t<\/div>\n\t\t<\/div>\n\t\t\t\t\t<\/div>\n\t\t<\/section>\n\t\t\t\t<section class=\"elementor-section elementor-top-section elementor-element elementor-element-e679bb2 elementor-section-boxed elementor-section-height-default elementor-section-height-default\" data-id=\"e679bb2\" data-element_type=\"section\" data-e-type=\"section\" data-settings=\"{&quot;background_background&quot;:&quot;classic&quot;}\">\n\t\t\t\t\t\t<div class=\"elementor-container elementor-column-gap-extended\">\n\t\t\t\t\t<div class=\"elementor-column elementor-col-100 elementor-top-column elementor-element elementor-element-16c5851 sc_inner_width_none sc_content_align_inherit sc_layouts_column_icons_position_left\" data-id=\"16c5851\" data-element_type=\"column\" data-e-type=\"column\">\n\t\t\t<div class=\"elementor-widget-wrap elementor-element-populated\">\n\t\t\t\t\t\t<div class=\"elementor-element elementor-element-5107a42 sc_fly_static elementor-widget elementor-widget-heading\" data-id=\"5107a42\" data-element_type=\"widget\" data-e-type=\"widget\" data-widget_type=\"heading.default\">\n\t\t\t\t<div class=\"elementor-widget-container\">\n\t\t\t\t\t<h4 class=\"elementor-heading-title elementor-size-default\">Jouw persoonlijke wens<\/h4>\t\t\t\t<\/div>\n\t\t\t\t<\/div>\n\t\t\t\t<div class=\"elementor-element elementor-element-7fff031 sc_fly_static elementor-widget elementor-widget-text-editor\" data-id=\"7fff031\" data-element_type=\"widget\" data-e-type=\"widget\" data-widget_type=\"text-editor.default\">\n\t\t\t\t<div class=\"elementor-widget-container\">\n\t\t\t\t\t\t\t\t\t<p><span style=\"font-weight: 400;\">Votre h\u00e9ritage est li\u00e9 \u00e0 vos souhaits. Il est important pour nous de vous <strong>informer correctement.<\/strong> Nous vous invitons donc \u00e0 passer<strong> un entretien (en ligne). <\/strong><\/span><\/p><p><span style=\"font-weight: 400;\">Vous pouvez toujours nous contacter \u00e0 <a href=\"mailto:info@biteback.org\"><strong>info@biteback.org<\/strong><\/a> ou <strong>+32487 10 12 01.<\/strong> Nous nous r\u00e9jouissons de vous rencontrer.<\/span><\/p>\t\t\t\t\t\t\t\t<\/div>\n\t\t\t\t<\/div>\n\t\t\t\t\t<\/div>\n\t\t<\/div>\n\t\t\t\t\t<\/div>\n\t\t<\/section>\n\t\t\t\t<\/div>","protected":false},"excerpt":{"rendered":"<p>De dieren in jouw testament: veelgestelde vragen Je kan een deel van je nalatenschap aan de dieren geven door Bite Back op te nemen in je testament. Hieronder vind je antwoorden op vragen&hellip;<\/p>","protected":false},"author":4,"featured_media":81090,"parent":0,"menu_order":0,"comment_status":"closed","ping_status":"closed","template":"","meta":{"footnotes":""},"categories":[],"tags":[],"class_list":["post-81968","page","type-page","status-publish","has-post-thumbnail","hentry"],"yoast_head":"<!-- This site is optimized with the Yoast SEO plugin v27.3 - https:\/\/yoast.com\/product\/yoast-seo-wordpress\/ -->\n<title>Legaten | FAQ - Bite Back<\/title>\n<meta name=\"robots\" content=\"index, follow, max-snippet:-1, max-image-preview:large, max-video-preview:-1\" \/>\n<link rel=\"canonical\" href=\"https:\/\/biteback.be\/fr\/legaten-faq\/\" \/>\n<meta property=\"og:locale\" content=\"fr_FR\" \/>\n<meta property=\"og:type\" content=\"article\" \/>\n<meta property=\"og:title\" content=\"Legaten | FAQ - Bite Back\" \/>\n<meta property=\"og:description\" content=\"De dieren in jouw testament: veelgestelde vragen Je kan een deel van je nalatenschap aan de dieren geven door Bite Back op te nemen in je testament. Hieronder vind je antwoorden op vragen&hellip;\" \/>\n<meta property=\"og:url\" content=\"https:\/\/biteback.be\/fr\/legaten-faq\/\" \/>\n<meta property=\"og:site_name\" content=\"Bite Back\" \/>\n<meta property=\"article:modified_time\" content=\"2024-07-16T17:37:28+00:00\" \/>\n<meta property=\"og:image\" content=\"https:\/\/biteback.be\/wp-content\/uploads\/2024\/05\/Legaten_Post_Website-1024x1024.png\" \/>\n\t<meta property=\"og:image:width\" content=\"1024\" \/>\n\t<meta property=\"og:image:height\" content=\"1024\" \/>\n\t<meta property=\"og:image:type\" content=\"image\/png\" \/>\n<meta name=\"twitter:card\" content=\"summary_large_image\" \/>\n<meta name=\"twitter:label1\" content=\"Dur\u00e9e de lecture est.\" \/>\n\t<meta name=\"twitter:data1\" content=\"5 minutes\" \/>\n<script type=\"application\/ld+json\" class=\"yoast-schema-graph\">{\"@context\":\"https:\\\/\\\/schema.org\",\"@graph\":[{\"@type\":\"WebPage\",\"@id\":\"https:\\\/\\\/biteback.be\\\/legaten-faq\\\/\",\"url\":\"https:\\\/\\\/biteback.be\\\/legaten-faq\\\/\",\"name\":\"Legaten | FAQ - Bite Back\",\"isPartOf\":{\"@id\":\"https:\\\/\\\/biteback.be\\\/#website\"},\"primaryImageOfPage\":{\"@id\":\"https:\\\/\\\/biteback.be\\\/legaten-faq\\\/#primaryimage\"},\"image\":{\"@id\":\"https:\\\/\\\/biteback.be\\\/legaten-faq\\\/#primaryimage\"},\"thumbnailUrl\":\"https:\\\/\\\/i0.wp.com\\\/biteback.be\\\/wp-content\\\/uploads\\\/2024\\\/05\\\/Legaten_Post_Website.png?fit=1080%2C1080&ssl=1\",\"datePublished\":\"2024-07-16T17:37:26+00:00\",\"dateModified\":\"2024-07-16T17:37:28+00:00\",\"breadcrumb\":{\"@id\":\"https:\\\/\\\/biteback.be\\\/legaten-faq\\\/#breadcrumb\"},\"inLanguage\":\"fr-BE\",\"potentialAction\":[{\"@type\":\"ReadAction\",\"target\":[\"https:\\\/\\\/biteback.be\\\/legaten-faq\\\/\"]}]},{\"@type\":\"ImageObject\",\"inLanguage\":\"fr-BE\",\"@id\":\"https:\\\/\\\/biteback.be\\\/legaten-faq\\\/#primaryimage\",\"url\":\"https:\\\/\\\/i0.wp.com\\\/biteback.be\\\/wp-content\\\/uploads\\\/2024\\\/05\\\/Legaten_Post_Website.png?fit=1080%2C1080&ssl=1\",\"contentUrl\":\"https:\\\/\\\/i0.wp.com\\\/biteback.be\\\/wp-content\\\/uploads\\\/2024\\\/05\\\/Legaten_Post_Website.png?fit=1080%2C1080&ssl=1\",\"width\":1080,\"height\":1080},{\"@type\":\"BreadcrumbList\",\"@id\":\"https:\\\/\\\/biteback.be\\\/legaten-faq\\\/#breadcrumb\",\"itemListElement\":[{\"@type\":\"ListItem\",\"position\":1,\"name\":\"Home\",\"item\":\"https:\\\/\\\/biteback.be\\\/\"},{\"@type\":\"ListItem\",\"position\":2,\"name\":\"Legaten | FAQ\"}]},{\"@type\":\"WebSite\",\"@id\":\"https:\\\/\\\/biteback.be\\\/#website\",\"url\":\"https:\\\/\\\/biteback.be\\\/\",\"name\":\"Bite Back\",\"description\":\"Bite Back - Dierenrechtenorganisatie\",\"publisher\":{\"@id\":\"https:\\\/\\\/biteback.be\\\/#organization\"},\"potentialAction\":[{\"@type\":\"SearchAction\",\"target\":{\"@type\":\"EntryPoint\",\"urlTemplate\":\"https:\\\/\\\/biteback.be\\\/?s={search_term_string}\"},\"query-input\":{\"@type\":\"PropertyValueSpecification\",\"valueRequired\":true,\"valueName\":\"search_term_string\"}}],\"inLanguage\":\"fr-BE\"},{\"@type\":\"Organization\",\"@id\":\"https:\\\/\\\/biteback.be\\\/#organization\",\"name\":\"Bite Back\",\"url\":\"https:\\\/\\\/biteback.be\\\/\",\"logo\":{\"@type\":\"ImageObject\",\"inLanguage\":\"fr-BE\",\"@id\":\"https:\\\/\\\/biteback.be\\\/#\\\/schema\\\/logo\\\/image\\\/\",\"url\":\"https:\\\/\\\/i0.wp.com\\\/biteback.be\\\/wp-content\\\/uploads\\\/2023\\\/09\\\/bite-back-logo-1.jpg?fit=212%2C80&ssl=1\",\"contentUrl\":\"https:\\\/\\\/i0.wp.com\\\/biteback.be\\\/wp-content\\\/uploads\\\/2023\\\/09\\\/bite-back-logo-1.jpg?fit=212%2C80&ssl=1\",\"width\":212,\"height\":80,\"caption\":\"Bite Back\"},\"image\":{\"@id\":\"https:\\\/\\\/biteback.be\\\/#\\\/schema\\\/logo\\\/image\\\/\"}}]}<\/script>\n<!-- \/ Yoast SEO plugin. -->","yoast_head_json":{"title":"Legaten | FAQ - Bite Back","robots":{"index":"index","follow":"follow","max-snippet":"max-snippet:-1","max-image-preview":"max-image-preview:large","max-video-preview":"max-video-preview:-1"},"canonical":"https:\/\/biteback.be\/fr\/legaten-faq\/","og_locale":"fr_FR","og_type":"article","og_title":"Legaten | FAQ - Bite Back","og_description":"De dieren in jouw testament: veelgestelde vragen Je kan een deel van je nalatenschap aan de dieren geven door Bite Back op te nemen in je testament. Hieronder vind je antwoorden op vragen&hellip;","og_url":"https:\/\/biteback.be\/fr\/legaten-faq\/","og_site_name":"Bite Back","article_modified_time":"2024-07-16T17:37:28+00:00","og_image":[{"width":1024,"height":1024,"url":"https:\/\/biteback.be\/wp-content\/uploads\/2024\/05\/Legaten_Post_Website-1024x1024.png","type":"image\/png"}],"twitter_card":"summary_large_image","twitter_misc":{"Dur\u00e9e de lecture est.":"5 minutes"},"schema":{"@context":"https:\/\/schema.org","@graph":[{"@type":"WebPage","@id":"https:\/\/biteback.be\/legaten-faq\/","url":"https:\/\/biteback.be\/legaten-faq\/","name":"Legaten | FAQ - Bite Back","isPartOf":{"@id":"https:\/\/biteback.be\/#website"},"primaryImageOfPage":{"@id":"https:\/\/biteback.be\/legaten-faq\/#primaryimage"},"image":{"@id":"https:\/\/biteback.be\/legaten-faq\/#primaryimage"},"thumbnailUrl":"https:\/\/i0.wp.com\/biteback.be\/wp-content\/uploads\/2024\/05\/Legaten_Post_Website.png?fit=1080%2C1080&ssl=1","datePublished":"2024-07-16T17:37:26+00:00","dateModified":"2024-07-16T17:37:28+00:00","breadcrumb":{"@id":"https:\/\/biteback.be\/legaten-faq\/#breadcrumb"},"inLanguage":"fr-BE","potentialAction":[{"@type":"ReadAction","target":["https:\/\/biteback.be\/legaten-faq\/"]}]},{"@type":"ImageObject","inLanguage":"fr-BE","@id":"https:\/\/biteback.be\/legaten-faq\/#primaryimage","url":"https:\/\/i0.wp.com\/biteback.be\/wp-content\/uploads\/2024\/05\/Legaten_Post_Website.png?fit=1080%2C1080&ssl=1","contentUrl":"https:\/\/i0.wp.com\/biteback.be\/wp-content\/uploads\/2024\/05\/Legaten_Post_Website.png?fit=1080%2C1080&ssl=1","width":1080,"height":1080},{"@type":"BreadcrumbList","@id":"https:\/\/biteback.be\/legaten-faq\/#breadcrumb","itemListElement":[{"@type":"ListItem","position":1,"name":"Home","item":"https:\/\/biteback.be\/"},{"@type":"ListItem","position":2,"name":"Legaten | FAQ"}]},{"@type":"WebSite","@id":"https:\/\/biteback.be\/#website","url":"https:\/\/biteback.be\/","name":"Bite Back","description":"Bite Back - Dierenrechtenorganisatie","publisher":{"@id":"https:\/\/biteback.be\/#organization"},"potentialAction":[{"@type":"SearchAction","target":{"@type":"EntryPoint","urlTemplate":"https:\/\/biteback.be\/?s={search_term_string}"},"query-input":{"@type":"PropertyValueSpecification","valueRequired":true,"valueName":"search_term_string"}}],"inLanguage":"fr-BE"},{"@type":"Organization","@id":"https:\/\/biteback.be\/#organization","name":"Bite Back","url":"https:\/\/biteback.be\/","logo":{"@type":"ImageObject","inLanguage":"fr-BE","@id":"https:\/\/biteback.be\/#\/schema\/logo\/image\/","url":"https:\/\/i0.wp.com\/biteback.be\/wp-content\/uploads\/2023\/09\/bite-back-logo-1.jpg?fit=212%2C80&ssl=1","contentUrl":"https:\/\/i0.wp.com\/biteback.be\/wp-content\/uploads\/2023\/09\/bite-back-logo-1.jpg?fit=212%2C80&ssl=1","width":212,"height":80,"caption":"Bite Back"},"image":{"@id":"https:\/\/biteback.be\/#\/schema\/logo\/image\/"}}]}},"jetpack_sharing_enabled":true,"jetpack-related-posts":[],"jetpack_shortlink":"https:\/\/wp.me\/Pf4e0W-lk4","_links":{"self":[{"href":"https:\/\/biteback.be\/fr\/wp-json\/wp\/v2\/pages\/81968","targetHints":{"allow":["GET"]}}],"collection":[{"href":"https:\/\/biteback.be\/fr\/wp-json\/wp\/v2\/pages"}],"about":[{"href":"https:\/\/biteback.be\/fr\/wp-json\/wp\/v2\/types\/page"}],"author":[{"embeddable":true,"href":"https:\/\/biteback.be\/fr\/wp-json\/wp\/v2\/users\/4"}],"replies":[{"embeddable":true,"href":"https:\/\/biteback.be\/fr\/wp-json\/wp\/v2\/comments?post=81968"}],"version-history":[{"count":4,"href":"https:\/\/biteback.be\/fr\/wp-json\/wp\/v2\/pages\/81968\/revisions"}],"predecessor-version":[{"id":81972,"href":"https:\/\/biteback.be\/fr\/wp-json\/wp\/v2\/pages\/81968\/revisions\/81972"}],"wp:featuredmedia":[{"embeddable":true,"href":"https:\/\/biteback.be\/fr\/wp-json\/wp\/v2\/media\/81090"}],"wp:attachment":[{"href":"https:\/\/biteback.be\/fr\/wp-json\/wp\/v2\/media?parent=81968"}],"wp:term":[{"taxonomy":"category","embeddable":true,"href":"https:\/\/biteback.be\/fr\/wp-json\/wp\/v2\/categories?post=81968"},{"taxonomy":"post_tag","embeddable":true,"href":"https:\/\/biteback.be\/fr\/wp-json\/wp\/v2\/tags?post=81968"}],"curies":[{"name":"wp","href":"https:\/\/api.w.org\/{rel}","templated":true}]}}