{"id":81114,"date":"2024-05-24T13:16:18","date_gmt":"2024-05-24T12:16:18","guid":{"rendered":"https:\/\/biteback.be\/?page_id=81114"},"modified":"2024-05-28T13:48:12","modified_gmt":"2024-05-28T12:48:12","slug":"hoe-kan-je-nog-helpen","status":"publish","type":"page","link":"https:\/\/biteback.be\/fr\/hoe-kan-je-nog-helpen\/","title":{"rendered":"Comment pouvez-vous encore aider ?"},"content":{"rendered":"<div data-elementor-type=\"wp-page\" data-elementor-id=\"81114\" class=\"elementor elementor-81114\">\n\t\t\t\t\t\t<section class=\"elementor-section elementor-top-section elementor-element elementor-element-956c946 elementor-section-content-middle elementor-section-boxed elementor-section-height-default elementor-section-height-default\" data-id=\"956c946\" data-element_type=\"section\" data-e-type=\"section\">\n\t\t\t\t\t\t<div class=\"elementor-container elementor-column-gap-extended\">\n\t\t\t\t\t<div class=\"elementor-column elementor-col-50 elementor-top-column elementor-element elementor-element-809fdb6 sc_inner_width_none sc_content_align_inherit sc_layouts_column_icons_position_left elementor-invisible\" data-id=\"809fdb6\" data-element_type=\"column\" data-e-type=\"column\" data-settings=\"{&quot;animation&quot;:&quot;fadeInLeft&quot;,&quot;animation_mobile&quot;:&quot;none&quot;,&quot;animation_delay&quot;:200}\">\n\t\t\t<div class=\"elementor-widget-wrap elementor-element-populated\">\n\t\t\t\t\t\t<div class=\"elementor-element elementor-element-4a11ffa sc_fly_static elementor-widget elementor-widget-spacer\" data-id=\"4a11ffa\" data-element_type=\"widget\" data-e-type=\"widget\" data-widget_type=\"spacer.default\">\n\t\t\t\t<div class=\"elementor-widget-container\">\n\t\t\t\t\t\t\t<div class=\"elementor-spacer\">\n\t\t\t<div class=\"elementor-spacer-inner\"><\/div>\n\t\t<\/div>\n\t\t\t\t\t\t<\/div>\n\t\t\t\t<\/div>\n\t\t\t\t<div class=\"elementor-element elementor-element-bda41bb sc_fly_static elementor-widget elementor-widget-text-editor\" data-id=\"bda41bb\" data-element_type=\"widget\" data-e-type=\"widget\" data-widget_type=\"text-editor.default\">\n\t\t\t\t<div class=\"elementor-widget-container\">\n\t\t\t\t\t\t\t\t\t<h1>Plus de moyens <br \/>pour aider.<\/h1>\t\t\t\t\t\t\t\t<\/div>\n\t\t\t\t<\/div>\n\t\t\t\t\t<\/div>\n\t\t<\/div>\n\t\t\t\t<div class=\"elementor-column elementor-col-50 elementor-top-column elementor-element elementor-element-2ac31a5 sc_inner_width_none sc_content_align_inherit sc_layouts_column_icons_position_left elementor-invisible\" data-id=\"2ac31a5\" data-element_type=\"column\" data-e-type=\"column\" data-settings=\"{&quot;animation&quot;:&quot;fadeInRight&quot;,&quot;animation_mobile&quot;:&quot;none&quot;,&quot;animation_delay&quot;:200}\">\n\t\t\t<div class=\"elementor-widget-wrap elementor-element-populated\">\n\t\t\t\t\t\t<div class=\"elementor-element elementor-element-4fcb383 sc_fly_static elementor-widget elementor-widget-spacer\" data-id=\"4fcb383\" data-element_type=\"widget\" data-e-type=\"widget\" data-widget_type=\"spacer.default\">\n\t\t\t\t<div class=\"elementor-widget-container\">\n\t\t\t\t\t\t\t<div class=\"elementor-spacer\">\n\t\t\t<div class=\"elementor-spacer-inner\"><\/div>\n\t\t<\/div>\n\t\t\t\t\t\t<\/div>\n\t\t\t\t<\/div>\n\t\t\t\t<div class=\"elementor-element elementor-element-f90909d sc_fly_static elementor-widget elementor-widget-text-editor\" data-id=\"f90909d\" data-element_type=\"widget\" data-e-type=\"widget\" data-widget_type=\"text-editor.default\">\n\t\t\t\t<div class=\"elementor-widget-container\">\n\t\t\t\t\t\t\t\t\t<p>Les meilleurs moyens de nous soutenir structurellement dans notre travail en faveur des droits des animaux sont <a href=\"https:\/\/biteback.be\/fr\/word-lid\/\"><strong>devenir memebre<\/strong><\/a> ou <a href=\"https:\/\/biteback.be\/fr\/doe-een-donatie\/\"><strong>faire un don<\/strong><\/a>.\u00a0<\/p><p>Cependant, il existe de nombreuses autres fa\u00e7ons plus sp\u00e9cifiques de nous aider et d'aider les animaux. Consultez les diff\u00e9rentes options ci-dessous.<\/p><p><strong>Avez-vous des questions ou des commentaires? Par <a href=\"mailto:info@biteback.org\">info@biteback.org<\/a> nous nous ferons un plaisir de vous aider.<\/strong><\/p>\t\t\t\t\t\t\t\t<\/div>\n\t\t\t\t<\/div>\n\t\t\t\t<div class=\"elementor-element elementor-element-f07cbcd sc_fly_static elementor-widget elementor-widget-spacer\" data-id=\"f07cbcd\" data-element_type=\"widget\" data-e-type=\"widget\" data-widget_type=\"spacer.default\">\n\t\t\t\t<div class=\"elementor-widget-container\">\n\t\t\t\t\t\t\t<div class=\"elementor-spacer\">\n\t\t\t<div class=\"elementor-spacer-inner\"><\/div>\n\t\t<\/div>\n\t\t\t\t\t\t<\/div>\n\t\t\t\t<\/div>\n\t\t\t\t\t<\/div>\n\t\t<\/div>\n\t\t\t\t\t<\/div>\n\t\t<\/section>\n\t\t\t\t<section class=\"elementor-section elementor-top-section elementor-element elementor-element-c2dac3c elementor-section-boxed elementor-section-height-default elementor-section-height-default\" data-id=\"c2dac3c\" data-element_type=\"section\" data-e-type=\"section\">\n\t\t\t\t\t\t<div class=\"elementor-container elementor-column-gap-extended\">\n\t\t\t\t\t<div class=\"elementor-column elementor-col-100 elementor-top-column elementor-element elementor-element-3d38e38 sc_inner_width_none sc_content_align_inherit sc_layouts_column_icons_position_left\" data-id=\"3d38e38\" data-element_type=\"column\" data-e-type=\"column\">\n\t\t\t<div class=\"elementor-widget-wrap elementor-element-populated\">\n\t\t\t\t\t\t<div class=\"elementor-element elementor-element-b601a56 sc_fly_static elementor-widget elementor-widget-spacer\" data-id=\"b601a56\" data-element_type=\"widget\" data-e-type=\"widget\" data-widget_type=\"spacer.default\">\n\t\t\t\t<div class=\"elementor-widget-container\">\n\t\t\t\t\t\t\t<div class=\"elementor-spacer\">\n\t\t\t<div class=\"elementor-spacer-inner\"><\/div>\n\t\t<\/div>\n\t\t\t\t\t\t<\/div>\n\t\t\t\t<\/div>\n\t\t\t\t<div class=\"elementor-element elementor-element-e76d894 elementor-widget-divider--separator-type-pattern elementor-widget-divider--view-line sc_fly_static elementor-widget elementor-widget-divider\" data-id=\"e76d894\" data-element_type=\"widget\" data-e-type=\"widget\" data-widget_type=\"divider.default\">\n\t\t\t\t<div class=\"elementor-widget-container\">\n\t\t\t\t\t\t\t<div class=\"elementor-divider\" style=\"--divider-pattern-url: url(&quot;data:image\/svg+xml,%3Csvg xmlns=&#039;http:\/\/www.w3.org\/2000\/svg&#039; preserveAspectRatio=&#039;none&#039; overflow=&#039;visible&#039; height=&#039;100%&#039; viewBox=&#039;0 0 20 16&#039; fill=&#039;none&#039; stroke=&#039;black&#039; stroke-width=&#039;1&#039; stroke-linecap=&#039;square&#039; stroke-miterlimit=&#039;10&#039;%3E%3Cg transform=&#039;translate(-12.000000, 0)&#039;%3E%3Cpath d=&#039;M28,0L10,18&#039;\/%3E%3Cpath d=&#039;M18,0L0,18&#039;\/%3E%3Cpath d=&#039;M48,0L30,18&#039;\/%3E%3Cpath d=&#039;M38,0L20,18&#039;\/%3E%3C\/g%3E%3C\/svg%3E&quot;);\">\n\t\t\t<span class=\"elementor-divider-separator\">\n\t\t\t\t\t\t<\/span>\n\t\t<\/div>\n\t\t\t\t\t\t<\/div>\n\t\t\t\t<\/div>\n\t\t\t\t<div class=\"elementor-element elementor-element-a406c4a sc_fly_static elementor-widget elementor-widget-spacer\" data-id=\"a406c4a\" data-element_type=\"widget\" data-e-type=\"widget\" data-widget_type=\"spacer.default\">\n\t\t\t\t<div class=\"elementor-widget-container\">\n\t\t\t\t\t\t\t<div class=\"elementor-spacer\">\n\t\t\t<div class=\"elementor-spacer-inner\"><\/div>\n\t\t<\/div>\n\t\t\t\t\t\t<\/div>\n\t\t\t\t<\/div>\n\t\t\t\t<div class=\"elementor-element elementor-element-ee0a1b6 sc_fly_static elementor-widget elementor-widget-trx_sc_promo\" data-id=\"ee0a1b6\" data-element_type=\"widget\" data-e-type=\"widget\" data-widget_type=\"trx_sc_promo.default\">\n\t\t\t\t<div class=\"elementor-widget-container\">\n\t\t\t\t\t<div  id=\"trx_sc_promo_49341578\" \n\tclass=\"sc_promo sc_promo_default sc_promo_size_small sc_promo_image_position_left\"><div class=\"sc_promo_image\" style=\"background-image:url(\/\/biteback.be\/wp-content\/uploads\/2024\/05\/Legaten_Post_Website-1.png);width:calc(33% - 17px\/2);left: 0;\"><\/div><!-- \/.sc_promo_image --><div class=\"sc_promo_text\" style=\"width: calc(100% - 17px\/2 - 33%);float: right;\">\n\t\t\t<div class=\"sc_promo_text_inner trx_addons_inline_1398614443\"><span class=\"sc_item_subtitle sc_promo_subtitle sc_item_subtitle_above sc_item_title_style_decoration\"><span class=\"subtitle_text\">testament<\/span><\/span><h2 class=\"sc_item_title sc_promo_title sc_item_title_style_decoration sc_item_title_tag trx_addons_inline_977635932\"><span class=\"sc_item_title_text\">Les animaux comme h\u00e9ritiers<\/span><\/h2><div class=\"sc_promo_content sc_item_content\"><p>Saviez-vous que vous pouviez inclure Bite Back dans votre testament? Ainsi, m\u00eame apr\u00e8s votre d\u00e9c\u00e8s, vous continuerez \u00e0 faire la diff\u00e9rence pour les animaux.<\/p><\/div><div id=\"sc_button_648668791\"\tclass=\"sc_item_button sc_button_wrap sc_item_button sc_item_button_default sc_promo_button\"><a href=\"https:\/\/biteback.be\/fr\/legaten\/\" class=\"sc_button sc_button_default sc_button_size_normal sc_button_icon_left\"><span class=\"sc_button_text\"><span class=\"sc_button_title\">en savoir plus<\/span><\/span><!-- \/.sc_button_text --><\/a><!-- \/.sc_button --><\/div><!-- \/.sc_item_button --><\/div>\n\t\t<\/div><!-- \/.sc_promo_text --><\/div><!-- \/.sc_promo -->\t\t\t\t<\/div>\n\t\t\t\t<\/div>\n\t\t\t\t<div class=\"elementor-element elementor-element-5f86bc3 sc_fly_static elementor-widget elementor-widget-spacer\" data-id=\"5f86bc3\" data-element_type=\"widget\" data-e-type=\"widget\" data-widget_type=\"spacer.default\">\n\t\t\t\t<div class=\"elementor-widget-container\">\n\t\t\t\t\t\t\t<div class=\"elementor-spacer\">\n\t\t\t<div class=\"elementor-spacer-inner\"><\/div>\n\t\t<\/div>\n\t\t\t\t\t\t<\/div>\n\t\t\t\t<\/div>\n\t\t\t\t<div class=\"elementor-element elementor-element-d9660d9 sc_fly_static elementor-widget elementor-widget-trx_sc_promo\" data-id=\"d9660d9\" data-element_type=\"widget\" data-e-type=\"widget\" data-widget_type=\"trx_sc_promo.default\">\n\t\t\t\t<div class=\"elementor-widget-container\">\n\t\t\t\t\t<div  id=\"trx_sc_promo_1217842793\" \n\tclass=\"sc_promo sc_promo_default sc_promo_size_small sc_promo_image_position_right\"><div class=\"sc_promo_image\" style=\"background-image:url(\/\/biteback.be\/wp-content\/uploads\/2024\/05\/Benefiet_Post.png);width:calc(34% - 17px\/2);right: 0;\"><\/div><!-- \/.sc_promo_image --><div class=\"sc_promo_text\" style=\"width: calc(100% - 17px\/2 - 34%);float: left;\">\n\t\t\t<div class=\"sc_promo_text_inner trx_addons_inline_1214963096\"><span class=\"sc_item_subtitle sc_promo_subtitle sc_item_subtitle_above sc_item_title_style_decoration\"><span class=\"subtitle_text\">FUNDRAISERS<\/span><\/span><h2 class=\"sc_item_title sc_promo_title sc_item_title_style_decoration sc_item_title_tag trx_addons_inline_353578329\"><span class=\"sc_item_title_text\">Organiser une soir\u00e9e de bienfaisance pour Bite Back<\/span><\/h2><div class=\"sc_promo_content sc_item_content\"><p>Vous aimez vous retrousser les manches, <strong>vous \u00eates dou\u00e9 pour l'organisation<\/strong> ou avez-vous <strong>un r\u00e9seau \u00e9tendu<\/strong> ? Organiser <strong>une action de bienfaisance<\/strong> pour notre organisation et collecter des fonds pour les animaux de la mani\u00e8re qui vous convient le mieux.<\/p><p>Voulez-vous <strong>plus d'info<\/strong> sur l'organisation de votre propre action de bienfaisance pour Bite Back? <strong>Envoyez<\/strong> <strong>\u00e0 <a href=\"mailto:info@biteback.org\">info@biteback.org<\/a><\/strong> et nous vous enverrons <strong>une bo\u00eete \u00e0 outils<\/strong> \u00e9labor\u00e9e par nos soins.\u00a0<\/p><\/div><\/div>\n\t\t<\/div><!-- \/.sc_promo_text --><\/div><!-- \/.sc_promo -->\t\t\t\t<\/div>\n\t\t\t\t<\/div>\n\t\t\t\t<div class=\"elementor-element elementor-element-1e77829 sc_fly_static elementor-widget elementor-widget-spacer\" data-id=\"1e77829\" data-element_type=\"widget\" data-e-type=\"widget\" data-widget_type=\"spacer.default\">\n\t\t\t\t<div class=\"elementor-widget-container\">\n\t\t\t\t\t\t\t<div class=\"elementor-spacer\">\n\t\t\t<div class=\"elementor-spacer-inner\"><\/div>\n\t\t<\/div>\n\t\t\t\t\t\t<\/div>\n\t\t\t\t<\/div>\n\t\t\t\t<div class=\"elementor-element elementor-element-7a6433a sc_fly_static elementor-widget elementor-widget-trx_sc_promo\" data-id=\"7a6433a\" data-element_type=\"widget\" data-e-type=\"widget\" data-widget_type=\"trx_sc_promo.default\">\n\t\t\t\t<div class=\"elementor-widget-container\">\n\t\t\t\t\t<div  id=\"trx_sc_promo_985111691\" \n\tclass=\"sc_promo sc_promo_default sc_promo_size_small sc_promo_image_position_left\"><div class=\"sc_promo_image\" style=\"background-image:url(\/\/biteback.be\/wp-content\/uploads\/2024\/05\/Trooper_Post.png);width:calc(40% - 17px\/2);left: 0;\"><\/div><!-- \/.sc_promo_image --><div class=\"sc_promo_text\" style=\"width: calc(100% - 17px\/2 - 40%);float: right;\">\n\t\t\t<div class=\"sc_promo_text_inner trx_addons_inline_1181983772\"><span class=\"sc_item_subtitle sc_promo_subtitle sc_item_subtitle_above sc_item_title_style_decoration\"><span class=\"subtitle_text\">Trooper<\/span><\/span><h2 class=\"sc_item_title sc_promo_title sc_item_title_style_decoration sc_item_title_tag trx_addons_inline_1723018578\"><span class=\"sc_item_title_text\">Acheter en ligne avec Trooper<\/span><\/h2><div class=\"sc_promo_content sc_item_content\"><p>Gr\u00e2ce \u00e0 Trooper, vous pouvez tr\u00e8s facilement collecter des fonds pour Bite Back. En visitant <a href=\"https:\/\/www.trooper.be\/nl\/trooperverenigingen\/bitebackorg\/\">notre page personnelle<\/a>votre navigateur sait que vous souhaitez nous soutenir.<\/p><p>Vous pouvez ensuite faire des achats en ligne dans l'une des nombreuses boutiques en ligne associ\u00e9es \u00e0 Trooper. Sans que vous ayez \u00e0 faire quoi que ce soit ou m\u00eame \u00e0 verser quoi que ce soit, Trooper reversera un pourcentage de votre achat \u00e0 Bite Back.<\/p><\/div><div id=\"sc_button_545592154\"\tclass=\"sc_item_button sc_button_wrap sc_item_button sc_item_button_default sc_promo_button\"><a href=\"https:\/\/www.trooper.be\/nl\/trooperverenigingen\/bitebackorg\/\" class=\"sc_button sc_button_default sc_button_size_normal sc_button_icon_left\"><span class=\"sc_button_text\"><span class=\"sc_button_title\">Acheter avec trooper<\/span><\/span><!-- \/.sc_button_text --><\/a><!-- \/.sc_button --><\/div><!-- \/.sc_item_button --><\/div>\n\t\t<\/div><!-- \/.sc_promo_text --><\/div><!-- \/.sc_promo -->\t\t\t\t<\/div>\n\t\t\t\t<\/div>\n\t\t\t\t<div class=\"elementor-element elementor-element-a50f3f2 sc_fly_static elementor-widget elementor-widget-spacer\" data-id=\"a50f3f2\" data-element_type=\"widget\" data-e-type=\"widget\" data-widget_type=\"spacer.default\">\n\t\t\t\t<div class=\"elementor-widget-container\">\n\t\t\t\t\t\t\t<div class=\"elementor-spacer\">\n\t\t\t<div class=\"elementor-spacer-inner\"><\/div>\n\t\t<\/div>\n\t\t\t\t\t\t<\/div>\n\t\t\t\t<\/div>\n\t\t\t\t<div class=\"elementor-element elementor-element-072c6fe elementor-widget-divider--separator-type-pattern elementor-widget-divider--view-line sc_fly_static elementor-widget elementor-widget-divider\" data-id=\"072c6fe\" data-element_type=\"widget\" data-e-type=\"widget\" data-widget_type=\"divider.default\">\n\t\t\t\t<div class=\"elementor-widget-container\">\n\t\t\t\t\t\t\t<div class=\"elementor-divider\" style=\"--divider-pattern-url: url(&quot;data:image\/svg+xml,%3Csvg xmlns=&#039;http:\/\/www.w3.org\/2000\/svg&#039; preserveAspectRatio=&#039;none&#039; overflow=&#039;visible&#039; height=&#039;100%&#039; viewBox=&#039;0 0 20 16&#039; fill=&#039;none&#039; stroke=&#039;black&#039; stroke-width=&#039;1&#039; stroke-linecap=&#039;square&#039; stroke-miterlimit=&#039;10&#039;%3E%3Cg transform=&#039;translate(-12.000000, 0)&#039;%3E%3Cpath d=&#039;M28,0L10,18&#039;\/%3E%3Cpath d=&#039;M18,0L0,18&#039;\/%3E%3Cpath d=&#039;M48,0L30,18&#039;\/%3E%3Cpath d=&#039;M38,0L20,18&#039;\/%3E%3C\/g%3E%3C\/svg%3E&quot;);\">\n\t\t\t<span class=\"elementor-divider-separator\">\n\t\t\t\t\t\t<\/span>\n\t\t<\/div>\n\t\t\t\t\t\t<\/div>\n\t\t\t\t<\/div>\n\t\t\t\t\t<\/div>\n\t\t<\/div>\n\t\t\t\t\t<\/div>\n\t\t<\/section>\n\t\t\t\t<section class=\"elementor-section elementor-top-section elementor-element elementor-element-c47dcba elementor-section-boxed elementor-section-height-default elementor-section-height-default\" data-id=\"c47dcba\" data-element_type=\"section\" data-e-type=\"section\" data-settings=\"{&quot;background_background&quot;:&quot;classic&quot;}\">\n\t\t\t\t\t\t<div class=\"elementor-container elementor-column-gap-extended\">\n\t\t\t\t\t<div class=\"elementor-column elementor-col-100 elementor-top-column elementor-element elementor-element-91777a7 sc_inner_width_none sc_content_align_inherit sc_layouts_column_icons_position_left\" data-id=\"91777a7\" data-element_type=\"column\" data-e-type=\"column\" data-settings=\"{&quot;background_background&quot;:&quot;classic&quot;}\">\n\t\t\t<div class=\"elementor-widget-wrap elementor-element-populated\">\n\t\t\t\t\t\t<div class=\"elementor-element elementor-element-a9f88bf sc_fly_static elementor-widget elementor-widget-heading\" data-id=\"a9f88bf\" data-element_type=\"widget\" data-e-type=\"widget\" data-widget_type=\"heading.default\">\n\t\t\t\t<div class=\"elementor-widget-container\">\n\t\t\t\t\t<h2 class=\"elementor-heading-title elementor-size-default\">Rejoignez Bite Back!<\/h2>\t\t\t\t<\/div>\n\t\t\t\t<\/div>\n\t\t\t\t<div class=\"elementor-element elementor-element-e804a7a sc_fly_static elementor-widget elementor-widget-spacer\" data-id=\"e804a7a\" data-element_type=\"widget\" data-e-type=\"widget\" data-widget_type=\"spacer.default\">\n\t\t\t\t<div class=\"elementor-widget-container\">\n\t\t\t\t\t\t\t<div class=\"elementor-spacer\">\n\t\t\t<div class=\"elementor-spacer-inner\"><\/div>\n\t\t<\/div>\n\t\t\t\t\t\t<\/div>\n\t\t\t\t<\/div>\n\t\t\t\t<div class=\"elementor-element elementor-element-8b9de59 sc_fly_static elementor-widget elementor-widget-text-editor\" data-id=\"8b9de59\" data-element_type=\"widget\" data-e-type=\"widget\" data-widget_type=\"text-editor.default\">\n\t\t\t\t<div class=\"elementor-widget-container\">\n\t\t\t\t\t\t\t\t\t<p>Bite Back existe <strong>plus de 20 ans<\/strong> gr\u00e2ce \u00e0 <strong>volontaires<\/strong> et les recettes structurelles de <strong>nos membres<\/strong> .<\/p><p><strong>Vous souhaitez faire partie d'un groupe de personnes qui travaillent chaque jour \u00e0 la lib\u00e9ration des animaux?<\/strong><\/p><ul><li><a href=\"https:\/\/biteback.be\/fr\/word-activist\/\">Devenez militant<\/a>, et soutenez-nous avec vos talents et votre temps libre ;<\/li><li>ou <a href=\"https:\/\/biteback.be\/fr\/word-lid\/\">devenez membre<\/a>, et donner un montant mensuel que nous pouvons utiliser pour couvrir une partie de nos frais de fonctionnement.<\/li><\/ul>\t\t\t\t\t\t\t\t<\/div>\n\t\t\t\t<\/div>\n\t\t\t\t\t<\/div>\n\t\t<\/div>\n\t\t\t\t\t<\/div>\n\t\t<\/section>\n\t\t\t\t<\/div>","protected":false},"excerpt":{"rendered":"<p>Meer manieren om te helpen. De beste manieren om ons structureel te steunen bij ons werk voor dierenrechten, zijn lid worden of doneren.\u00a0 Er zijn echter nog veel andere, meer specifieke manieren waarop&hellip;<\/p>","protected":false},"author":4,"featured_media":0,"parent":0,"menu_order":0,"comment_status":"closed","ping_status":"closed","template":"","meta":{"footnotes":""},"categories":[],"tags":[],"class_list":["post-81114","page","type-page","status-publish","hentry"],"yoast_head":"<!-- This site is optimized with the Yoast SEO plugin v27.3 - https:\/\/yoast.com\/product\/yoast-seo-wordpress\/ -->\n<title>Hoe kan je nog helpen? - Bite Back<\/title>\n<meta name=\"robots\" content=\"index, follow, max-snippet:-1, max-image-preview:large, max-video-preview:-1\" \/>\n<link rel=\"canonical\" href=\"https:\/\/biteback.be\/fr\/hoe-kan-je-nog-helpen\/\" \/>\n<meta property=\"og:locale\" content=\"fr_FR\" \/>\n<meta property=\"og:type\" content=\"article\" \/>\n<meta property=\"og:title\" content=\"Hoe kan je nog helpen? - Bite Back\" \/>\n<meta property=\"og:description\" content=\"Meer manieren om te helpen. De beste manieren om ons structureel te steunen bij ons werk voor dierenrechten, zijn lid worden of doneren.\u00a0 Er zijn echter nog veel andere, meer specifieke manieren waarop&hellip;\" \/>\n<meta property=\"og:url\" content=\"https:\/\/biteback.be\/fr\/hoe-kan-je-nog-helpen\/\" \/>\n<meta property=\"og:site_name\" content=\"Bite Back\" \/>\n<meta property=\"article:modified_time\" content=\"2024-05-28T12:48:12+00:00\" \/>\n<meta name=\"twitter:card\" content=\"summary_large_image\" \/>\n<meta name=\"twitter:label1\" content=\"Dur\u00e9e de lecture est.\" \/>\n\t<meta name=\"twitter:data1\" content=\"2 minutes\" \/>\n<script type=\"application\/ld+json\" class=\"yoast-schema-graph\">{\"@context\":\"https:\\\/\\\/schema.org\",\"@graph\":[{\"@type\":\"WebPage\",\"@id\":\"https:\\\/\\\/biteback.be\\\/hoe-kan-je-nog-helpen\\\/\",\"url\":\"https:\\\/\\\/biteback.be\\\/hoe-kan-je-nog-helpen\\\/\",\"name\":\"Hoe kan je nog helpen? - Bite Back\",\"isPartOf\":{\"@id\":\"https:\\\/\\\/biteback.be\\\/#website\"},\"datePublished\":\"2024-05-24T12:16:18+00:00\",\"dateModified\":\"2024-05-28T12:48:12+00:00\",\"breadcrumb\":{\"@id\":\"https:\\\/\\\/biteback.be\\\/hoe-kan-je-nog-helpen\\\/#breadcrumb\"},\"inLanguage\":\"fr-BE\",\"potentialAction\":[{\"@type\":\"ReadAction\",\"target\":[\"https:\\\/\\\/biteback.be\\\/hoe-kan-je-nog-helpen\\\/\"]}]},{\"@type\":\"BreadcrumbList\",\"@id\":\"https:\\\/\\\/biteback.be\\\/hoe-kan-je-nog-helpen\\\/#breadcrumb\",\"itemListElement\":[{\"@type\":\"ListItem\",\"position\":1,\"name\":\"Home\",\"item\":\"https:\\\/\\\/biteback.be\\\/\"},{\"@type\":\"ListItem\",\"position\":2,\"name\":\"Hoe kan je nog helpen?\"}]},{\"@type\":\"WebSite\",\"@id\":\"https:\\\/\\\/biteback.be\\\/#website\",\"url\":\"https:\\\/\\\/biteback.be\\\/\",\"name\":\"Bite Back\",\"description\":\"Bite Back - Dierenrechtenorganisatie\",\"publisher\":{\"@id\":\"https:\\\/\\\/biteback.be\\\/#organization\"},\"potentialAction\":[{\"@type\":\"SearchAction\",\"target\":{\"@type\":\"EntryPoint\",\"urlTemplate\":\"https:\\\/\\\/biteback.be\\\/?s={search_term_string}\"},\"query-input\":{\"@type\":\"PropertyValueSpecification\",\"valueRequired\":true,\"valueName\":\"search_term_string\"}}],\"inLanguage\":\"fr-BE\"},{\"@type\":\"Organization\",\"@id\":\"https:\\\/\\\/biteback.be\\\/#organization\",\"name\":\"Bite Back\",\"url\":\"https:\\\/\\\/biteback.be\\\/\",\"logo\":{\"@type\":\"ImageObject\",\"inLanguage\":\"fr-BE\",\"@id\":\"https:\\\/\\\/biteback.be\\\/#\\\/schema\\\/logo\\\/image\\\/\",\"url\":\"https:\\\/\\\/i0.wp.com\\\/biteback.be\\\/wp-content\\\/uploads\\\/2023\\\/09\\\/bite-back-logo-1.jpg?fit=212%2C80&ssl=1\",\"contentUrl\":\"https:\\\/\\\/i0.wp.com\\\/biteback.be\\\/wp-content\\\/uploads\\\/2023\\\/09\\\/bite-back-logo-1.jpg?fit=212%2C80&ssl=1\",\"width\":212,\"height\":80,\"caption\":\"Bite Back\"},\"image\":{\"@id\":\"https:\\\/\\\/biteback.be\\\/#\\\/schema\\\/logo\\\/image\\\/\"}}]}<\/script>\n<!-- \/ Yoast SEO plugin. -->","yoast_head_json":{"title":"Hoe kan je nog helpen? - Bite Back","robots":{"index":"index","follow":"follow","max-snippet":"max-snippet:-1","max-image-preview":"max-image-preview:large","max-video-preview":"max-video-preview:-1"},"canonical":"https:\/\/biteback.be\/fr\/hoe-kan-je-nog-helpen\/","og_locale":"fr_FR","og_type":"article","og_title":"Hoe kan je nog helpen? - Bite Back","og_description":"Meer manieren om te helpen. De beste manieren om ons structureel te steunen bij ons werk voor dierenrechten, zijn lid worden of doneren.\u00a0 Er zijn echter nog veel andere, meer specifieke manieren waarop&hellip;","og_url":"https:\/\/biteback.be\/fr\/hoe-kan-je-nog-helpen\/","og_site_name":"Bite Back","article_modified_time":"2024-05-28T12:48:12+00:00","twitter_card":"summary_large_image","twitter_misc":{"Dur\u00e9e de lecture est.":"2 minutes"},"schema":{"@context":"https:\/\/schema.org","@graph":[{"@type":"WebPage","@id":"https:\/\/biteback.be\/hoe-kan-je-nog-helpen\/","url":"https:\/\/biteback.be\/hoe-kan-je-nog-helpen\/","name":"Hoe kan je nog helpen? - Bite Back","isPartOf":{"@id":"https:\/\/biteback.be\/#website"},"datePublished":"2024-05-24T12:16:18+00:00","dateModified":"2024-05-28T12:48:12+00:00","breadcrumb":{"@id":"https:\/\/biteback.be\/hoe-kan-je-nog-helpen\/#breadcrumb"},"inLanguage":"fr-BE","potentialAction":[{"@type":"ReadAction","target":["https:\/\/biteback.be\/hoe-kan-je-nog-helpen\/"]}]},{"@type":"BreadcrumbList","@id":"https:\/\/biteback.be\/hoe-kan-je-nog-helpen\/#breadcrumb","itemListElement":[{"@type":"ListItem","position":1,"name":"Home","item":"https:\/\/biteback.be\/"},{"@type":"ListItem","position":2,"name":"Hoe kan je nog helpen?"}]},{"@type":"WebSite","@id":"https:\/\/biteback.be\/#website","url":"https:\/\/biteback.be\/","name":"Bite Back","description":"Bite Back - Dierenrechtenorganisatie","publisher":{"@id":"https:\/\/biteback.be\/#organization"},"potentialAction":[{"@type":"SearchAction","target":{"@type":"EntryPoint","urlTemplate":"https:\/\/biteback.be\/?s={search_term_string}"},"query-input":{"@type":"PropertyValueSpecification","valueRequired":true,"valueName":"search_term_string"}}],"inLanguage":"fr-BE"},{"@type":"Organization","@id":"https:\/\/biteback.be\/#organization","name":"Bite Back","url":"https:\/\/biteback.be\/","logo":{"@type":"ImageObject","inLanguage":"fr-BE","@id":"https:\/\/biteback.be\/#\/schema\/logo\/image\/","url":"https:\/\/i0.wp.com\/biteback.be\/wp-content\/uploads\/2023\/09\/bite-back-logo-1.jpg?fit=212%2C80&ssl=1","contentUrl":"https:\/\/i0.wp.com\/biteback.be\/wp-content\/uploads\/2023\/09\/bite-back-logo-1.jpg?fit=212%2C80&ssl=1","width":212,"height":80,"caption":"Bite Back"},"image":{"@id":"https:\/\/biteback.be\/#\/schema\/logo\/image\/"}}]}},"jetpack_sharing_enabled":true,"jetpack-related-posts":[],"jetpack_shortlink":"https:\/\/wp.me\/Pf4e0W-l6i","_links":{"self":[{"href":"https:\/\/biteback.be\/fr\/wp-json\/wp\/v2\/pages\/81114","targetHints":{"allow":["GET"]}}],"collection":[{"href":"https:\/\/biteback.be\/fr\/wp-json\/wp\/v2\/pages"}],"about":[{"href":"https:\/\/biteback.be\/fr\/wp-json\/wp\/v2\/types\/page"}],"author":[{"embeddable":true,"href":"https:\/\/biteback.be\/fr\/wp-json\/wp\/v2\/users\/4"}],"replies":[{"embeddable":true,"href":"https:\/\/biteback.be\/fr\/wp-json\/wp\/v2\/comments?post=81114"}],"version-history":[{"count":25,"href":"https:\/\/biteback.be\/fr\/wp-json\/wp\/v2\/pages\/81114\/revisions"}],"predecessor-version":[{"id":81180,"href":"https:\/\/biteback.be\/fr\/wp-json\/wp\/v2\/pages\/81114\/revisions\/81180"}],"wp:attachment":[{"href":"https:\/\/biteback.be\/fr\/wp-json\/wp\/v2\/media?parent=81114"}],"wp:term":[{"taxonomy":"category","embeddable":true,"href":"https:\/\/biteback.be\/fr\/wp-json\/wp\/v2\/categories?post=81114"},{"taxonomy":"post_tag","embeddable":true,"href":"https:\/\/biteback.be\/fr\/wp-json\/wp\/v2\/tags?post=81114"}],"curies":[{"name":"wp","href":"https:\/\/api.w.org\/{rel}","templated":true}]}}