{"id":81101,"date":"2024-05-24T12:25:31","date_gmt":"2024-05-24T11:25:31","guid":{"rendered":"https:\/\/biteback.be\/?page_id=81101"},"modified":"2024-11-16T14:31:40","modified_gmt":"2024-11-16T13:31:40","slug":"legaten","status":"publish","type":"page","link":"https:\/\/biteback.be\/fr\/legaten\/","title":{"rendered":"Les animaux comme h\u00e9ritiers"},"content":{"rendered":"<div data-elementor-type=\"wp-page\" data-elementor-id=\"81101\" class=\"elementor elementor-81101\">\n\t\t\t\t\t\t<section class=\"elementor-section elementor-top-section elementor-element elementor-element-678eae3 elementor-section-boxed elementor-section-height-default elementor-section-height-default\" data-id=\"678eae3\" data-element_type=\"section\" data-e-type=\"section\">\n\t\t\t\t\t\t<div class=\"elementor-container elementor-column-gap-extended\">\n\t\t\t\t\t<div class=\"elementor-column elementor-col-100 elementor-top-column elementor-element elementor-element-ea5e9a0 sc_inner_width_none sc_content_align_inherit sc_layouts_column_icons_position_left\" data-id=\"ea5e9a0\" data-element_type=\"column\" data-e-type=\"column\">\n\t\t\t<div class=\"elementor-widget-wrap elementor-element-populated\">\n\t\t\t\t\t\t<div class=\"elementor-element elementor-element-3b676c7 sc_fly_static elementor-widget elementor-widget-spacer\" data-id=\"3b676c7\" data-element_type=\"widget\" data-e-type=\"widget\" data-widget_type=\"spacer.default\">\n\t\t\t\t<div class=\"elementor-widget-container\">\n\t\t\t\t\t\t\t<div class=\"elementor-spacer\">\n\t\t\t<div class=\"elementor-spacer-inner\"><\/div>\n\t\t<\/div>\n\t\t\t\t\t\t<\/div>\n\t\t\t\t<\/div>\n\t\t\t\t<div class=\"elementor-element elementor-element-dfbc3bb sc_fly_static elementor-widget elementor-widget-text-editor\" data-id=\"dfbc3bb\" data-element_type=\"widget\" data-e-type=\"widget\" data-widget_type=\"text-editor.default\">\n\t\t\t\t<div class=\"elementor-widget-container\">\n\t\t\t\t\t\t\t\t\t<p><span style=\"font-weight: 400;\"><strong>Les campagnes de Bite Back font la diff\u00e9rence pour les animaux.<\/strong> Vous pouvez nous aider \u00e0 poursuivre notre action et \u00e0 cr\u00e9er un monde meilleur pour les animaux, avec plus de soutien pour le v\u00e9ganisme et plus de consid\u00e9ration pour les \u00eatres sensibles que sont les animaux. <\/span><\/p><p><span style=\"font-weight: 400;\">Met uw financi\u00eble\u00a0steun<\/span><span style=\"font-weight: 400;\"> kunnen wij onze activiteiten voortzetten of uitbreiden ten goede van onze strijd voor de totale bevrijding van dieren. Door ons op te nemen in jouw testament maak je zo zelfs na jouw dood nog een verschil voor de dieren.<\/span><\/p>\t\t\t\t\t\t\t\t<\/div>\n\t\t\t\t<\/div>\n\t\t\t\t<div class=\"elementor-element elementor-element-47e9467 sc_fly_static elementor-widget elementor-widget-spacer\" data-id=\"47e9467\" data-element_type=\"widget\" data-e-type=\"widget\" data-widget_type=\"spacer.default\">\n\t\t\t\t<div class=\"elementor-widget-container\">\n\t\t\t\t\t\t\t<div class=\"elementor-spacer\">\n\t\t\t<div class=\"elementor-spacer-inner\"><\/div>\n\t\t<\/div>\n\t\t\t\t\t\t<\/div>\n\t\t\t\t<\/div>\n\t\t\t\t<div class=\"elementor-element elementor-element-14d1d71 sc_fly_static elementor-widget elementor-widget-button\" data-id=\"14d1d71\" data-element_type=\"widget\" data-e-type=\"widget\" data-widget_type=\"button.default\">\n\t\t\t\t<div class=\"elementor-widget-container\">\n\t\t\t\t\t\t\t\t\t<div class=\"elementor-button-wrapper\">\n\t\t\t\t\t<a class=\"elementor-button elementor-button-link elementor-size-sm\" href=\"https:\/\/biteback.be\/fr\/legaten-faq\/\">\n\t\t\t\t\t\t<span class=\"elementor-button-content-wrapper\">\n\t\t\t\t\t\t<span class=\"elementor-button-icon\">\n\t\t\t\t<i aria-hidden=\"true\" class=\"fas fa-share\"><\/i>\t\t\t<\/span>\n\t\t\t\t\t\t\t\t\t<span class=\"elementor-button-text\">ga direct verder naar de veelgestelde vragen<\/span>\n\t\t\t\t\t<\/span>\n\t\t\t\t\t<\/a>\n\t\t\t\t<\/div>\n\t\t\t\t\t\t\t\t<\/div>\n\t\t\t\t<\/div>\n\t\t\t\t<div class=\"elementor-element elementor-element-8d503ca sc_fly_static elementor-widget elementor-widget-spacer\" data-id=\"8d503ca\" data-element_type=\"widget\" data-e-type=\"widget\" data-widget_type=\"spacer.default\">\n\t\t\t\t<div class=\"elementor-widget-container\">\n\t\t\t\t\t\t\t<div class=\"elementor-spacer\">\n\t\t\t<div class=\"elementor-spacer-inner\"><\/div>\n\t\t<\/div>\n\t\t\t\t\t\t<\/div>\n\t\t\t\t<\/div>\n\t\t\t\t<div class=\"elementor-element elementor-element-201e580 sc_fly_static elementor-widget elementor-widget-text-editor\" data-id=\"201e580\" data-element_type=\"widget\" data-e-type=\"widget\" data-widget_type=\"text-editor.default\">\n\t\t\t\t<div class=\"elementor-widget-container\">\n\t\t\t\t\t\t\t\t\t<h4><strong>Bite Back dans votre h\u00e9ritage<\/strong><\/h4><p><span style=\"font-weight: 400;\">Vous pouvez non seulement choisir de faire un don de votre vivant, mais aussi contribuer \u00e0 un monde meilleur pour les animaux apr\u00e8s votre mort. <strong>Votre legs peut permettre de faire conna\u00eetre les horribles conditions dans lesquelles vivent les animaux et d'\u0153uvrer durablement \u00e0 la cr\u00e9ation d'un monde respectueux des animaux.<\/strong> Il est possible de pr\u00e9voir dans votre succession que tout ou partie de votre h\u00e9ritage soit vers\u00e9 \u00e0 Bite Back asbl.<\/span><\/p>\t\t\t\t\t\t\t\t<\/div>\n\t\t\t\t<\/div>\n\t\t\t\t<div class=\"elementor-element elementor-element-54ac811 sc_fly_static elementor-widget elementor-widget-spacer\" data-id=\"54ac811\" data-element_type=\"widget\" data-e-type=\"widget\" data-widget_type=\"spacer.default\">\n\t\t\t\t<div class=\"elementor-widget-container\">\n\t\t\t\t\t\t\t<div class=\"elementor-spacer\">\n\t\t\t<div class=\"elementor-spacer-inner\"><\/div>\n\t\t<\/div>\n\t\t\t\t\t\t<\/div>\n\t\t\t\t<\/div>\n\t\t\t\t\t<\/div>\n\t\t<\/div>\n\t\t\t\t\t<\/div>\n\t\t<\/section>\n\t\t\t\t<section class=\"elementor-section elementor-top-section elementor-element elementor-element-e679bb2 elementor-section-boxed elementor-section-height-default elementor-section-height-default\" data-id=\"e679bb2\" data-element_type=\"section\" data-e-type=\"section\" data-settings=\"{&quot;background_background&quot;:&quot;classic&quot;}\">\n\t\t\t\t\t\t<div class=\"elementor-container elementor-column-gap-extended\">\n\t\t\t\t\t<div class=\"elementor-column elementor-col-100 elementor-top-column elementor-element elementor-element-16c5851 sc_inner_width_none sc_content_align_inherit sc_layouts_column_icons_position_left\" data-id=\"16c5851\" data-element_type=\"column\" data-e-type=\"column\">\n\t\t\t<div class=\"elementor-widget-wrap elementor-element-populated\">\n\t\t\t\t\t\t<div class=\"elementor-element elementor-element-5107a42 sc_fly_static elementor-widget elementor-widget-heading\" data-id=\"5107a42\" data-element_type=\"widget\" data-e-type=\"widget\" data-widget_type=\"heading.default\">\n\t\t\t\t<div class=\"elementor-widget-container\">\n\t\t\t\t\t<h4 class=\"elementor-heading-title elementor-size-default\">Jouw persoonlijke wens<\/h4>\t\t\t\t<\/div>\n\t\t\t\t<\/div>\n\t\t\t\t<div class=\"elementor-element elementor-element-7fff031 sc_fly_static elementor-widget elementor-widget-text-editor\" data-id=\"7fff031\" data-element_type=\"widget\" data-e-type=\"widget\" data-widget_type=\"text-editor.default\">\n\t\t\t\t<div class=\"elementor-widget-container\">\n\t\t\t\t\t\t\t\t\t<p><span style=\"font-weight: 400;\">Votre h\u00e9ritage est li\u00e9 \u00e0 vos souhaits. Il est important pour nous de vous <strong>informer correctement.<\/strong> Nous vous invitons donc \u00e0 passer<strong> un entretien (en ligne). <\/strong><\/span><\/p><p><span style=\"font-weight: 400;\">Vous pouvez toujours nous contacter \u00e0 <a href=\"mailto:info@biteback.org\"><strong>info@biteback.org<\/strong><\/a> ou <strong>+32487 10 12 01.<\/strong> Nous nous r\u00e9jouissons de vous rencontrer.<\/span><\/p>\t\t\t\t\t\t\t\t<\/div>\n\t\t\t\t<\/div>\n\t\t\t\t\t<\/div>\n\t\t<\/div>\n\t\t\t\t\t<\/div>\n\t\t<\/section>\n\t\t\t\t<section class=\"elementor-section elementor-top-section elementor-element elementor-element-1b64584 elementor-section-boxed elementor-section-height-default elementor-section-height-default\" data-id=\"1b64584\" data-element_type=\"section\" data-e-type=\"section\">\n\t\t\t\t\t\t<div class=\"elementor-container elementor-column-gap-extended\">\n\t\t\t\t\t<div class=\"elementor-column elementor-col-100 elementor-top-column elementor-element elementor-element-4569ade sc_inner_width_none sc_content_align_inherit sc_layouts_column_icons_position_left\" data-id=\"4569ade\" data-element_type=\"column\" data-e-type=\"column\">\n\t\t\t<div class=\"elementor-widget-wrap elementor-element-populated\">\n\t\t\t\t\t\t<div class=\"elementor-element elementor-element-3405622 sc_fly_static elementor-widget elementor-widget-spacer\" data-id=\"3405622\" data-element_type=\"widget\" data-e-type=\"widget\" data-widget_type=\"spacer.default\">\n\t\t\t\t<div class=\"elementor-widget-container\">\n\t\t\t\t\t\t\t<div class=\"elementor-spacer\">\n\t\t\t<div class=\"elementor-spacer-inner\"><\/div>\n\t\t<\/div>\n\t\t\t\t\t\t<\/div>\n\t\t\t\t<\/div>\n\t\t\t\t<div class=\"elementor-element elementor-element-f61a6d5 sc_fly_static elementor-widget elementor-widget-text-editor\" data-id=\"f61a6d5\" data-element_type=\"widget\" data-e-type=\"widget\" data-widget_type=\"text-editor.default\">\n\t\t\t\t<div class=\"elementor-widget-container\">\n\t\t\t\t\t\t\t\t\t<p>\u00cates-vous s\u00fbr de vouloir inclure Bite Back dans votre h\u00e9ritage ? Pour \u00eatre l\u00e9gal, votre testament doit contenir les informations n\u00e9cessaires sur notre organisation.<\/p><h5><strong>Information l\u00e9gales<\/strong><\/h5><p><span style=\"font-weight: 400;\">BITE BACK vzw<br \/><\/span><span style=\"font-weight: 400;\">Bredestraat 134<br \/><\/span><span style=\"font-weight: 400;\">B-3293 Kaggevinne<br \/><\/span><span style=\"font-weight: 400;\">ON-nummer: BE0862.189.250<br \/><\/span><span style=\"font-weight: 400;\">Num\u00e9ro de compte: BE15 0014 0806 4730<\/span><\/p>\t\t\t\t\t\t\t\t<\/div>\n\t\t\t\t<\/div>\n\t\t\t\t<div class=\"elementor-element elementor-element-cfb16cf sc_fly_static elementor-widget elementor-widget-spacer\" data-id=\"cfb16cf\" data-element_type=\"widget\" data-e-type=\"widget\" data-widget_type=\"spacer.default\">\n\t\t\t\t<div class=\"elementor-widget-container\">\n\t\t\t\t\t\t\t<div class=\"elementor-spacer\">\n\t\t\t<div class=\"elementor-spacer-inner\"><\/div>\n\t\t<\/div>\n\t\t\t\t\t\t<\/div>\n\t\t\t\t<\/div>\n\t\t\t\t<div class=\"elementor-element elementor-element-6df2f74 sc_fly_static elementor-widget elementor-widget-button\" data-id=\"6df2f74\" data-element_type=\"widget\" data-e-type=\"widget\" data-widget_type=\"button.default\">\n\t\t\t\t<div class=\"elementor-widget-container\">\n\t\t\t\t\t\t\t\t\t<div class=\"elementor-button-wrapper\">\n\t\t\t\t\t<a class=\"elementor-button elementor-button-link elementor-size-sm\" href=\"https:\/\/biteback.be\/fr\/legaten-faq\/\">\n\t\t\t\t\t\t<span class=\"elementor-button-content-wrapper\">\n\t\t\t\t\t\t<span class=\"elementor-button-icon\">\n\t\t\t\t<i aria-hidden=\"true\" class=\"fas fa-share\"><\/i>\t\t\t<\/span>\n\t\t\t\t\t\t\t\t\t<span class=\"elementor-button-text\">veelgestelde vragen rond legaten<\/span>\n\t\t\t\t\t<\/span>\n\t\t\t\t\t<\/a>\n\t\t\t\t<\/div>\n\t\t\t\t\t\t\t\t<\/div>\n\t\t\t\t<\/div>\n\t\t\t\t<div class=\"elementor-element elementor-element-8842e83 sc_fly_static elementor-widget elementor-widget-spacer\" data-id=\"8842e83\" data-element_type=\"widget\" data-e-type=\"widget\" data-widget_type=\"spacer.default\">\n\t\t\t\t<div class=\"elementor-widget-container\">\n\t\t\t\t\t\t\t<div class=\"elementor-spacer\">\n\t\t\t<div class=\"elementor-spacer-inner\"><\/div>\n\t\t<\/div>\n\t\t\t\t\t\t<\/div>\n\t\t\t\t<\/div>\n\t\t\t\t<div class=\"elementor-element elementor-element-abb5862 elementor-widget-divider--view-line sc_fly_static elementor-widget elementor-widget-divider\" data-id=\"abb5862\" data-element_type=\"widget\" data-e-type=\"widget\" data-widget_type=\"divider.default\">\n\t\t\t\t<div class=\"elementor-widget-container\">\n\t\t\t\t\t\t\t<div class=\"elementor-divider\">\n\t\t\t<span class=\"elementor-divider-separator\">\n\t\t\t\t\t\t<\/span>\n\t\t<\/div>\n\t\t\t\t\t\t<\/div>\n\t\t\t\t<\/div>\n\t\t\t\t<div class=\"elementor-element elementor-element-5275884 sc_fly_static elementor-widget elementor-widget-spacer\" data-id=\"5275884\" data-element_type=\"widget\" data-e-type=\"widget\" data-widget_type=\"spacer.default\">\n\t\t\t\t<div class=\"elementor-widget-container\">\n\t\t\t\t\t\t\t<div class=\"elementor-spacer\">\n\t\t\t<div class=\"elementor-spacer-inner\"><\/div>\n\t\t<\/div>\n\t\t\t\t\t\t<\/div>\n\t\t\t\t<\/div>\n\t\t\t\t<div class=\"elementor-element elementor-element-ecedeee sc_fly_static elementor-widget elementor-widget-image\" data-id=\"ecedeee\" data-element_type=\"widget\" data-e-type=\"widget\" data-widget_type=\"image.default\">\n\t\t\t\t<div class=\"elementor-widget-container\">\n\t\t\t\t\t\t\t\t\t\t\t\t\t\t\t<img fetchpriority=\"high\" decoding=\"async\" width=\"1024\" height=\"1024\" src=\"https:\/\/i0.wp.com\/biteback.be\/wp-content\/uploads\/2024\/05\/Legaten_Post_Website.png?fit=1024%2C1024&amp;ssl=1\" class=\"attachment-large size-large wp-image-81090\" alt=\"\" srcset=\"https:\/\/i0.wp.com\/biteback.be\/wp-content\/uploads\/2024\/05\/Legaten_Post_Website.png?w=1080&amp;ssl=1 1080w, https:\/\/i0.wp.com\/biteback.be\/wp-content\/uploads\/2024\/05\/Legaten_Post_Website.png?resize=300%2C300&amp;ssl=1 300w, https:\/\/i0.wp.com\/biteback.be\/wp-content\/uploads\/2024\/05\/Legaten_Post_Website.png?resize=1024%2C1024&amp;ssl=1 1024w, https:\/\/i0.wp.com\/biteback.be\/wp-content\/uploads\/2024\/05\/Legaten_Post_Website.png?resize=150%2C150&amp;ssl=1 150w, https:\/\/i0.wp.com\/biteback.be\/wp-content\/uploads\/2024\/05\/Legaten_Post_Website.png?resize=768%2C768&amp;ssl=1 768w, https:\/\/i0.wp.com\/biteback.be\/wp-content\/uploads\/2024\/05\/Legaten_Post_Website.png?resize=370%2C370&amp;ssl=1 370w, https:\/\/i0.wp.com\/biteback.be\/wp-content\/uploads\/2024\/05\/Legaten_Post_Website.png?resize=90%2C90&amp;ssl=1 90w, https:\/\/i0.wp.com\/biteback.be\/wp-content\/uploads\/2024\/05\/Legaten_Post_Website.png?resize=770%2C770&amp;ssl=1 770w\" sizes=\"(max-width: 1024px) 100vw, 1024px\" \/>\t\t\t\t\t\t\t\t\t\t\t\t\t\t\t<\/div>\n\t\t\t\t<\/div>\n\t\t\t\t\t<\/div>\n\t\t<\/div>\n\t\t\t\t\t<\/div>\n\t\t<\/section>\n\t\t\t\t<\/div>","protected":false},"excerpt":{"rendered":"<p>Met spraakmakende acties en campagnes maakt Bite Back een verschil voor de dieren. Jij kunt ons helpen om dit te blijven doen en een betere wereld te cre\u00ebren voor de dieren, met meer&hellip;<\/p>","protected":false},"author":4,"featured_media":81090,"parent":0,"menu_order":0,"comment_status":"closed","ping_status":"closed","template":"","meta":{"footnotes":""},"categories":[],"tags":[],"class_list":["post-81101","page","type-page","status-publish","has-post-thumbnail","hentry"],"yoast_head":"<!-- This site is optimized with the Yoast SEO plugin v27.3 - https:\/\/yoast.com\/product\/yoast-seo-wordpress\/ -->\n<title>De dieren als jouw erfgenaam - Bite Back<\/title>\n<meta name=\"robots\" content=\"index, follow, max-snippet:-1, max-image-preview:large, max-video-preview:-1\" \/>\n<link rel=\"canonical\" href=\"https:\/\/biteback.be\/fr\/legaten\/\" \/>\n<meta property=\"og:locale\" content=\"fr_FR\" \/>\n<meta property=\"og:type\" content=\"article\" \/>\n<meta property=\"og:title\" content=\"De dieren als jouw erfgenaam - Bite Back\" \/>\n<meta property=\"og:description\" content=\"Met spraakmakende acties en campagnes maakt Bite Back een verschil voor de dieren. Jij kunt ons helpen om dit te blijven doen en een betere wereld te cre\u00ebren voor de dieren, met meer&hellip;\" \/>\n<meta property=\"og:url\" content=\"https:\/\/biteback.be\/fr\/legaten\/\" \/>\n<meta property=\"og:site_name\" content=\"Bite Back\" \/>\n<meta property=\"article:modified_time\" content=\"2024-11-16T13:31:40+00:00\" \/>\n<meta property=\"og:image\" content=\"https:\/\/biteback.be\/wp-content\/uploads\/2024\/05\/Legaten_Post_Website-1024x1024.png\" \/>\n\t<meta property=\"og:image:width\" content=\"1024\" \/>\n\t<meta property=\"og:image:height\" content=\"1024\" \/>\n\t<meta property=\"og:image:type\" content=\"image\/png\" \/>\n<meta name=\"twitter:card\" content=\"summary_large_image\" \/>\n<meta name=\"twitter:label1\" content=\"Dur\u00e9e de lecture est.\" \/>\n\t<meta name=\"twitter:data1\" content=\"2 minutes\" \/>\n<script type=\"application\/ld+json\" class=\"yoast-schema-graph\">{\"@context\":\"https:\\\/\\\/schema.org\",\"@graph\":[{\"@type\":\"WebPage\",\"@id\":\"https:\\\/\\\/biteback.be\\\/legaten\\\/\",\"url\":\"https:\\\/\\\/biteback.be\\\/legaten\\\/\",\"name\":\"De dieren als jouw erfgenaam - Bite Back\",\"isPartOf\":{\"@id\":\"https:\\\/\\\/biteback.be\\\/#website\"},\"primaryImageOfPage\":{\"@id\":\"https:\\\/\\\/biteback.be\\\/legaten\\\/#primaryimage\"},\"image\":{\"@id\":\"https:\\\/\\\/biteback.be\\\/legaten\\\/#primaryimage\"},\"thumbnailUrl\":\"https:\\\/\\\/i0.wp.com\\\/biteback.be\\\/wp-content\\\/uploads\\\/2024\\\/05\\\/Legaten_Post_Website.png?fit=1080%2C1080&ssl=1\",\"datePublished\":\"2024-05-24T11:25:31+00:00\",\"dateModified\":\"2024-11-16T13:31:40+00:00\",\"breadcrumb\":{\"@id\":\"https:\\\/\\\/biteback.be\\\/legaten\\\/#breadcrumb\"},\"inLanguage\":\"fr-BE\",\"potentialAction\":[{\"@type\":\"ReadAction\",\"target\":[\"https:\\\/\\\/biteback.be\\\/legaten\\\/\"]}]},{\"@type\":\"ImageObject\",\"inLanguage\":\"fr-BE\",\"@id\":\"https:\\\/\\\/biteback.be\\\/legaten\\\/#primaryimage\",\"url\":\"https:\\\/\\\/i0.wp.com\\\/biteback.be\\\/wp-content\\\/uploads\\\/2024\\\/05\\\/Legaten_Post_Website.png?fit=1080%2C1080&ssl=1\",\"contentUrl\":\"https:\\\/\\\/i0.wp.com\\\/biteback.be\\\/wp-content\\\/uploads\\\/2024\\\/05\\\/Legaten_Post_Website.png?fit=1080%2C1080&ssl=1\",\"width\":1080,\"height\":1080},{\"@type\":\"BreadcrumbList\",\"@id\":\"https:\\\/\\\/biteback.be\\\/legaten\\\/#breadcrumb\",\"itemListElement\":[{\"@type\":\"ListItem\",\"position\":1,\"name\":\"Home\",\"item\":\"https:\\\/\\\/biteback.be\\\/\"},{\"@type\":\"ListItem\",\"position\":2,\"name\":\"De dieren als jouw erfgenaam\"}]},{\"@type\":\"WebSite\",\"@id\":\"https:\\\/\\\/biteback.be\\\/#website\",\"url\":\"https:\\\/\\\/biteback.be\\\/\",\"name\":\"Bite Back\",\"description\":\"Bite Back - Dierenrechtenorganisatie\",\"publisher\":{\"@id\":\"https:\\\/\\\/biteback.be\\\/#organization\"},\"potentialAction\":[{\"@type\":\"SearchAction\",\"target\":{\"@type\":\"EntryPoint\",\"urlTemplate\":\"https:\\\/\\\/biteback.be\\\/?s={search_term_string}\"},\"query-input\":{\"@type\":\"PropertyValueSpecification\",\"valueRequired\":true,\"valueName\":\"search_term_string\"}}],\"inLanguage\":\"fr-BE\"},{\"@type\":\"Organization\",\"@id\":\"https:\\\/\\\/biteback.be\\\/#organization\",\"name\":\"Bite Back\",\"url\":\"https:\\\/\\\/biteback.be\\\/\",\"logo\":{\"@type\":\"ImageObject\",\"inLanguage\":\"fr-BE\",\"@id\":\"https:\\\/\\\/biteback.be\\\/#\\\/schema\\\/logo\\\/image\\\/\",\"url\":\"https:\\\/\\\/i0.wp.com\\\/biteback.be\\\/wp-content\\\/uploads\\\/2023\\\/09\\\/bite-back-logo-1.jpg?fit=212%2C80&ssl=1\",\"contentUrl\":\"https:\\\/\\\/i0.wp.com\\\/biteback.be\\\/wp-content\\\/uploads\\\/2023\\\/09\\\/bite-back-logo-1.jpg?fit=212%2C80&ssl=1\",\"width\":212,\"height\":80,\"caption\":\"Bite Back\"},\"image\":{\"@id\":\"https:\\\/\\\/biteback.be\\\/#\\\/schema\\\/logo\\\/image\\\/\"}}]}<\/script>\n<!-- \/ Yoast SEO plugin. -->","yoast_head_json":{"title":"De dieren als jouw erfgenaam - Bite Back","robots":{"index":"index","follow":"follow","max-snippet":"max-snippet:-1","max-image-preview":"max-image-preview:large","max-video-preview":"max-video-preview:-1"},"canonical":"https:\/\/biteback.be\/fr\/legaten\/","og_locale":"fr_FR","og_type":"article","og_title":"De dieren als jouw erfgenaam - Bite Back","og_description":"Met spraakmakende acties en campagnes maakt Bite Back een verschil voor de dieren. Jij kunt ons helpen om dit te blijven doen en een betere wereld te cre\u00ebren voor de dieren, met meer&hellip;","og_url":"https:\/\/biteback.be\/fr\/legaten\/","og_site_name":"Bite Back","article_modified_time":"2024-11-16T13:31:40+00:00","og_image":[{"width":1024,"height":1024,"url":"https:\/\/biteback.be\/wp-content\/uploads\/2024\/05\/Legaten_Post_Website-1024x1024.png","type":"image\/png"}],"twitter_card":"summary_large_image","twitter_misc":{"Dur\u00e9e de lecture est.":"2 minutes"},"schema":{"@context":"https:\/\/schema.org","@graph":[{"@type":"WebPage","@id":"https:\/\/biteback.be\/legaten\/","url":"https:\/\/biteback.be\/legaten\/","name":"De dieren als jouw erfgenaam - Bite Back","isPartOf":{"@id":"https:\/\/biteback.be\/#website"},"primaryImageOfPage":{"@id":"https:\/\/biteback.be\/legaten\/#primaryimage"},"image":{"@id":"https:\/\/biteback.be\/legaten\/#primaryimage"},"thumbnailUrl":"https:\/\/i0.wp.com\/biteback.be\/wp-content\/uploads\/2024\/05\/Legaten_Post_Website.png?fit=1080%2C1080&ssl=1","datePublished":"2024-05-24T11:25:31+00:00","dateModified":"2024-11-16T13:31:40+00:00","breadcrumb":{"@id":"https:\/\/biteback.be\/legaten\/#breadcrumb"},"inLanguage":"fr-BE","potentialAction":[{"@type":"ReadAction","target":["https:\/\/biteback.be\/legaten\/"]}]},{"@type":"ImageObject","inLanguage":"fr-BE","@id":"https:\/\/biteback.be\/legaten\/#primaryimage","url":"https:\/\/i0.wp.com\/biteback.be\/wp-content\/uploads\/2024\/05\/Legaten_Post_Website.png?fit=1080%2C1080&ssl=1","contentUrl":"https:\/\/i0.wp.com\/biteback.be\/wp-content\/uploads\/2024\/05\/Legaten_Post_Website.png?fit=1080%2C1080&ssl=1","width":1080,"height":1080},{"@type":"BreadcrumbList","@id":"https:\/\/biteback.be\/legaten\/#breadcrumb","itemListElement":[{"@type":"ListItem","position":1,"name":"Home","item":"https:\/\/biteback.be\/"},{"@type":"ListItem","position":2,"name":"De dieren als jouw erfgenaam"}]},{"@type":"WebSite","@id":"https:\/\/biteback.be\/#website","url":"https:\/\/biteback.be\/","name":"Bite Back","description":"Bite Back - Dierenrechtenorganisatie","publisher":{"@id":"https:\/\/biteback.be\/#organization"},"potentialAction":[{"@type":"SearchAction","target":{"@type":"EntryPoint","urlTemplate":"https:\/\/biteback.be\/?s={search_term_string}"},"query-input":{"@type":"PropertyValueSpecification","valueRequired":true,"valueName":"search_term_string"}}],"inLanguage":"fr-BE"},{"@type":"Organization","@id":"https:\/\/biteback.be\/#organization","name":"Bite Back","url":"https:\/\/biteback.be\/","logo":{"@type":"ImageObject","inLanguage":"fr-BE","@id":"https:\/\/biteback.be\/#\/schema\/logo\/image\/","url":"https:\/\/i0.wp.com\/biteback.be\/wp-content\/uploads\/2023\/09\/bite-back-logo-1.jpg?fit=212%2C80&ssl=1","contentUrl":"https:\/\/i0.wp.com\/biteback.be\/wp-content\/uploads\/2023\/09\/bite-back-logo-1.jpg?fit=212%2C80&ssl=1","width":212,"height":80,"caption":"Bite Back"},"image":{"@id":"https:\/\/biteback.be\/#\/schema\/logo\/image\/"}}]}},"jetpack_sharing_enabled":true,"jetpack-related-posts":[],"jetpack_shortlink":"https:\/\/wp.me\/Pf4e0W-l65","_links":{"self":[{"href":"https:\/\/biteback.be\/fr\/wp-json\/wp\/v2\/pages\/81101","targetHints":{"allow":["GET"]}}],"collection":[{"href":"https:\/\/biteback.be\/fr\/wp-json\/wp\/v2\/pages"}],"about":[{"href":"https:\/\/biteback.be\/fr\/wp-json\/wp\/v2\/types\/page"}],"author":[{"embeddable":true,"href":"https:\/\/biteback.be\/fr\/wp-json\/wp\/v2\/users\/4"}],"replies":[{"embeddable":true,"href":"https:\/\/biteback.be\/fr\/wp-json\/wp\/v2\/comments?post=81101"}],"version-history":[{"count":20,"href":"https:\/\/biteback.be\/fr\/wp-json\/wp\/v2\/pages\/81101\/revisions"}],"predecessor-version":[{"id":83390,"href":"https:\/\/biteback.be\/fr\/wp-json\/wp\/v2\/pages\/81101\/revisions\/83390"}],"wp:featuredmedia":[{"embeddable":true,"href":"https:\/\/biteback.be\/fr\/wp-json\/wp\/v2\/media\/81090"}],"wp:attachment":[{"href":"https:\/\/biteback.be\/fr\/wp-json\/wp\/v2\/media?parent=81101"}],"wp:term":[{"taxonomy":"category","embeddable":true,"href":"https:\/\/biteback.be\/fr\/wp-json\/wp\/v2\/categories?post=81101"},{"taxonomy":"post_tag","embeddable":true,"href":"https:\/\/biteback.be\/fr\/wp-json\/wp\/v2\/tags?post=81101"}],"curies":[{"name":"wp","href":"https:\/\/api.w.org\/{rel}","templated":true}]}}