{"id":78665,"date":"2024-02-13T10:26:52","date_gmt":"2024-02-13T09:26:52","guid":{"rendered":"https:\/\/biteback.be\/?page_id=78665"},"modified":"2024-02-23T16:33:11","modified_gmt":"2024-02-23T15:33:11","slug":"petities","status":"publish","type":"page","link":"https:\/\/biteback.be\/fr\/petities\/","title":{"rendered":"P\u00e9titions"},"content":{"rendered":"<div data-elementor-type=\"wp-page\" data-elementor-id=\"78665\" class=\"elementor elementor-78665\">\n\t\t\t\t\t\t<section class=\"elementor-section elementor-top-section elementor-element elementor-element-73be1a20 elementor-section-boxed elementor-section-height-default elementor-section-height-default\" data-id=\"73be1a20\" data-element_type=\"section\" data-e-type=\"section\">\n\t\t\t\t\t\t<div class=\"elementor-container elementor-column-gap-extended\">\n\t\t\t\t\t<div class=\"elementor-column elementor-col-100 elementor-top-column elementor-element elementor-element-1a085252 sc_inner_width_none sc_content_align_inherit sc_layouts_column_icons_position_left\" data-id=\"1a085252\" data-element_type=\"column\" data-e-type=\"column\">\n\t\t\t<div class=\"elementor-widget-wrap elementor-element-populated\">\n\t\t\t\t\t\t<div class=\"elementor-element elementor-element-6b863e1e sc_fly_static elementor-widget elementor-widget-text-editor\" data-id=\"6b863e1e\" data-element_type=\"widget\" data-e-type=\"widget\" data-widget_type=\"text-editor.default\">\n\t\t\t\t<div class=\"elementor-widget-container\">\n\t\t\t\t\t\t\t\t\t<p>Un aper\u00e7u des p\u00e9titions en cours.<\/p>\t\t\t\t\t\t\t\t<\/div>\n\t\t\t\t<\/div>\n\t\t\t\t<div class=\"elementor-element elementor-element-b350d54 elementor-widget-divider--view-line sc_fly_static elementor-widget elementor-widget-divider\" data-id=\"b350d54\" data-element_type=\"widget\" data-e-type=\"widget\" data-widget_type=\"divider.default\">\n\t\t\t\t<div class=\"elementor-widget-container\">\n\t\t\t\t\t\t\t<div class=\"elementor-divider\">\n\t\t\t<span class=\"elementor-divider-separator\">\n\t\t\t\t\t\t<\/span>\n\t\t<\/div>\n\t\t\t\t\t\t<\/div>\n\t\t\t\t<\/div>\n\t\t\t\t<div class=\"elementor-element elementor-element-5ebca6b sc_fly_static elementor-widget elementor-widget-trx_sc_blogger\" data-id=\"5ebca6b\" data-element_type=\"widget\" data-e-type=\"widget\" data-widget_type=\"trx_sc_blogger.default\">\n\t\t\t\t<div class=\"elementor-widget-container\">\n\t\t\t\t\t<div  id=\"trx_sc_blogger_932897581\"\t\tclass=\"sc_blogger sc_blogger_default sc_blogger_default_classic\"><div class=\"sc_blogger_columns_wrap sc_item_columns sc_item_posts_container trx_addons_columns_wrap columns_padding_bottom columns_in_single_row\"><div class=\"trx_addons_column-1_3\"><div data-post-id=\"78714\" class=\"sc_blogger_item sc_blogger_item_default sc_blogger_item_default_classic sc_blogger_item_odd sc_blogger_item_align_none post_format_standard sc_blogger_item_with_image sc_blogger_item_on_plate sc_blogger_item_image_position_top post-78714 page type-page status-publish has-post-thumbnail hentry\" data-item-number=\"1\"\n\t><div class=\"sc_blogger_item_body\"><div class=\"post_featured with_thumb hover_stroke sc_item_featured sc_blogger_item_featured\"><img fetchpriority=\"high\" decoding=\"async\" width=\"770\" height=\"513\" src=\"https:\/\/i0.wp.com\/biteback.be\/wp-content\/uploads\/2024\/01\/Schermafbeelding-2024-01-09-om-16.03.43.png?resize=770%2C513&amp;ssl=1\" class=\"attachment-impacto_patronus-thumb-extra size-impacto_patronus-thumb-extra wp-post-image\" alt=\"Konijnen\" \/>\t\t\t\t\t\t<div class=\"mask\"><\/div>\n\t\t\t\t\t\t            <a href=\"https:\/\/biteback.be\/fr\/petitie-stop-konijnenleed\/\"  aria-hidden=\"true\" ><span><\/span><span><\/span><span><\/span><span><\/span><\/a>\n            <\/div><div class=\"sc_blogger_item_content entry-content\">\t\t<div class=\"post_meta sc_blogger_item_meta post_meta_categories\">\n\t\t\t\t\t<\/div><!-- .post_meta -->\n\t\t<h5 class=\"sc_blogger_item_title entry-title\" data-item-number=\"1\"><a href=\"https:\/\/biteback.be\/fr\/petitie-stop-konijnenleed\/\" rel=\"bookmark\">Petitie | Uitfasering van de konijnenvleessector in Belgi\u00eb<\/a><\/h5>\t\t<div class=\"post_meta sc_blogger_item_meta post_meta\">\n\t\t\t<a href=\"https:\/\/biteback.be\/fr\/petitie-stop-konijnenleed\/#respond\" class=\"post_meta_item post_meta_comments icon-comment-light\"><span class=\"post_meta_number\">0<\/span><span class=\"post_meta_label\">Comments<\/span><\/a> <a class=\"post_meta_item post_author\" rel=\"author\" href=\"https:\/\/biteback.be\/fr\/author\/anthe\/\"><span class=\"post_author_avatar\"><\/span><span class=\"post_author_name\">Anthe Lain\u00e9<\/span><\/a> <span class=\"post_meta_item post_share\"><div class=\"socials_share socials_size_tiny socials_type_drop socials_dir_horizontal\"><a href=\"#\" class=\"socials_caption\"><span class=\"socials_caption_label\">Share<\/span><\/a><span class=\"social_items\"><a class=\"social_item social_item_popup\" href=\"\/\/twitter.com\/intent\/tweet?text=Petitie+%7C+Uitfasering+van+de+konijnenvleessector+in+Belgi%C3%AB&#038;url=https%3A%2F%2Fbiteback.be%2Ffr%2Fpetitie-stop-konijnenleed%2F\" data-link=\"\/\/twitter.com\/intent\/tweet?text=Petitie | Uitfasering van de konijnenvleessector in Belgi\u00eb&amp;url=https%3A%2F%2Fbiteback.be%2Ffr%2Fpetitie-stop-konijnenleed%2F\" data-count=\"twitter\"><span class=\"social_icon social_icon_twitter sc_icon_type_icons\"><span class=\"trx_addons_icon-twitter\"><\/span><i>Twitter<\/i><\/span><\/a><a class=\"social_item social_item_popup\" href=\"\/\/www.facebook.com\/sharer\/sharer.php?u=https%3A%2F%2Fbiteback.be%2Ffr%2Fpetitie-stop-konijnenleed%2F\" data-link=\"\/\/www.facebook.com\/sharer\/sharer.php?u=https%3A%2F%2Fbiteback.be%2Ffr%2Fpetitie-stop-konijnenleed%2F\" data-count=\"facebook\"><span class=\"social_icon social_icon_facebook sc_icon_type_icons\"><span class=\"trx_addons_icon-facebook\"><\/span><i>(Facebook<\/i><\/span><\/a><a class=\"social_item social_item_popup\" href=\"\/\/www.tumblr.com\/share?v=3&#038;u=https%3A%2F%2Fbiteback.be%2Ffr%2Fpetitie-stop-konijnenleed%2F&#038;t=Petitie+%7C+Uitfasering+van+de+konijnenvleessector+in+Belgi%C3%AB&#038;s=PetitieUitfasering+van+de+konijnenvleessector+in+Belgi%C3%ABBite+Back+roept+de+Vlaamse+overheid+op+om+te+stoppen+met+het+geven+van+subsidies+en+steun+aan+de+konijnenvleessector.+Aan+de+consument+vragen+we+om+konijn+van+het+menu+te+schrappen%2C+en+ook+in+restaurants+en+supermarkten+willen+we+konijnenvlees+uit+het+aanbod+halen.Met+de+petitie+toon+je+je+steun+voor+deze+meervoudige+doelstelling+en+schaar+je+je+bij+een+groep+Vlamingen+die+konijnen+niet+langer+ziet+als+etenswaren.%09%09%09%09%09%09Volgens+het+Vlaamse+subsidieregister%C2%A0krijgt+de+Vlaamse+konijnenindustrie+nog+steeds+veel+subsidies.+Het+eten+van+konijn+wordt+bovendien+aangeprezen+door+de+Week+Van+Het+Konijn%2C+een+initiatief+van+VLAM+en+de+konijnenboeren.Lees+er+hier+meer+over.Teken+de+petitie+voor+een+uitfasering+van+de+konijnenvleesector+in+Belgi%C3%AB.+%09%09%09%09\" data-link=\"\/\/www.tumblr.com\/share?v=3&amp;u=https%3A%2F%2Fbiteback.be%2Ffr%2Fpetitie-stop-konijnenleed%2F&amp;t=Petitie | Uitfasering van de konijnenvleessector in Belgi\u00eb&amp;s=PetitieUitfasering van de konijnenvleessector in Belgi\u00ebBite Back roept de Vlaamse overheid op om te stoppen met het geven van subsidies en steun aan de konijnenvleessector. Aan de consument vragen we om konijn van het menu te schrappen, en ook in restaurants en supermarkten willen we konijnenvlees uit het aanbod halen.Met de petitie toon je je steun voor deze meervoudige doelstelling en schaar je je bij een groep Vlamingen die konijnen niet langer ziet als etenswaren.\t\t\t\t\t\tVolgens het Vlaamse subsidieregister\u00a0krijgt de Vlaamse konijnenindustrie nog steeds veel subsidies. Het eten van konijn wordt bovendien aangeprezen door de Week Van Het Konijn, een initiatief van VLAM en de konijnenboeren.Lees er hier meer over.Teken de petitie voor een uitfasering van de konijnenvleesector in Belgi\u00eb. \t\t\t\t\" data-count=\"tumblr\"><span class=\"social_icon social_icon_tumblr sc_icon_type_icons\"><span class=\"icon-tumblr\"><\/span><i>Tumblr<\/i><\/span><\/a><\/span><\/div><\/span> \t\t<\/div><!-- .post_meta -->\n\t\t<div class=\"sc_blogger_item_excerpt\">PetitieUitfasering van de konijnenvleessector in Belgi\u00eb Bite Back roept de Vlaamse overheid op om te stoppen met het geven van subsidies en steun aan de konijnenvleessector. Aan de consument vragen we om konijn&hellip;<\/div><div class=\"sc_blogger_item_button sc_item_button\"><a href=\"https:\/\/biteback.be\/fr\/petitie-stop-konijnenleed\/\" class=\"sc_button sc_button_size_small\">Voir la p\u00e9tition<\/a><\/div><\/div><!-- .entry-content --><\/div><!-- .sc_blogger_item_body --><\/div><!-- .sc_blogger_item --><\/div><div class=\"trx_addons_column-1_3\"><div data-post-id=\"278\" class=\"sc_blogger_item sc_blogger_item_default sc_blogger_item_default_classic sc_blogger_item_even sc_blogger_item_align_none post_format_standard sc_blogger_item_with_image sc_blogger_item_on_plate sc_blogger_item_image_position_top post-278 page type-page status-publish has-post-thumbnail hentry\" data-item-number=\"2\"\n\t><div class=\"sc_blogger_item_body\"><div class=\"post_featured with_thumb hover_stroke sc_item_featured sc_blogger_item_featured\"><img decoding=\"async\" width=\"770\" height=\"513\" src=\"https:\/\/i0.wp.com\/biteback.be\/wp-content\/uploads\/2023\/09\/varken-transport-l.jpg?resize=770%2C513&amp;ssl=1\" class=\"attachment-impacto_patronus-thumb-extra size-impacto_patronus-thumb-extra wp-post-image\" alt=\"Varkenstransport\" \/>\t\t\t\t\t\t<div class=\"mask\"><\/div>\n\t\t\t\t\t\t            <a href=\"https:\/\/biteback.be\/fr\/petitie-stop-de-subsidiering-van-de-vlees-en-zuivelindustrie\/\"  aria-hidden=\"true\" ><span><\/span><span><\/span><span><\/span><span><\/span><\/a>\n            <\/div><div class=\"sc_blogger_item_content entry-content\">\t\t<div class=\"post_meta sc_blogger_item_meta post_meta_categories\">\n\t\t\t\t\t<\/div><!-- .post_meta -->\n\t\t<h5 class=\"sc_blogger_item_title entry-title\" data-item-number=\"2\"><a href=\"https:\/\/biteback.be\/fr\/petitie-stop-de-subsidiering-van-de-vlees-en-zuivelindustrie\/\" rel=\"bookmark\">P\u00e9tition - Arr\u00eatez de subventionner l'industrie de la viande et du lait!<\/a><\/h5>\t\t<div class=\"post_meta sc_blogger_item_meta post_meta\">\n\t\t\t<a href=\"https:\/\/biteback.be\/fr\/petitie-stop-de-subsidiering-van-de-vlees-en-zuivelindustrie\/#respond\" class=\"post_meta_item post_meta_comments icon-comment-light\"><span class=\"post_meta_number\">0<\/span><span class=\"post_meta_label\">Comments<\/span><\/a> <a class=\"post_meta_item post_author\" rel=\"author\" href=\"https:\/\/biteback.be\/fr\/author\/fred\/\"><span class=\"post_author_avatar\"><\/span><span class=\"post_author_name\">Fred van Bergen<\/span><\/a> <span class=\"post_meta_item post_share\"><div class=\"socials_share socials_size_tiny socials_type_drop socials_dir_horizontal\"><a href=\"#\" class=\"socials_caption\"><span class=\"socials_caption_label\">Share<\/span><\/a><span class=\"social_items\"><a class=\"social_item social_item_popup\" href=\"\/\/twitter.com\/intent\/tweet?text=Petitie+%7C+Stop+de+subsidi%C3%ABring+van+de+vlees-+en+zuivelindustrie%21&#038;url=https%3A%2F%2Fbiteback.be%2Ffr%2Fpetitie-stop-de-subsidiering-van-de-vlees-en-zuivelindustrie%2F\" data-link=\"\/\/twitter.com\/intent\/tweet?text=Petitie | Stop de subsidi\u00ebring van de vlees- en zuivelindustrie!&amp;url=https%3A%2F%2Fbiteback.be%2Ffr%2Fpetitie-stop-de-subsidiering-van-de-vlees-en-zuivelindustrie%2F\" data-count=\"twitter\"><span class=\"social_icon social_icon_twitter sc_icon_type_icons\"><span class=\"trx_addons_icon-twitter\"><\/span><i>Twitter<\/i><\/span><\/a><a class=\"social_item social_item_popup\" href=\"\/\/www.facebook.com\/sharer\/sharer.php?u=https%3A%2F%2Fbiteback.be%2Ffr%2Fpetitie-stop-de-subsidiering-van-de-vlees-en-zuivelindustrie%2F\" data-link=\"\/\/www.facebook.com\/sharer\/sharer.php?u=https%3A%2F%2Fbiteback.be%2Ffr%2Fpetitie-stop-de-subsidiering-van-de-vlees-en-zuivelindustrie%2F\" data-count=\"facebook\"><span class=\"social_icon social_icon_facebook sc_icon_type_icons\"><span class=\"trx_addons_icon-facebook\"><\/span><i>(Facebook<\/i><\/span><\/a><a class=\"social_item social_item_popup\" href=\"\/\/www.tumblr.com\/share?v=3&#038;u=https%3A%2F%2Fbiteback.be%2Ffr%2Fpetitie-stop-de-subsidiering-van-de-vlees-en-zuivelindustrie%2F&#038;t=Petitie+%7C+Stop+de+subsidi%C3%ABring+van+de+vlees-+en+zuivelindustrie%21&#038;s=PetitieStop+de+subsidi%C3%ABring+van+de+vlees-+en+zuivelindustrie%21+Bite+Back+roept+de+Vlaamse+overheid+op+om+te+stoppen+met+het+subsidi%C3%ABren+van+de+vlees-+en+zuivelindustrie+en+de+promotie+van+dierlijke+producten.+Elk+jaar+gaan+er+miljoenen+belastinggeld+naar+de+vee-industrie.+Dit+zijn+miljoenen+die+beter+ge%C3%AFnvesteerd+worden+in+plantaardige+en+gezonde+producten+die+geen+dierenleed+veroorzaken.+%09%09%09%09%09%09%09%09%09%09%09%09%09%09%09%09%09%09%09%09%09%09%09%09%09%09%09%09%09%09Volgens+het+Vlaamse+subsidieregister%2C+vloeit+er+veel+geld+naar+de+landbouw%2C+veeteelt+en+visserij+in+Vlaanderen.+De+grootste+spelers+zijn+Rendac%2C+VLAM+en+Boeren+op+een+kruispunt.%C2%A0Lees+er+hier+meer+over.Wil+jij+ook+een+einde+aan+de+subsidi%C3%ABring+van+de+vee-industrie+in+Belgi%C3%AB%3F+Teken+dan+onze+petitie...%09%09%09%09\" data-link=\"\/\/www.tumblr.com\/share?v=3&amp;u=https%3A%2F%2Fbiteback.be%2Ffr%2Fpetitie-stop-de-subsidiering-van-de-vlees-en-zuivelindustrie%2F&amp;t=Petitie | Stop de subsidi\u00ebring van de vlees- en zuivelindustrie!&amp;s=PetitieStop de subsidi\u00ebring van de vlees- en zuivelindustrie! Bite Back roept de Vlaamse overheid op om te stoppen met het subsidi\u00ebren van de vlees- en zuivelindustrie en de promotie van dierlijke producten. Elk jaar gaan er miljoenen belastinggeld naar de vee-industrie. Dit zijn miljoenen die beter ge\u00efnvesteerd worden in plantaardige en gezonde producten die geen dierenleed veroorzaken. \t\t\t\t\t\t\t\t\t\t\t\t\t\t\t\t\t\t\t\t\t\t\t\t\t\t\t\t\t\tVolgens het Vlaamse subsidieregister, vloeit er veel geld naar de landbouw, veeteelt en visserij in Vlaanderen. De grootste spelers zijn Rendac, VLAM en Boeren op een kruispunt.\u00a0Lees er hier meer over.Wil jij ook een einde aan de subsidi\u00ebring van de vee-industrie in Belgi\u00eb? Teken dan onze petitie...\t\t\t\t\" data-count=\"tumblr\"><span class=\"social_icon social_icon_tumblr sc_icon_type_icons\"><span class=\"icon-tumblr\"><\/span><i>Tumblr<\/i><\/span><\/a><\/span><\/div><\/span> \t\t<\/div><!-- .post_meta -->\n\t\t<div class=\"sc_blogger_item_excerpt\">Bite Back demande au gouvernement flamand de cesser de subventionner l'industrie de la viande et des produits laitiers et de promouvoir les produits d'origine animale.<\/div><div class=\"sc_blogger_item_button sc_item_button\"><a href=\"https:\/\/biteback.be\/fr\/petitie-stop-de-subsidiering-van-de-vlees-en-zuivelindustrie\/\" class=\"sc_button sc_button_size_small\">Voir la p\u00e9tition<\/a><\/div><\/div><!-- .entry-content --><\/div><!-- .sc_blogger_item_body --><\/div><!-- .sc_blogger_item --><\/div><\/div><\/div>\t\t\t\t<\/div>\n\t\t\t\t<\/div>\n\t\t\t\t\t<\/div>\n\t\t<\/div>\n\t\t\t\t\t<\/div>\n\t\t<\/section>\n\t\t\t\t<\/div>","protected":false},"excerpt":{"rendered":"<p>Een overzicht van lopende petities. Petitie | Stop de subsidi\u00ebring van de vlees- en zuivelindustrie! 0Comments Fred van Bergen ShareTwitterFacebookTumblr PetitieStop de subsidi\u00ebring van de vlees- en zuivelindustrie! Bite Back roept de Vlaamse&hellip;<\/p>","protected":false},"author":2,"featured_media":0,"parent":0,"menu_order":0,"comment_status":"closed","ping_status":"closed","template":"","meta":{"footnotes":""},"class_list":["post-78665","page","type-page","status-publish","hentry"],"yoast_head":"<!-- This site is optimized with the Yoast SEO plugin v27.3 - https:\/\/yoast.com\/product\/yoast-seo-wordpress\/ -->\n<title>Petities - Bite Back<\/title>\n<meta name=\"robots\" content=\"index, follow, max-snippet:-1, max-image-preview:large, max-video-preview:-1\" \/>\n<link rel=\"canonical\" href=\"https:\/\/biteback.be\/fr\/petities\/\" \/>\n<meta property=\"og:locale\" content=\"fr_FR\" \/>\n<meta property=\"og:type\" content=\"article\" \/>\n<meta property=\"og:title\" content=\"Petities - Bite Back\" \/>\n<meta property=\"og:description\" content=\"Een overzicht van lopende petities. Petitie | Stop de subsidi\u00ebring van de vlees- en zuivelindustrie! 0Comments Fred van Bergen ShareTwitterFacebookTumblr PetitieStop de subsidi\u00ebring van de vlees- en zuivelindustrie! Bite Back roept de Vlaamse&hellip;\" \/>\n<meta property=\"og:url\" content=\"https:\/\/biteback.be\/fr\/petities\/\" \/>\n<meta property=\"og:site_name\" content=\"Bite Back\" \/>\n<meta property=\"article:modified_time\" content=\"2024-02-23T15:33:11+00:00\" \/>\n<meta property=\"og:image\" content=\"https:\/\/biteback.be\/wp-content\/uploads\/2023\/09\/varken-transport-l-770x513.jpg\" \/>\n<meta name=\"twitter:card\" content=\"summary_large_image\" \/>\n<meta name=\"twitter:label1\" content=\"Dur\u00e9e de lecture est.\" \/>\n\t<meta name=\"twitter:data1\" content=\"1 minute\" \/>\n<script type=\"application\/ld+json\" class=\"yoast-schema-graph\">{\"@context\":\"https:\\\/\\\/schema.org\",\"@graph\":[{\"@type\":\"WebPage\",\"@id\":\"https:\\\/\\\/biteback.be\\\/petities\\\/\",\"url\":\"https:\\\/\\\/biteback.be\\\/petities\\\/\",\"name\":\"Petities - Bite Back\",\"isPartOf\":{\"@id\":\"https:\\\/\\\/biteback.be\\\/#website\"},\"primaryImageOfPage\":{\"@id\":\"https:\\\/\\\/biteback.be\\\/petities\\\/#primaryimage\"},\"image\":{\"@id\":\"https:\\\/\\\/biteback.be\\\/petities\\\/#primaryimage\"},\"thumbnailUrl\":\"https:\\\/\\\/biteback.be\\\/wp-content\\\/uploads\\\/2023\\\/09\\\/varken-transport-l-770x513.jpg\",\"datePublished\":\"2024-02-13T09:26:52+00:00\",\"dateModified\":\"2024-02-23T15:33:11+00:00\",\"breadcrumb\":{\"@id\":\"https:\\\/\\\/biteback.be\\\/petities\\\/#breadcrumb\"},\"inLanguage\":\"fr-BE\",\"potentialAction\":[{\"@type\":\"ReadAction\",\"target\":[\"https:\\\/\\\/biteback.be\\\/petities\\\/\"]}]},{\"@type\":\"ImageObject\",\"inLanguage\":\"fr-BE\",\"@id\":\"https:\\\/\\\/biteback.be\\\/petities\\\/#primaryimage\",\"url\":\"https:\\\/\\\/biteback.be\\\/wp-content\\\/uploads\\\/2023\\\/09\\\/varken-transport-l-770x513.jpg\",\"contentUrl\":\"https:\\\/\\\/biteback.be\\\/wp-content\\\/uploads\\\/2023\\\/09\\\/varken-transport-l-770x513.jpg\"},{\"@type\":\"BreadcrumbList\",\"@id\":\"https:\\\/\\\/biteback.be\\\/petities\\\/#breadcrumb\",\"itemListElement\":[{\"@type\":\"ListItem\",\"position\":1,\"name\":\"Home\",\"item\":\"https:\\\/\\\/biteback.be\\\/\"},{\"@type\":\"ListItem\",\"position\":2,\"name\":\"Petities\"}]},{\"@type\":\"WebSite\",\"@id\":\"https:\\\/\\\/biteback.be\\\/#website\",\"url\":\"https:\\\/\\\/biteback.be\\\/\",\"name\":\"Bite Back\",\"description\":\"Bite Back - Dierenrechtenorganisatie\",\"publisher\":{\"@id\":\"https:\\\/\\\/biteback.be\\\/#organization\"},\"potentialAction\":[{\"@type\":\"SearchAction\",\"target\":{\"@type\":\"EntryPoint\",\"urlTemplate\":\"https:\\\/\\\/biteback.be\\\/?s={search_term_string}\"},\"query-input\":{\"@type\":\"PropertyValueSpecification\",\"valueRequired\":true,\"valueName\":\"search_term_string\"}}],\"inLanguage\":\"fr-BE\"},{\"@type\":\"Organization\",\"@id\":\"https:\\\/\\\/biteback.be\\\/#organization\",\"name\":\"Bite Back\",\"url\":\"https:\\\/\\\/biteback.be\\\/\",\"logo\":{\"@type\":\"ImageObject\",\"inLanguage\":\"fr-BE\",\"@id\":\"https:\\\/\\\/biteback.be\\\/#\\\/schema\\\/logo\\\/image\\\/\",\"url\":\"https:\\\/\\\/i0.wp.com\\\/biteback.be\\\/wp-content\\\/uploads\\\/2023\\\/09\\\/bite-back-logo-1.jpg?fit=212%2C80&ssl=1\",\"contentUrl\":\"https:\\\/\\\/i0.wp.com\\\/biteback.be\\\/wp-content\\\/uploads\\\/2023\\\/09\\\/bite-back-logo-1.jpg?fit=212%2C80&ssl=1\",\"width\":212,\"height\":80,\"caption\":\"Bite Back\"},\"image\":{\"@id\":\"https:\\\/\\\/biteback.be\\\/#\\\/schema\\\/logo\\\/image\\\/\"}}]}<\/script>\n<!-- \/ Yoast SEO plugin. -->","yoast_head_json":{"title":"Petities - Bite Back","robots":{"index":"index","follow":"follow","max-snippet":"max-snippet:-1","max-image-preview":"max-image-preview:large","max-video-preview":"max-video-preview:-1"},"canonical":"https:\/\/biteback.be\/fr\/petities\/","og_locale":"fr_FR","og_type":"article","og_title":"Petities - Bite Back","og_description":"Een overzicht van lopende petities. Petitie | Stop de subsidi\u00ebring van de vlees- en zuivelindustrie! 0Comments Fred van Bergen ShareTwitterFacebookTumblr PetitieStop de subsidi\u00ebring van de vlees- en zuivelindustrie! Bite Back roept de Vlaamse&hellip;","og_url":"https:\/\/biteback.be\/fr\/petities\/","og_site_name":"Bite Back","article_modified_time":"2024-02-23T15:33:11+00:00","og_image":[{"url":"https:\/\/biteback.be\/wp-content\/uploads\/2023\/09\/varken-transport-l-770x513.jpg","type":"","width":"","height":""}],"twitter_card":"summary_large_image","twitter_misc":{"Dur\u00e9e de lecture est.":"1 minute"},"schema":{"@context":"https:\/\/schema.org","@graph":[{"@type":"WebPage","@id":"https:\/\/biteback.be\/petities\/","url":"https:\/\/biteback.be\/petities\/","name":"Petities - Bite Back","isPartOf":{"@id":"https:\/\/biteback.be\/#website"},"primaryImageOfPage":{"@id":"https:\/\/biteback.be\/petities\/#primaryimage"},"image":{"@id":"https:\/\/biteback.be\/petities\/#primaryimage"},"thumbnailUrl":"https:\/\/biteback.be\/wp-content\/uploads\/2023\/09\/varken-transport-l-770x513.jpg","datePublished":"2024-02-13T09:26:52+00:00","dateModified":"2024-02-23T15:33:11+00:00","breadcrumb":{"@id":"https:\/\/biteback.be\/petities\/#breadcrumb"},"inLanguage":"fr-BE","potentialAction":[{"@type":"ReadAction","target":["https:\/\/biteback.be\/petities\/"]}]},{"@type":"ImageObject","inLanguage":"fr-BE","@id":"https:\/\/biteback.be\/petities\/#primaryimage","url":"https:\/\/biteback.be\/wp-content\/uploads\/2023\/09\/varken-transport-l-770x513.jpg","contentUrl":"https:\/\/biteback.be\/wp-content\/uploads\/2023\/09\/varken-transport-l-770x513.jpg"},{"@type":"BreadcrumbList","@id":"https:\/\/biteback.be\/petities\/#breadcrumb","itemListElement":[{"@type":"ListItem","position":1,"name":"Home","item":"https:\/\/biteback.be\/"},{"@type":"ListItem","position":2,"name":"Petities"}]},{"@type":"WebSite","@id":"https:\/\/biteback.be\/#website","url":"https:\/\/biteback.be\/","name":"Bite Back","description":"Bite Back - Dierenrechtenorganisatie","publisher":{"@id":"https:\/\/biteback.be\/#organization"},"potentialAction":[{"@type":"SearchAction","target":{"@type":"EntryPoint","urlTemplate":"https:\/\/biteback.be\/?s={search_term_string}"},"query-input":{"@type":"PropertyValueSpecification","valueRequired":true,"valueName":"search_term_string"}}],"inLanguage":"fr-BE"},{"@type":"Organization","@id":"https:\/\/biteback.be\/#organization","name":"Bite Back","url":"https:\/\/biteback.be\/","logo":{"@type":"ImageObject","inLanguage":"fr-BE","@id":"https:\/\/biteback.be\/#\/schema\/logo\/image\/","url":"https:\/\/i0.wp.com\/biteback.be\/wp-content\/uploads\/2023\/09\/bite-back-logo-1.jpg?fit=212%2C80&ssl=1","contentUrl":"https:\/\/i0.wp.com\/biteback.be\/wp-content\/uploads\/2023\/09\/bite-back-logo-1.jpg?fit=212%2C80&ssl=1","width":212,"height":80,"caption":"Bite Back"},"image":{"@id":"https:\/\/biteback.be\/#\/schema\/logo\/image\/"}}]}},"jetpack_sharing_enabled":true,"jetpack-related-posts":[],"jetpack_shortlink":"https:\/\/wp.me\/Pf4e0W-ksN","_links":{"self":[{"href":"https:\/\/biteback.be\/fr\/wp-json\/wp\/v2\/pages\/78665","targetHints":{"allow":["GET"]}}],"collection":[{"href":"https:\/\/biteback.be\/fr\/wp-json\/wp\/v2\/pages"}],"about":[{"href":"https:\/\/biteback.be\/fr\/wp-json\/wp\/v2\/types\/page"}],"author":[{"embeddable":true,"href":"https:\/\/biteback.be\/fr\/wp-json\/wp\/v2\/users\/2"}],"replies":[{"embeddable":true,"href":"https:\/\/biteback.be\/fr\/wp-json\/wp\/v2\/comments?post=78665"}],"version-history":[{"count":0,"href":"https:\/\/biteback.be\/fr\/wp-json\/wp\/v2\/pages\/78665\/revisions"}],"wp:attachment":[{"href":"https:\/\/biteback.be\/fr\/wp-json\/wp\/v2\/media?parent=78665"}],"curies":[{"name":"wp","href":"https:\/\/api.w.org\/{rel}","templated":true}]}}