{"id":78085,"date":"2024-01-31T14:51:26","date_gmt":"2024-01-31T13:51:26","guid":{"rendered":"https:\/\/biteback.be\/?page_id=78085"},"modified":"2024-01-31T14:55:13","modified_gmt":"2024-01-31T13:55:13","slug":"weet-wie-je-eet","status":"publish","type":"page","link":"https:\/\/biteback.be\/fr\/weet-wie-je-eet\/","title":{"rendered":"Weet wie je eet"},"content":{"rendered":"<div data-elementor-type=\"wp-page\" data-elementor-id=\"78085\" class=\"elementor elementor-78085\">\n\t\t\t\t\t\t<section class=\"elementor-section elementor-top-section elementor-element elementor-element-606de58 elementor-section-boxed elementor-section-height-default elementor-section-height-default\" data-id=\"606de58\" data-element_type=\"section\" data-e-type=\"section\">\n\t\t\t\t\t\t<div class=\"elementor-container elementor-column-gap-extended\">\n\t\t\t\t\t<div class=\"elementor-column elementor-col-100 elementor-top-column elementor-element elementor-element-a9a1ebb sc_inner_width_none sc_content_align_inherit sc_layouts_column_icons_position_left\" data-id=\"a9a1ebb\" data-element_type=\"column\" data-e-type=\"column\">\n\t\t\t<div class=\"elementor-widget-wrap elementor-element-populated\">\n\t\t\t\t\t\t<div class=\"elementor-element elementor-element-6ae833a sc_fly_static elementor-widget elementor-widget-text-editor\" data-id=\"6ae833a\" data-element_type=\"widget\" data-e-type=\"widget\" data-widget_type=\"text-editor.default\">\n\t\t\t\t<div class=\"elementor-widget-container\">\n\t\t\t\t\t\t\t\t\t<div class=\"wpb_column vc_column_container vc_col-sm-8\"><div class=\"vc_column-inner\"><div class=\"wpb_wrapper\"><div class=\"wpb_text_column wpb_content_element\"><div class=\"wpb_wrapper\"><p>In de dierindustrie worden dieren voor hun vlees, melk, of eieren gefokt. Ze worden gebruikt en vroegtijdig gedood. Ze worden niet gezien als individu maar als product en ook zo behandeld. De dieren worden lichamelijk aangepast aan de wensen en belangen van de producent en de industrie. Steeds m \u00e9 \u00e9r en effici\u00ebnter produceren staat centraal.<\/p><p>Dieren die voor hun vlees, melk en eieren worden gebruikt zijn echter levende, welzijnsgevoelige wezens. Dieren kennen vreugde en plezier wanneer ze in vrijheid leven. En net als wij ervaren ook zij angst en pijn. Geen enkel dier wil vroegtijdig sterven: het is een oerinstinct om te willen blijven leven. En als ze konden, wat een enkele keer ook gebeurt, zouden ze ontsnappen aan deze wreedheden. In de dierindustrie wordt geen rekening gehouden met de vriendschappen tussen dieren, de hechte familiebanden, de band tussen moeder en kind. Hechte banden voor het leven, die bruut verbroken en ontkend worden, net als de werkelijke behoeftes van de dieren.<\/p><p>Het consumeren van dierlijke producten houdt deze uitbuiting en wreedheden in stand. Bite Back is tegen deze soortdiscriminatie en is om ethische redenen gekant tegen het gebruiken en doden van dieren voor menselijke consumptiedoeleinden. Bite Back pleit voor de afschaffing van de dierindustrie. Wij promoten diervrije en diervriendelijke producten, een veganistische levenswijze, zonder vlees, vis, gevogelte, melkproducten, eieren en andere dierlijke producten.<\/p><p>Aan deze doelbewuste dierenmishandeling kunnen we een einde maken door anders naar dieren te kijken en ze niet meer te gebruiken en te doden voor onze eigen behoeftes.<\/p><p>Onze campagne \u2018Weet wie je eet!\u2019 of \u2018Nadenken voor je eet bespaart dierenleed!\u2019 richt zich op het sensibiliseren van de consument over het gebruik van dieren, met de nadruk op de slachtoffers van deze industrie.<\/p><p>Dit gebeurt via confronterende acties, het tonen van resultaten van undercover onderzoek of via infostands in drukke standscentra, aan scholen of op festivals.<\/p><p>Hierbij voorzien we iedereen die een verschil wil maken voor de dieren van praktische tips, werken we drempelverlagend door te tonen hoe lekker plantaardig eten kan zijn en helpen we mensen stappen in de goede richting te zetten. We promoten het veganisme als ethische keuze om te komen tot een rechtvaardigere wereld voor alle dieren.<\/p><figure id=\"attachment_78090\" aria-describedby=\"caption-attachment-78090\" style=\"width: 960px\" class=\"wp-caption aligncenter\"><img fetchpriority=\"high\" decoding=\"async\" data-recalc-dims=\"1\" class=\"wp-image-78090 size-full\" src=\"https:\/\/i0.wp.com\/biteback.be\/wp-content\/uploads\/2024\/01\/weet-wie-je-eet.jpg?resize=960%2C540&#038;ssl=1\" alt=\"Weet wie je eet\" width=\"960\" height=\"540\" srcset=\"https:\/\/i0.wp.com\/biteback.be\/wp-content\/uploads\/2024\/01\/weet-wie-je-eet.jpg?w=960&amp;ssl=1 960w, https:\/\/i0.wp.com\/biteback.be\/wp-content\/uploads\/2024\/01\/weet-wie-je-eet.jpg?resize=300%2C169&amp;ssl=1 300w, https:\/\/i0.wp.com\/biteback.be\/wp-content\/uploads\/2024\/01\/weet-wie-je-eet.jpg?resize=768%2C432&amp;ssl=1 768w, https:\/\/i0.wp.com\/biteback.be\/wp-content\/uploads\/2024\/01\/weet-wie-je-eet.jpg?resize=370%2C208&amp;ssl=1 370w, https:\/\/i0.wp.com\/biteback.be\/wp-content\/uploads\/2024\/01\/weet-wie-je-eet.jpg?resize=770%2C433&amp;ssl=1 770w, https:\/\/i0.wp.com\/biteback.be\/wp-content\/uploads\/2024\/01\/weet-wie-je-eet.jpg?resize=270%2C152&amp;ssl=1 270w\" sizes=\"(max-width: 960px) 100vw, 960px\" \/><figcaption id=\"caption-attachment-78090\" class=\"wp-caption-text\">Weet wie je eet<\/figcaption><\/figure><p><strong>Wat kan jij doen?<\/strong><\/p><ul><li><strong>Word<\/strong>\u00a0<strong>veganist:<\/strong>\u00a0steeds meer supermarkten, natuurvoedingswinkels, Aziatische winkels en allerlei exotische restaurants\u00a0bieden tegenwoordig een uitgebreid gamma aan heerlijke plantaardige producten aan. Het proberen waard, en alvast de beste keuze voor de dieren, het milieu, de wereldvoedselproblematiek en je eigen gezondheid.<\/li><li><strong>Al vegetari\u00ebr? Overweeg om veganist te worden<\/strong>\u00a0en in ieder geval eens bewust stil te staan\u00a0bij je eigen gebruik van zuivelproducten, kaas en eieren en deze te vervangen door plantaardige alternatieven. Dit kan natuurlijk stapsgewijs. In Belgi\u00eb en Nederland worden steeds meer plantaardige lekkernijen gemaakt en op de markt gebracht. Ondersteun deze ondernemers, help\u00a0mee de markt te veranderen en word een bewuste consument.<\/li><li><strong>Lees je in over de dierindustrie<\/strong>\u00a0en dierenrechten, informeer vrienden, familie en collega\u2019s over de dierindustrie en vraag hen te overwegen diervriendelijker te gaan leven en inkopen te doen.<\/li><li><strong>Nodig vrienden en familie uit voor een heerlijke, smakelijke veganistische maaltijd.<\/strong>\u00a0Dit is\u00a0de beste reclame om aan te tonen dat plantaardig eten helemaal niet moeilijk, ingewikkeld of ongezond is.<\/li><li><strong>Schrijf brieven naar kranten<\/strong>, magazines en tijdschriften over het gebruiken en doden van dieren in de dierindustrie wanneer ze bijvoorbeeld vleesproducten promoten of wanneer er weer een voedingsschandaal opduikt.\u00a0Meng je in discussies op sociale media en geef op een vriendelijke manier wetenschappelijk gefundeerde informatie of deel je eigen positieve ervaringen.<\/li><li><strong>Vraag\u00a0<\/strong>in winkels, snackbars, op school, op het werk, in hotels, op vakantie en in restaurants\u00a0<strong>naar een ruimer assortiment aan plantaardige producten. <\/strong>Zo werk je mee aan een grotere vraag en grotere beschikbaarheid van plantaardige alternatieven.<\/li><li><strong><a href=\"https:\/\/biteback.be\/fr\/?page_id=3412\">Devenez membre<\/a> van Bite Back<\/strong>\u00a0en doe mee met aan onze \u2018Weet wie je eet\u2019 voorlichtingscampagne.<\/li><\/ul><\/div><\/div><\/div><\/div><\/div>\t\t\t\t\t\t\t\t<\/div>\n\t\t\t\t<\/div>\n\t\t\t\t\t<\/div>\n\t\t<\/div>\n\t\t\t\t\t<\/div>\n\t\t<\/section>\n\t\t\t\t<\/div>","protected":false},"excerpt":{"rendered":"<p>In de dierindustrie worden dieren voor hun vlees, melk, of eieren gefokt. Ze worden gebruikt en vroegtijdig gedood. Ze worden niet gezien als individu maar als product en ook zo behandeld. De dieren&hellip;<\/p>","protected":false},"author":2,"featured_media":78088,"parent":0,"menu_order":0,"comment_status":"closed","ping_status":"closed","template":"","meta":{"footnotes":""},"categories":[75],"tags":[],"class_list":["post-78085","page","type-page","status-publish","has-post-thumbnail","hentry","category-educatie"],"yoast_head":"<!-- This site is optimized with the Yoast SEO plugin v27.4 - https:\/\/yoast.com\/product\/yoast-seo-wordpress\/ -->\n<title>Weet wie je eet - Bite Back<\/title>\n<meta name=\"robots\" content=\"index, follow, max-snippet:-1, max-image-preview:large, max-video-preview:-1\" \/>\n<link rel=\"canonical\" href=\"https:\/\/biteback.be\/fr\/weet-wie-je-eet\/\" \/>\n<meta property=\"og:locale\" content=\"fr_FR\" \/>\n<meta property=\"og:type\" content=\"article\" \/>\n<meta property=\"og:title\" content=\"Weet wie je eet - Bite Back\" \/>\n<meta property=\"og:description\" content=\"In de dierindustrie worden dieren voor hun vlees, melk, of eieren gefokt. Ze worden gebruikt en vroegtijdig gedood. Ze worden niet gezien als individu maar als product en ook zo behandeld. De dieren&hellip;\" \/>\n<meta property=\"og:url\" content=\"https:\/\/biteback.be\/fr\/weet-wie-je-eet\/\" \/>\n<meta property=\"og:site_name\" content=\"Bite Back\" \/>\n<meta property=\"article:modified_time\" content=\"2024-01-31T13:55:13+00:00\" \/>\n<meta property=\"og:image\" content=\"https:\/\/i0.wp.com\/biteback.be\/wp-content\/uploads\/2024\/01\/varkensleed-vlaanderen-antwerpen.jpg?fit=1920%2C1080&ssl=1\" \/>\n\t<meta property=\"og:image:width\" content=\"1920\" \/>\n\t<meta property=\"og:image:height\" content=\"1080\" \/>\n\t<meta property=\"og:image:type\" content=\"image\/jpeg\" \/>\n<meta name=\"twitter:card\" content=\"summary_large_image\" \/>\n<meta name=\"twitter:label1\" content=\"Dur\u00e9e de lecture est.\" \/>\n\t<meta name=\"twitter:data1\" content=\"3 minutes\" \/>\n<script type=\"application\/ld+json\" class=\"yoast-schema-graph\">{\"@context\":\"https:\\\/\\\/schema.org\",\"@graph\":[{\"@type\":\"WebPage\",\"@id\":\"https:\\\/\\\/biteback.be\\\/weet-wie-je-eet\\\/\",\"url\":\"https:\\\/\\\/biteback.be\\\/weet-wie-je-eet\\\/\",\"name\":\"Weet wie je eet - Bite Back\",\"isPartOf\":{\"@id\":\"https:\\\/\\\/biteback.be\\\/#website\"},\"primaryImageOfPage\":{\"@id\":\"https:\\\/\\\/biteback.be\\\/weet-wie-je-eet\\\/#primaryimage\"},\"image\":{\"@id\":\"https:\\\/\\\/biteback.be\\\/weet-wie-je-eet\\\/#primaryimage\"},\"thumbnailUrl\":\"https:\\\/\\\/i0.wp.com\\\/biteback.be\\\/wp-content\\\/uploads\\\/2024\\\/01\\\/varkensleed-vlaanderen-antwerpen.jpg?fit=1920%2C1080&ssl=1\",\"datePublished\":\"2024-01-31T13:51:26+00:00\",\"dateModified\":\"2024-01-31T13:55:13+00:00\",\"breadcrumb\":{\"@id\":\"https:\\\/\\\/biteback.be\\\/weet-wie-je-eet\\\/#breadcrumb\"},\"inLanguage\":\"fr-BE\",\"potentialAction\":[{\"@type\":\"ReadAction\",\"target\":[\"https:\\\/\\\/biteback.be\\\/weet-wie-je-eet\\\/\"]}]},{\"@type\":\"ImageObject\",\"inLanguage\":\"fr-BE\",\"@id\":\"https:\\\/\\\/biteback.be\\\/weet-wie-je-eet\\\/#primaryimage\",\"url\":\"https:\\\/\\\/i0.wp.com\\\/biteback.be\\\/wp-content\\\/uploads\\\/2024\\\/01\\\/varkensleed-vlaanderen-antwerpen.jpg?fit=1920%2C1080&ssl=1\",\"contentUrl\":\"https:\\\/\\\/i0.wp.com\\\/biteback.be\\\/wp-content\\\/uploads\\\/2024\\\/01\\\/varkensleed-vlaanderen-antwerpen.jpg?fit=1920%2C1080&ssl=1\",\"width\":1920,\"height\":1080,\"caption\":\"Weet wie je eet\"},{\"@type\":\"BreadcrumbList\",\"@id\":\"https:\\\/\\\/biteback.be\\\/weet-wie-je-eet\\\/#breadcrumb\",\"itemListElement\":[{\"@type\":\"ListItem\",\"position\":1,\"name\":\"Home\",\"item\":\"https:\\\/\\\/biteback.be\\\/\"},{\"@type\":\"ListItem\",\"position\":2,\"name\":\"Weet wie je eet\"}]},{\"@type\":\"WebSite\",\"@id\":\"https:\\\/\\\/biteback.be\\\/#website\",\"url\":\"https:\\\/\\\/biteback.be\\\/\",\"name\":\"Bite Back\",\"description\":\"Bite Back - Dierenrechtenorganisatie\",\"publisher\":{\"@id\":\"https:\\\/\\\/biteback.be\\\/#organization\"},\"potentialAction\":[{\"@type\":\"SearchAction\",\"target\":{\"@type\":\"EntryPoint\",\"urlTemplate\":\"https:\\\/\\\/biteback.be\\\/?s={search_term_string}\"},\"query-input\":{\"@type\":\"PropertyValueSpecification\",\"valueRequired\":true,\"valueName\":\"search_term_string\"}}],\"inLanguage\":\"fr-BE\"},{\"@type\":\"Organization\",\"@id\":\"https:\\\/\\\/biteback.be\\\/#organization\",\"name\":\"Bite Back\",\"url\":\"https:\\\/\\\/biteback.be\\\/\",\"logo\":{\"@type\":\"ImageObject\",\"inLanguage\":\"fr-BE\",\"@id\":\"https:\\\/\\\/biteback.be\\\/#\\\/schema\\\/logo\\\/image\\\/\",\"url\":\"https:\\\/\\\/i0.wp.com\\\/biteback.be\\\/wp-content\\\/uploads\\\/2023\\\/09\\\/bite-back-logo-1.jpg?fit=212%2C80&ssl=1\",\"contentUrl\":\"https:\\\/\\\/i0.wp.com\\\/biteback.be\\\/wp-content\\\/uploads\\\/2023\\\/09\\\/bite-back-logo-1.jpg?fit=212%2C80&ssl=1\",\"width\":212,\"height\":80,\"caption\":\"Bite Back\"},\"image\":{\"@id\":\"https:\\\/\\\/biteback.be\\\/#\\\/schema\\\/logo\\\/image\\\/\"}}]}<\/script>\n<!-- \/ Yoast SEO plugin. -->","yoast_head_json":{"title":"Weet wie je eet - Bite Back","robots":{"index":"index","follow":"follow","max-snippet":"max-snippet:-1","max-image-preview":"max-image-preview:large","max-video-preview":"max-video-preview:-1"},"canonical":"https:\/\/biteback.be\/fr\/weet-wie-je-eet\/","og_locale":"fr_FR","og_type":"article","og_title":"Weet wie je eet - Bite Back","og_description":"In de dierindustrie worden dieren voor hun vlees, melk, of eieren gefokt. Ze worden gebruikt en vroegtijdig gedood. Ze worden niet gezien als individu maar als product en ook zo behandeld. De dieren&hellip;","og_url":"https:\/\/biteback.be\/fr\/weet-wie-je-eet\/","og_site_name":"Bite Back","article_modified_time":"2024-01-31T13:55:13+00:00","og_image":[{"width":1920,"height":1080,"url":"https:\/\/i0.wp.com\/biteback.be\/wp-content\/uploads\/2024\/01\/varkensleed-vlaanderen-antwerpen.jpg?fit=1920%2C1080&ssl=1","type":"image\/jpeg"}],"twitter_card":"summary_large_image","twitter_misc":{"Dur\u00e9e de lecture est.":"3 minutes"},"schema":{"@context":"https:\/\/schema.org","@graph":[{"@type":"WebPage","@id":"https:\/\/biteback.be\/weet-wie-je-eet\/","url":"https:\/\/biteback.be\/weet-wie-je-eet\/","name":"Weet wie je eet - Bite Back","isPartOf":{"@id":"https:\/\/biteback.be\/#website"},"primaryImageOfPage":{"@id":"https:\/\/biteback.be\/weet-wie-je-eet\/#primaryimage"},"image":{"@id":"https:\/\/biteback.be\/weet-wie-je-eet\/#primaryimage"},"thumbnailUrl":"https:\/\/i0.wp.com\/biteback.be\/wp-content\/uploads\/2024\/01\/varkensleed-vlaanderen-antwerpen.jpg?fit=1920%2C1080&ssl=1","datePublished":"2024-01-31T13:51:26+00:00","dateModified":"2024-01-31T13:55:13+00:00","breadcrumb":{"@id":"https:\/\/biteback.be\/weet-wie-je-eet\/#breadcrumb"},"inLanguage":"fr-BE","potentialAction":[{"@type":"ReadAction","target":["https:\/\/biteback.be\/weet-wie-je-eet\/"]}]},{"@type":"ImageObject","inLanguage":"fr-BE","@id":"https:\/\/biteback.be\/weet-wie-je-eet\/#primaryimage","url":"https:\/\/i0.wp.com\/biteback.be\/wp-content\/uploads\/2024\/01\/varkensleed-vlaanderen-antwerpen.jpg?fit=1920%2C1080&ssl=1","contentUrl":"https:\/\/i0.wp.com\/biteback.be\/wp-content\/uploads\/2024\/01\/varkensleed-vlaanderen-antwerpen.jpg?fit=1920%2C1080&ssl=1","width":1920,"height":1080,"caption":"Weet wie je eet"},{"@type":"BreadcrumbList","@id":"https:\/\/biteback.be\/weet-wie-je-eet\/#breadcrumb","itemListElement":[{"@type":"ListItem","position":1,"name":"Home","item":"https:\/\/biteback.be\/"},{"@type":"ListItem","position":2,"name":"Weet wie je eet"}]},{"@type":"WebSite","@id":"https:\/\/biteback.be\/#website","url":"https:\/\/biteback.be\/","name":"Bite Back","description":"Bite Back - Dierenrechtenorganisatie","publisher":{"@id":"https:\/\/biteback.be\/#organization"},"potentialAction":[{"@type":"SearchAction","target":{"@type":"EntryPoint","urlTemplate":"https:\/\/biteback.be\/?s={search_term_string}"},"query-input":{"@type":"PropertyValueSpecification","valueRequired":true,"valueName":"search_term_string"}}],"inLanguage":"fr-BE"},{"@type":"Organization","@id":"https:\/\/biteback.be\/#organization","name":"Bite Back","url":"https:\/\/biteback.be\/","logo":{"@type":"ImageObject","inLanguage":"fr-BE","@id":"https:\/\/biteback.be\/#\/schema\/logo\/image\/","url":"https:\/\/i0.wp.com\/biteback.be\/wp-content\/uploads\/2023\/09\/bite-back-logo-1.jpg?fit=212%2C80&ssl=1","contentUrl":"https:\/\/i0.wp.com\/biteback.be\/wp-content\/uploads\/2023\/09\/bite-back-logo-1.jpg?fit=212%2C80&ssl=1","width":212,"height":80,"caption":"Bite Back"},"image":{"@id":"https:\/\/biteback.be\/#\/schema\/logo\/image\/"}}]}},"jetpack_sharing_enabled":true,"jetpack-related-posts":[],"jetpack_shortlink":"https:\/\/wp.me\/Pf4e0W-kjr","_links":{"self":[{"href":"https:\/\/biteback.be\/fr\/wp-json\/wp\/v2\/pages\/78085","targetHints":{"allow":["GET"]}}],"collection":[{"href":"https:\/\/biteback.be\/fr\/wp-json\/wp\/v2\/pages"}],"about":[{"href":"https:\/\/biteback.be\/fr\/wp-json\/wp\/v2\/types\/page"}],"author":[{"embeddable":true,"href":"https:\/\/biteback.be\/fr\/wp-json\/wp\/v2\/users\/2"}],"replies":[{"embeddable":true,"href":"https:\/\/biteback.be\/fr\/wp-json\/wp\/v2\/comments?post=78085"}],"version-history":[{"count":0,"href":"https:\/\/biteback.be\/fr\/wp-json\/wp\/v2\/pages\/78085\/revisions"}],"wp:featuredmedia":[{"embeddable":true,"href":"https:\/\/biteback.be\/fr\/wp-json\/wp\/v2\/media\/78088"}],"wp:attachment":[{"href":"https:\/\/biteback.be\/fr\/wp-json\/wp\/v2\/media?parent=78085"}],"wp:term":[{"taxonomy":"category","embeddable":true,"href":"https:\/\/biteback.be\/fr\/wp-json\/wp\/v2\/categories?post=78085"},{"taxonomy":"post_tag","embeddable":true,"href":"https:\/\/biteback.be\/fr\/wp-json\/wp\/v2\/tags?post=78085"}],"curies":[{"name":"wp","href":"https:\/\/api.w.org\/{rel}","templated":true}]}}