{"id":77626,"date":"2024-01-30T09:16:38","date_gmt":"2024-01-30T08:16:38","guid":{"rendered":"https:\/\/biteback.be\/?page_id=77626"},"modified":"2024-01-31T11:23:25","modified_gmt":"2024-01-31T10:23:25","slug":"uitgemolken","status":"publish","type":"page","link":"https:\/\/biteback.be\/fr\/campagnes\/stop-de-dierindustrie\/uitgemolken\/","title":{"rendered":"Traites"},"content":{"rendered":"<div data-elementor-type=\"wp-page\" data-elementor-id=\"77626\" class=\"elementor elementor-77626\">\n\t\t\t\t\t\t<section class=\"elementor-section elementor-top-section elementor-element elementor-element-c94bea4 elementor-section-full_width elementor-section-height-default elementor-section-height-default\" data-id=\"c94bea4\" data-element_type=\"section\" data-e-type=\"section\">\n\t\t\t\t\t\t<div class=\"elementor-container elementor-column-gap-extended\">\n\t\t\t\t\t<div class=\"elementor-column elementor-col-100 elementor-top-column elementor-element elementor-element-2923db5 sc_inner_width_none sc_content_align_inherit sc_layouts_column_icons_position_left\" data-id=\"2923db5\" data-element_type=\"column\" data-e-type=\"column\">\n\t\t\t<div class=\"elementor-widget-wrap elementor-element-populated\">\n\t\t\t\t\t\t<div class=\"elementor-element elementor-element-f80e574 sc_fly_static elementor-widget elementor-widget-text-editor\" data-id=\"f80e574\" data-element_type=\"widget\" data-e-type=\"widget\" data-widget_type=\"text-editor.default\">\n\t\t\t\t<div class=\"elementor-widget-container\">\n\t\t\t\t\t\t\t\t\t<h2>Hoe de zuivelindustrie dieren, mensen en milieu uitbuit.<\/h2><p>Heel wat mensen weten niet dat koeien een kalfje moeten krijgen, voor ze melk kunnen geven. Als je erover nadenkt is het nochtans logisch. Een koe is een zoogdier en zoogdieren produceren pas melk als ze een jong krijgen. Net zoals bij mensen geven koeien dus melk om hun jongen te eten te geven.<\/p><p>Lis\u00a0<a href=\"https:\/\/issuu.com\/biteback\/docs\/uitgemolken_rapport\" target=\"_blank\" rel=\"noopener\">ici<\/a>\u00a0het volledige rapport\u00a0\u201cUitgemolken. Hoe de zuivelindustrie dieren, mensen en milieu uitbuit.\u201d<\/p><p><iframe style=\"border: none; width: 100%; height: 500px;\" src=\"https:\/\/e.issuu.com\/anonymous-embed.html?u=biteback&amp;d=uitgemolken_rapport\" allowfullscreen=\"allowfullscreen\" data-mce-fragment=\"1\"><\/iframe><\/p>\t\t\t\t\t\t\t\t<\/div>\n\t\t\t\t<\/div>\n\t\t\t\t\t<\/div>\n\t\t<\/div>\n\t\t\t\t\t<\/div>\n\t\t<\/section>\n\t\t\t\t<section class=\"elementor-section elementor-top-section elementor-element elementor-element-d4ca02f elementor-section-boxed elementor-section-height-default elementor-section-height-default\" data-id=\"d4ca02f\" data-element_type=\"section\" data-e-type=\"section\">\n\t\t\t\t\t\t<div class=\"elementor-container elementor-column-gap-extended\">\n\t\t\t\t\t<div class=\"elementor-column elementor-col-100 elementor-top-column elementor-element elementor-element-22d49f5 sc_inner_width_none sc_content_align_inherit sc_layouts_column_icons_position_left\" data-id=\"22d49f5\" data-element_type=\"column\" data-e-type=\"column\">\n\t\t\t<div class=\"elementor-widget-wrap elementor-element-populated\">\n\t\t\t\t\t\t<div class=\"elementor-element elementor-element-da87c7f sc_fly_static elementor-widget elementor-widget-text-editor\" data-id=\"da87c7f\" data-element_type=\"widget\" data-e-type=\"widget\" data-widget_type=\"text-editor.default\">\n\t\t\t\t<div class=\"elementor-widget-container\">\n\t\t\t\t\t\t\t\t\t<p>Met z\u2019n allen consumeren we zoveel zuivel \u2013 denk maar aan verschillende soorten melk, kaas, yoghurt, room, boter en alle andere producten die melk bevatten \u2013 dat melkveeboeren alle melk van hun koeien voor de verkoop houden. Dit betekent dat pasgeboren kalfjes al enkele uren na hun geboorte weggehaald worden bij hun moeder. Ze krijgen kunstmelk te drinken en worden alleen in een kalverbox gezet, zonder hun moeder en zonder hun melk. Onder natuurlijke omstandigheden zouden de kalfjes 6 tot 12 maanden lang melk bij hun moeder drinken en zouden ze minstens net zo lang van elkaars gezelschap genieten. Mannelijke kalfjes zijn een \u2018bijproduct\u2019, ze worden vetgemest om als kalfsvlees te dienen. Het grootste deel van de vrouwelijke kalfjes wordt opnieuw ingezet als melkkoe, waardoor de volledige cyclus opnieuw begint.<\/p><p>Maar we hebben toch zuivelproducten nodig om gezond te kunnen leven? Nee, net niet. Alle gezondheidsvoordelen van zuivel zijn ook uit puur plantaardige producten te halen. Aan zuivel kleven ook nadelen voor je gezondheid. Er zitten bijvoorbeeld heel wat verzadigde vetten in de meeste zuivelproducten, die zijn slecht voor je cholesterol en voor je hart. Uit onderzoek blijkt zelfs dat melkproducten ni \u00e9t beschermend werken tegen botontkalking, wat toch lange tijd \u00e9 \u00e9n van de slogans van de zuivelindustrie was. Calcium, vitamine D en B12 kun je evengoed uit verrijkte plantaardige melk halen. Plantenmelk biedt dezelfde voordelen maar heeft niet de nadelen van koemelk.<\/p><p>Ook voor het milieu laat je zuivel beter aan de kant staan. De vlees- en zuivelindustrie heeft wereldwijd een enorme impact op het milieu, de industrie is verantwoordelijk voor minstens 14,5% van de uitstoot van broeikasgassen.\u00a0Voor de productie van zuivel wordt er heel wat energie en water verbruikt, v \u00e9 \u00e9l meer dan voor plantaardige producten. We krijgen vervuiling door de uitstoot van stikstof en fosfor, de biodiversiteit gaat achteruit, er wordt ontzettend veel land gebruikt, antibiotica en andere medicijnen komen in ons grondwater, \u2026 De impact op onze aarde is zoveel groter dan die van plantaardige producten.<\/p><p>En het kan zo makkelijk anders. Met deze campagne willen we je, op een eerlijke manier, informeren over het leven van zuivelkoeien, de impact op het milieu en op je eigen gezondheid. Maar we willen je ook laten weten dat het anders kan, dat je geen zuivel nodig hebt om lekker te kunnen eten en ook niet om gezond te zijn. Dat het leven voor boeren anders kan worden, dat er maatregelen genomen kunnen worden waar iedereen beter van wordt. Dat dieren anders kunnen leven, een leven vol liefde en in vrijheid.<\/p>\t\t\t\t\t\t\t\t<\/div>\n\t\t\t\t<\/div>\n\t\t\t\t\t<\/div>\n\t\t<\/div>\n\t\t\t\t\t<\/div>\n\t\t<\/section>\n\t\t\t\t<section class=\"elementor-section elementor-top-section elementor-element elementor-element-4d6a3e1 elementor-section-boxed elementor-section-height-default elementor-section-height-default\" data-id=\"4d6a3e1\" data-element_type=\"section\" data-e-type=\"section\">\n\t\t\t\t\t\t<div class=\"elementor-container elementor-column-gap-extended\">\n\t\t\t\t\t<div class=\"elementor-column elementor-col-100 elementor-top-column elementor-element elementor-element-b0bd6d6 sc_inner_width_none sc_content_align_inherit sc_layouts_column_icons_position_left\" data-id=\"b0bd6d6\" data-element_type=\"column\" data-e-type=\"column\">\n\t\t\t<div class=\"elementor-widget-wrap elementor-element-populated\">\n\t\t\t\t\t\t<div class=\"elementor-element elementor-element-5f4761b sc_fly_static elementor-widget elementor-widget-heading\" data-id=\"5f4761b\" data-element_type=\"widget\" data-e-type=\"widget\" data-widget_type=\"heading.default\">\n\t\t\t\t<div class=\"elementor-widget-container\">\n\t\t\t\t\t<h4 class=\"elementor-heading-title elementor-size-default\">Lees meer over bepaalde aspecten van de zuivelindustrie<\/h4>\t\t\t\t<\/div>\n\t\t\t\t<\/div>\n\t\t\t\t\t<\/div>\n\t\t<\/div>\n\t\t\t\t\t<\/div>\n\t\t<\/section>\n\t\t\t\t<\/div>","protected":false},"excerpt":{"rendered":"<p>Hoe de zuivelindustrie dieren, mensen en milieu uitbuit. Heel wat mensen weten niet dat koeien een kalfje moeten krijgen, voor ze melk kunnen geven. Als je erover nadenkt is het nochtans logisch. Een&hellip;<\/p>","protected":false},"author":2,"featured_media":77847,"parent":3313,"menu_order":0,"comment_status":"closed","ping_status":"closed","template":"elementor_header_footer","meta":{"footnotes":""},"categories":[54],"tags":[80],"class_list":["post-77626","page","type-page","status-publish","has-post-thumbnail","hentry","category-stop-de-dierindustrie","tag-stop-de-dierindustrie"],"yoast_head":"<!-- This site is optimized with the Yoast SEO plugin v27.4 - https:\/\/yoast.com\/product\/yoast-seo-wordpress\/ -->\n<title>Uitgemolken - Bite Back<\/title>\n<meta name=\"robots\" content=\"index, follow, max-snippet:-1, max-image-preview:large, max-video-preview:-1\" \/>\n<link rel=\"canonical\" href=\"https:\/\/biteback.be\/fr\/campagnes\/stop-de-dierindustrie\/uitgemolken\/\" \/>\n<meta property=\"og:locale\" content=\"fr_FR\" \/>\n<meta property=\"og:type\" content=\"article\" \/>\n<meta property=\"og:title\" content=\"Uitgemolken - Bite Back\" \/>\n<meta property=\"og:description\" content=\"Hoe de zuivelindustrie dieren, mensen en milieu uitbuit. Heel wat mensen weten niet dat koeien een kalfje moeten krijgen, voor ze melk kunnen geven. Als je erover nadenkt is het nochtans logisch. Een&hellip;\" \/>\n<meta property=\"og:url\" content=\"https:\/\/biteback.be\/fr\/campagnes\/stop-de-dierindustrie\/uitgemolken\/\" \/>\n<meta property=\"og:site_name\" content=\"Bite Back\" \/>\n<meta property=\"article:modified_time\" content=\"2024-01-31T10:23:25+00:00\" \/>\n<meta property=\"og:image\" content=\"https:\/\/i0.wp.com\/biteback.be\/wp-content\/uploads\/2024\/01\/uitgemolken.jpg?fit=1920%2C1280&ssl=1\" \/>\n\t<meta property=\"og:image:width\" content=\"1920\" \/>\n\t<meta property=\"og:image:height\" content=\"1280\" \/>\n\t<meta property=\"og:image:type\" content=\"image\/jpeg\" \/>\n<meta name=\"twitter:card\" content=\"summary_large_image\" \/>\n<meta name=\"twitter:label1\" content=\"Dur\u00e9e de lecture est.\" \/>\n\t<meta name=\"twitter:data1\" content=\"4 minutes\" \/>\n<script type=\"application\/ld+json\" class=\"yoast-schema-graph\">{\"@context\":\"https:\\\/\\\/schema.org\",\"@graph\":[{\"@type\":\"WebPage\",\"@id\":\"https:\\\/\\\/biteback.be\\\/campagnes\\\/stop-de-dierindustrie\\\/uitgemolken\\\/\",\"url\":\"https:\\\/\\\/biteback.be\\\/campagnes\\\/stop-de-dierindustrie\\\/uitgemolken\\\/\",\"name\":\"Uitgemolken - Bite Back\",\"isPartOf\":{\"@id\":\"https:\\\/\\\/biteback.be\\\/#website\"},\"primaryImageOfPage\":{\"@id\":\"https:\\\/\\\/biteback.be\\\/campagnes\\\/stop-de-dierindustrie\\\/uitgemolken\\\/#primaryimage\"},\"image\":{\"@id\":\"https:\\\/\\\/biteback.be\\\/campagnes\\\/stop-de-dierindustrie\\\/uitgemolken\\\/#primaryimage\"},\"thumbnailUrl\":\"https:\\\/\\\/i0.wp.com\\\/biteback.be\\\/wp-content\\\/uploads\\\/2024\\\/01\\\/uitgemolken.jpg?fit=1920%2C1280&ssl=1\",\"datePublished\":\"2024-01-30T08:16:38+00:00\",\"dateModified\":\"2024-01-31T10:23:25+00:00\",\"breadcrumb\":{\"@id\":\"https:\\\/\\\/biteback.be\\\/campagnes\\\/stop-de-dierindustrie\\\/uitgemolken\\\/#breadcrumb\"},\"inLanguage\":\"fr-BE\",\"potentialAction\":[{\"@type\":\"ReadAction\",\"target\":[\"https:\\\/\\\/biteback.be\\\/campagnes\\\/stop-de-dierindustrie\\\/uitgemolken\\\/\"]}]},{\"@type\":\"ImageObject\",\"inLanguage\":\"fr-BE\",\"@id\":\"https:\\\/\\\/biteback.be\\\/campagnes\\\/stop-de-dierindustrie\\\/uitgemolken\\\/#primaryimage\",\"url\":\"https:\\\/\\\/i0.wp.com\\\/biteback.be\\\/wp-content\\\/uploads\\\/2024\\\/01\\\/uitgemolken.jpg?fit=1920%2C1280&ssl=1\",\"contentUrl\":\"https:\\\/\\\/i0.wp.com\\\/biteback.be\\\/wp-content\\\/uploads\\\/2024\\\/01\\\/uitgemolken.jpg?fit=1920%2C1280&ssl=1\",\"width\":1920,\"height\":1280,\"caption\":\"uitgemolken\"},{\"@type\":\"BreadcrumbList\",\"@id\":\"https:\\\/\\\/biteback.be\\\/campagnes\\\/stop-de-dierindustrie\\\/uitgemolken\\\/#breadcrumb\",\"itemListElement\":[{\"@type\":\"ListItem\",\"position\":1,\"name\":\"Home\",\"item\":\"https:\\\/\\\/biteback.be\\\/\"},{\"@type\":\"ListItem\",\"position\":2,\"name\":\"Campagnes\",\"item\":\"https:\\\/\\\/biteback.be\\\/campagnes\\\/\"},{\"@type\":\"ListItem\",\"position\":3,\"name\":\"Stop de Dierindustrie\",\"item\":\"https:\\\/\\\/biteback.be\\\/campagnes\\\/stop-de-dierindustrie\\\/\"},{\"@type\":\"ListItem\",\"position\":4,\"name\":\"Uitgemolken\"}]},{\"@type\":\"WebSite\",\"@id\":\"https:\\\/\\\/biteback.be\\\/#website\",\"url\":\"https:\\\/\\\/biteback.be\\\/\",\"name\":\"Bite Back\",\"description\":\"Bite Back - Dierenrechtenorganisatie\",\"publisher\":{\"@id\":\"https:\\\/\\\/biteback.be\\\/#organization\"},\"potentialAction\":[{\"@type\":\"SearchAction\",\"target\":{\"@type\":\"EntryPoint\",\"urlTemplate\":\"https:\\\/\\\/biteback.be\\\/?s={search_term_string}\"},\"query-input\":{\"@type\":\"PropertyValueSpecification\",\"valueRequired\":true,\"valueName\":\"search_term_string\"}}],\"inLanguage\":\"fr-BE\"},{\"@type\":\"Organization\",\"@id\":\"https:\\\/\\\/biteback.be\\\/#organization\",\"name\":\"Bite Back\",\"url\":\"https:\\\/\\\/biteback.be\\\/\",\"logo\":{\"@type\":\"ImageObject\",\"inLanguage\":\"fr-BE\",\"@id\":\"https:\\\/\\\/biteback.be\\\/#\\\/schema\\\/logo\\\/image\\\/\",\"url\":\"https:\\\/\\\/i0.wp.com\\\/biteback.be\\\/wp-content\\\/uploads\\\/2023\\\/09\\\/bite-back-logo-1.jpg?fit=212%2C80&ssl=1\",\"contentUrl\":\"https:\\\/\\\/i0.wp.com\\\/biteback.be\\\/wp-content\\\/uploads\\\/2023\\\/09\\\/bite-back-logo-1.jpg?fit=212%2C80&ssl=1\",\"width\":212,\"height\":80,\"caption\":\"Bite Back\"},\"image\":{\"@id\":\"https:\\\/\\\/biteback.be\\\/#\\\/schema\\\/logo\\\/image\\\/\"}}]}<\/script>\n<!-- \/ Yoast SEO plugin. -->","yoast_head_json":{"title":"Uitgemolken - Bite Back","robots":{"index":"index","follow":"follow","max-snippet":"max-snippet:-1","max-image-preview":"max-image-preview:large","max-video-preview":"max-video-preview:-1"},"canonical":"https:\/\/biteback.be\/fr\/campagnes\/stop-de-dierindustrie\/uitgemolken\/","og_locale":"fr_FR","og_type":"article","og_title":"Uitgemolken - Bite Back","og_description":"Hoe de zuivelindustrie dieren, mensen en milieu uitbuit. Heel wat mensen weten niet dat koeien een kalfje moeten krijgen, voor ze melk kunnen geven. Als je erover nadenkt is het nochtans logisch. Een&hellip;","og_url":"https:\/\/biteback.be\/fr\/campagnes\/stop-de-dierindustrie\/uitgemolken\/","og_site_name":"Bite Back","article_modified_time":"2024-01-31T10:23:25+00:00","og_image":[{"width":1920,"height":1280,"url":"https:\/\/i0.wp.com\/biteback.be\/wp-content\/uploads\/2024\/01\/uitgemolken.jpg?fit=1920%2C1280&ssl=1","type":"image\/jpeg"}],"twitter_card":"summary_large_image","twitter_misc":{"Dur\u00e9e de lecture est.":"4 minutes"},"schema":{"@context":"https:\/\/schema.org","@graph":[{"@type":"WebPage","@id":"https:\/\/biteback.be\/campagnes\/stop-de-dierindustrie\/uitgemolken\/","url":"https:\/\/biteback.be\/campagnes\/stop-de-dierindustrie\/uitgemolken\/","name":"Uitgemolken - Bite Back","isPartOf":{"@id":"https:\/\/biteback.be\/#website"},"primaryImageOfPage":{"@id":"https:\/\/biteback.be\/campagnes\/stop-de-dierindustrie\/uitgemolken\/#primaryimage"},"image":{"@id":"https:\/\/biteback.be\/campagnes\/stop-de-dierindustrie\/uitgemolken\/#primaryimage"},"thumbnailUrl":"https:\/\/i0.wp.com\/biteback.be\/wp-content\/uploads\/2024\/01\/uitgemolken.jpg?fit=1920%2C1280&ssl=1","datePublished":"2024-01-30T08:16:38+00:00","dateModified":"2024-01-31T10:23:25+00:00","breadcrumb":{"@id":"https:\/\/biteback.be\/campagnes\/stop-de-dierindustrie\/uitgemolken\/#breadcrumb"},"inLanguage":"fr-BE","potentialAction":[{"@type":"ReadAction","target":["https:\/\/biteback.be\/campagnes\/stop-de-dierindustrie\/uitgemolken\/"]}]},{"@type":"ImageObject","inLanguage":"fr-BE","@id":"https:\/\/biteback.be\/campagnes\/stop-de-dierindustrie\/uitgemolken\/#primaryimage","url":"https:\/\/i0.wp.com\/biteback.be\/wp-content\/uploads\/2024\/01\/uitgemolken.jpg?fit=1920%2C1280&ssl=1","contentUrl":"https:\/\/i0.wp.com\/biteback.be\/wp-content\/uploads\/2024\/01\/uitgemolken.jpg?fit=1920%2C1280&ssl=1","width":1920,"height":1280,"caption":"uitgemolken"},{"@type":"BreadcrumbList","@id":"https:\/\/biteback.be\/campagnes\/stop-de-dierindustrie\/uitgemolken\/#breadcrumb","itemListElement":[{"@type":"ListItem","position":1,"name":"Home","item":"https:\/\/biteback.be\/"},{"@type":"ListItem","position":2,"name":"Campagnes","item":"https:\/\/biteback.be\/campagnes\/"},{"@type":"ListItem","position":3,"name":"Stop de Dierindustrie","item":"https:\/\/biteback.be\/campagnes\/stop-de-dierindustrie\/"},{"@type":"ListItem","position":4,"name":"Uitgemolken"}]},{"@type":"WebSite","@id":"https:\/\/biteback.be\/#website","url":"https:\/\/biteback.be\/","name":"Bite Back","description":"Bite Back - Dierenrechtenorganisatie","publisher":{"@id":"https:\/\/biteback.be\/#organization"},"potentialAction":[{"@type":"SearchAction","target":{"@type":"EntryPoint","urlTemplate":"https:\/\/biteback.be\/?s={search_term_string}"},"query-input":{"@type":"PropertyValueSpecification","valueRequired":true,"valueName":"search_term_string"}}],"inLanguage":"fr-BE"},{"@type":"Organization","@id":"https:\/\/biteback.be\/#organization","name":"Bite Back","url":"https:\/\/biteback.be\/","logo":{"@type":"ImageObject","inLanguage":"fr-BE","@id":"https:\/\/biteback.be\/#\/schema\/logo\/image\/","url":"https:\/\/i0.wp.com\/biteback.be\/wp-content\/uploads\/2023\/09\/bite-back-logo-1.jpg?fit=212%2C80&ssl=1","contentUrl":"https:\/\/i0.wp.com\/biteback.be\/wp-content\/uploads\/2023\/09\/bite-back-logo-1.jpg?fit=212%2C80&ssl=1","width":212,"height":80,"caption":"Bite Back"},"image":{"@id":"https:\/\/biteback.be\/#\/schema\/logo\/image\/"}}]}},"jetpack_sharing_enabled":true,"jetpack-related-posts":[],"jetpack_shortlink":"https:\/\/wp.me\/Pf4e0W-kc2","_links":{"self":[{"href":"https:\/\/biteback.be\/fr\/wp-json\/wp\/v2\/pages\/77626","targetHints":{"allow":["GET"]}}],"collection":[{"href":"https:\/\/biteback.be\/fr\/wp-json\/wp\/v2\/pages"}],"about":[{"href":"https:\/\/biteback.be\/fr\/wp-json\/wp\/v2\/types\/page"}],"author":[{"embeddable":true,"href":"https:\/\/biteback.be\/fr\/wp-json\/wp\/v2\/users\/2"}],"replies":[{"embeddable":true,"href":"https:\/\/biteback.be\/fr\/wp-json\/wp\/v2\/comments?post=77626"}],"version-history":[{"count":1,"href":"https:\/\/biteback.be\/fr\/wp-json\/wp\/v2\/pages\/77626\/revisions"}],"predecessor-version":[{"id":87050,"href":"https:\/\/biteback.be\/fr\/wp-json\/wp\/v2\/pages\/77626\/revisions\/87050"}],"up":[{"embeddable":true,"href":"https:\/\/biteback.be\/fr\/wp-json\/wp\/v2\/pages\/3313"}],"wp:featuredmedia":[{"embeddable":true,"href":"https:\/\/biteback.be\/fr\/wp-json\/wp\/v2\/media\/77847"}],"wp:attachment":[{"href":"https:\/\/biteback.be\/fr\/wp-json\/wp\/v2\/media?parent=77626"}],"wp:term":[{"taxonomy":"category","embeddable":true,"href":"https:\/\/biteback.be\/fr\/wp-json\/wp\/v2\/categories?post=77626"},{"taxonomy":"post_tag","embeddable":true,"href":"https:\/\/biteback.be\/fr\/wp-json\/wp\/v2\/tags?post=77626"}],"curies":[{"name":"wp","href":"https:\/\/api.w.org\/{rel}","templated":true}]}}