{"id":3071,"date":"2023-10-15T09:02:23","date_gmt":"2023-10-15T09:02:23","guid":{"rendered":"https:\/\/biteback.be\/?page_id=3071"},"modified":"2025-02-14T14:53:41","modified_gmt":"2025-02-14T13:53:41","slug":"word-activist","status":"publish","type":"page","link":"https:\/\/biteback.be\/fr\/word-activist\/","title":{"rendered":"Devenez militant"},"content":{"rendered":"<div data-elementor-type=\"wp-page\" data-elementor-id=\"3071\" class=\"elementor elementor-3071\">\n\t\t\t\t\t\t<section class=\"elementor-section elementor-top-section elementor-element elementor-element-6a071417 elementor-section-boxed elementor-section-height-default elementor-section-height-default\" data-id=\"6a071417\" data-element_type=\"section\" data-e-type=\"section\">\n\t\t\t\t\t\t<div class=\"elementor-container elementor-column-gap-extended\">\n\t\t\t\t\t<div class=\"elementor-column elementor-col-100 elementor-top-column elementor-element elementor-element-41bd50c1 sc_inner_width_none sc_content_align_inherit sc_layouts_column_icons_position_left\" data-id=\"41bd50c1\" data-element_type=\"column\" data-e-type=\"column\">\n\t\t\t<div class=\"elementor-widget-wrap elementor-element-populated\">\n\t\t\t\t\t\t<section class=\"elementor-section elementor-inner-section elementor-element elementor-element-6d3658a elementor-section-boxed elementor-section-height-default elementor-section-height-default\" data-id=\"6d3658a\" data-element_type=\"section\" data-e-type=\"section\">\n\t\t\t\t\t\t<div class=\"elementor-container elementor-column-gap-extended\">\n\t\t\t\t\t<div class=\"elementor-column elementor-col-50 elementor-inner-column elementor-element elementor-element-3a430b3 sc_inner_width_none sc_content_align_inherit sc_layouts_column_icons_position_left\" data-id=\"3a430b3\" data-element_type=\"column\" data-e-type=\"column\">\n\t\t\t<div class=\"elementor-widget-wrap elementor-element-populated\">\n\t\t\t\t\t\t<div class=\"elementor-element elementor-element-3aba86d sc_fly_static elementor-widget elementor-widget-text-editor\" data-id=\"3aba86d\" data-element_type=\"widget\" data-e-type=\"widget\" data-widget_type=\"text-editor.default\">\n\t\t\t\t<div class=\"elementor-widget-container\">\n\t\t\t\t\t\t\t\t\t<h2>Aidez les animaux, devenez militant<\/h2><p>Vous avez un c\u0153ur pour les animaux et vous voulez contribuer activement \u00e0 la construction d'une soci\u00e9t\u00e9 inclusive ? Voulez-vous faire plus que simplement observer depuis les coulisses ? Alors rejoignez Bite Back et mettez vos talents \u00e0 profit !<\/p><p><strong>En tant que militant de Bite Back, vous contribuerez \u00e0 faire la diff\u00e9rence pour un monde plus vertueux.<\/strong><\/p><p>Wij helpen je groeien in je activisme, zodat we samen effici\u00ebnter worden voor de dieren. Samen zorgen we ervoor dat je je thuis voelt in een gemotiveerde groep vrijwilligers. Je kiest zelf of je meedoet aan acties op straat, mee protesteert tegen de industrie, of eerder achter de schermen meehelpt met o.a. onderzoek, grafisch werk, teksten schrijven of vertalen, \u2026<\/p><p><strong>Laat je gegevens achter in het formulier. We nemen dan snel contact met je op via mail.<\/strong><\/p><p>\u00a0<\/p><p><em>Gr\u00e2ce \u00e0 une \u00e9quipe passionn\u00e9e de b\u00e9n\u00e9voles motiv\u00e9s, Bite Back \u0153uvre en faveur des droits des animaux depuis pr\u00e8s de 20 ans.\u00a0<strong style=\"margin: 0px; padding: 0px; border: 0px; font-style: inherit; font-variant: inherit; font-weight: bold; font-stretch: inherit; font-size: inherit; line-height: inherit; font-family: inherit; vertical-align: baseline;\">Des animaux incapables de d\u00e9fendre leurs propres droits.<\/strong>Nous cr\u00e9ons\u00a0<strong style=\"margin: 0px; padding: 0px; border: 0px; font-style: inherit; font-variant: inherit; font-weight: bold; font-stretch: inherit; font-size: inherit; line-height: inherit; font-family: inherit; vertical-align: baseline;\">les campagnes \u00e0 grand retentissement<\/strong> die druk zetten op de overheid en bedrijven en die consumenten informeren. We onthullen dierenmishandeling door undercoveronderzoeken, zetten nieuwe technologie in om mensen te informeren over de realiteit van de dierindustrie, ondersteunen internationale campagnes om dierenleed onder de aandacht te brengen, en nog veel meer.<\/em><\/p>\t\t\t\t\t\t\t\t<\/div>\n\t\t\t\t<\/div>\n\t\t\t\t\t<\/div>\n\t\t<\/div>\n\t\t\t\t<div class=\"elementor-column elementor-col-50 elementor-inner-column elementor-element elementor-element-317fca8 sc_inner_width_none sc_content_align_inherit sc_layouts_column_icons_position_left\" data-id=\"317fca8\" data-element_type=\"column\" data-e-type=\"column\">\n\t\t\t<div class=\"elementor-widget-wrap elementor-element-populated\">\n\t\t\t\t\t\t<div class=\"elementor-element elementor-element-31b4195 sc_fly_static elementor-widget elementor-widget-text-editor\" data-id=\"31b4195\" data-element_type=\"widget\" data-e-type=\"widget\" data-widget_type=\"text-editor.default\">\n\t\t\t\t<div class=\"elementor-widget-container\">\n\t\t\t\t\t\t\t\t\t<p>\n<div class=\"wpcf7 no-js\" id=\"wpcf7-f3113-o1\" lang=\"nl-BE\" dir=\"ltr\" data-wpcf7-id=\"3113\">\n<div class=\"screen-reader-response\"><p role=\"status\" aria-live=\"polite\" aria-atomic=\"true\"><\/p> <ul><\/ul><\/div>\n<form action=\"\/fr\/wp-json\/wp\/v2\/pages\/3071#wpcf7-f3113-o1\" method=\"post\" class=\"wpcf7-form init\" aria-label=\"Contactformulier\" novalidate=\"novalidate\" data-status=\"init\" data-trp-original-action=\"\/fr\/wp-json\/wp\/v2\/pages\/3071#wpcf7-f3113-o1\">\n<fieldset class=\"hidden-fields-container\"><input type=\"hidden\" name=\"_wpcf7\" value=\"3113\" \/><input type=\"hidden\" name=\"_wpcf7_version\" value=\"6.1.5\" \/><input type=\"hidden\" name=\"_wpcf7_locale\" value=\"nl_BE\" \/><input type=\"hidden\" name=\"_wpcf7_unit_tag\" value=\"wpcf7-f3113-o1\" \/><input type=\"hidden\" name=\"_wpcf7_container_post\" value=\"0\" \/><input type=\"hidden\" name=\"_wpcf7_posted_data_hash\" value=\"\" \/><input type=\"hidden\" name=\"_wpcf7cf_hidden_group_fields\" value=\"[]\" \/><input type=\"hidden\" name=\"_wpcf7cf_hidden_groups\" value=\"[]\" \/><input type=\"hidden\" name=\"_wpcf7cf_visible_groups\" value=\"[]\" \/><input type=\"hidden\" name=\"_wpcf7cf_repeaters\" value=\"[]\" \/><input type=\"hidden\" name=\"_wpcf7cf_steps\" value=\"{}\" \/><input type=\"hidden\" name=\"_wpcf7cf_options\" value=\"{&quot;form_id&quot;:3113,&quot;conditions&quot;:[],&quot;settings&quot;:{&quot;animation&quot;:&quot;yes&quot;,&quot;animation_intime&quot;:200,&quot;animation_outtime&quot;:200,&quot;conditions_ui&quot;:&quot;normal&quot;,&quot;notice_dismissed&quot;:false,&quot;notice_dismissed_rollback-cf7-5.9.4&quot;:true}}\" \/><input type=\"hidden\" name=\"_wpcf7_recaptcha_response\" value=\"\" \/>\n<\/fieldset>\n<div class=\"columns_wrap\">\n  <div class=\"column-1_2\"><span class=\"wpcf7-form-control-wrap\" data-name=\"voornaamwoord\"><select class=\"wpcf7-form-control wpcf7-select\" id=\"voornaamwoord\" aria-invalid=\"false\" name=\"voornaamwoord\"><option value=\"Voornaamwoord\">Voornaamwoord<\/option><option value=\"Zij\/Haar\">Zij\/Haar<\/option><option value=\"Hij\/Hem\">Hij\/Hem<\/option><option value=\"Die\/Hun\">Die\/Hun<\/option><\/select><\/span><\/div>\n<\/div>\n\n<div class=\"columns_wrap\">\n<div class=\"column-1_1\"><span class=\"wpcf7-form-control-wrap\" data-name=\"text-your-name\"><input size=\"40\" maxlength=\"400\" class=\"wpcf7-form-control wpcf7-text wpcf7-validates-as-required\" aria-required=\"true\" aria-invalid=\"false\" placeholder=\"Nom\" value=\"\" type=\"text\" name=\"text-your-name\" \/><\/span><\/div>\n<\/div>\n\n<div class=\"columns_wrap\">\n  <div class=\"column-1_1\"><span class=\"wpcf7-form-control-wrap\" data-name=\"email-your-email\"><input size=\"40\" maxlength=\"400\" class=\"wpcf7-form-control wpcf7-email wpcf7-validates-as-required wpcf7-text wpcf7-validates-as-email\" aria-required=\"true\" aria-invalid=\"false\" placeholder=\"adresse e-mail\" value=\"\" type=\"email\" name=\"email-your-email\" \/><\/span><\/div>\n<\/div>\n\n<div class=\"columns_wrap\">\n  <div class=\"column-1_1\"><span class=\"wpcf7-form-control-wrap\" data-name=\"text-your-adress\"><input size=\"40\" maxlength=\"400\" class=\"wpcf7-form-control wpcf7-text wpcf7-validates-as-required\" aria-required=\"true\" aria-invalid=\"false\" placeholder=\"Adresse\" value=\"\" type=\"text\" name=\"text-your-adress\" \/><\/span><\/div>\n<\/div>\n\n<div class=\"columns_wrap\">\n  <div class=\"column-1_3\"><span class=\"wpcf7-form-control-wrap\" data-name=\"text-your-zip\"><input size=\"40\" maxlength=\"400\" class=\"wpcf7-form-control wpcf7-text wpcf7-validates-as-required\" aria-required=\"true\" aria-invalid=\"false\" placeholder=\"code postal\" value=\"\" type=\"text\" name=\"text-your-zip\" \/><\/span><\/div>\n  <div class=\"column-2_3\"><span class=\"wpcf7-form-control-wrap\" data-name=\"text-your-place\"><input size=\"40\" maxlength=\"400\" class=\"wpcf7-form-control wpcf7-text wpcf7-validates-as-required\" aria-required=\"true\" aria-invalid=\"false\" placeholder=\"ville\" value=\"\" type=\"text\" name=\"text-your-place\" \/><\/span><\/div>\n<\/div>\n\n<div class=\"columns_wrap\">\n  <div class=\"column-1_1\"><span class=\"wpcf7-form-control-wrap\" data-name=\"text-your-tel\"><input size=\"40\" maxlength=\"400\" class=\"wpcf7-form-control wpcf7-text wpcf7-validates-as-required\" aria-required=\"true\" aria-invalid=\"false\" placeholder=\"T\u00e9l\u00e9phone\" value=\"\" type=\"text\" name=\"text-your-tel\" \/><\/span><\/div>\n<\/div>\n\n<div class=\"columns_wrap\">\n\n  <div class=\"column-1_1\"><span class=\"wpcf7-form-control-wrap\" data-name=\"land\"><select class=\"wpcf7-form-control wpcf7-select\" id=\"land\" aria-invalid=\"false\" name=\"land\"><option value=\"Land\">Land<\/option><option value=\"Belgi\u00eb\">Belgi\u00eb<\/option><option value=\"Nederland\">Nederland<\/option><\/select><\/span><\/div>\n<\/div>\n\n<div class=\"columns_wrap\">\n\n  <div class=\"vraag\" style=\"width:120px\">Geboortedatum: <span class=\"wpcf7-form-control-wrap\" data-name=\"geboortedatum\"><input class=\"wpcf7-form-control wpcf7-date wpcf7-validates-as-date\" aria-invalid=\"false\" value=\"\" type=\"date\" name=\"geboortedatum\" \/><\/span><\/div>\n<\/div>\n<div class=\"columns_wrap\" style=\"padding-top:10px;\">\n  <div class=\"column-1_1 vraag\">Quelles t\u00e2ches aimeriez-vous accomplir pour Bite Back ?<\/div>\n<\/div>\n\n<div class=\"columns_wrap\" style=\"padding-bottom:10px;\">\n  <div class=\"column-1_1\"><span class=\"wpcf7-form-control-wrap\" data-name=\"taken\"><span class=\"wpcf7-form-control wpcf7-checkbox\"><span class=\"wpcf7-list-item first\"><input type=\"checkbox\" name=\"taken[]\" value=\"Geweldloze protestacties\" \/><span class=\"wpcf7-list-item-label\">Manifestations non violentes<\/span><\/span><span class=\"wpcf7-list-item\"><input type=\"checkbox\" name=\"taken[]\" value=\"Fotografie\" \/><span class=\"wpcf7-list-item-label\">Photografie<\/span><\/span><span class=\"wpcf7-list-item\"><input type=\"checkbox\" name=\"taken[]\" value=\"Video\" \/><span class=\"wpcf7-list-item-label\">Vid\u00e9o<\/span><\/span><span class=\"wpcf7-list-item\"><input type=\"checkbox\" name=\"taken[]\" value=\"Grafische vormgeving\" \/><span class=\"wpcf7-list-item-label\">Design graphique<\/span><\/span><span class=\"wpcf7-list-item\"><input type=\"checkbox\" name=\"taken[]\" value=\"Vegan outreach\" \/><span class=\"wpcf7-list-item-label\">Vegan outreach<\/span><\/span><span class=\"wpcf7-list-item\"><input type=\"checkbox\" name=\"taken[]\" value=\"Vertalen\" \/><span class=\"wpcf7-list-item-label\">Traduire<\/span><\/span><span class=\"wpcf7-list-item\"><input type=\"checkbox\" name=\"taken[]\" value=\"Onderzoek\" \/><span class=\"wpcf7-list-item-label\">La recherche<\/span><\/span><span class=\"wpcf7-list-item\"><input type=\"checkbox\" name=\"taken[]\" value=\"Ondersteuning Sociale Media\" \/><span class=\"wpcf7-list-item-label\">Soutien aux m\u00e9dias sociaux<\/span><\/span><span class=\"wpcf7-list-item\"><input type=\"checkbox\" name=\"taken[]\" value=\"Bloggen \/ Schrijven\" \/><span class=\"wpcf7-list-item-label\">Bloggen \/ Schrijven<\/span><\/span><span class=\"wpcf7-list-item\"><input type=\"checkbox\" name=\"taken[]\" value=\"Maken Vegan Gebak\" \/><span class=\"wpcf7-list-item-label\">Pr\u00e9parer des g\u00e2teaux v\u00e9g\u00e9taliens<\/span><\/span><span class=\"wpcf7-list-item last\"><input type=\"checkbox\" name=\"taken[]\" value=\"Ondersteuning IT \/ website\" \/><span class=\"wpcf7-list-item-label\">Ondersteuning IT \/ website<\/span><\/span><\/span><\/span><\/div>\n<\/div>\n\n<div class=\"columns_wrap\">\n  <div class=\"column-1_1 vraag\">Avez-vous d'autres comp\u00e9tences \u00e0 faire valoir ?<\/div>\n<\/div>\n\n<div class=\"columns_wrap\">\n  <div class=\"column-1_1\"><span class=\"wpcf7-form-control-wrap\" data-name=\"text-your-skills\"><input size=\"40\" maxlength=\"400\" class=\"wpcf7-form-control wpcf7-text wpcf7-validates-as-required\" aria-required=\"true\" aria-invalid=\"false\" value=\"\" type=\"text\" name=\"text-your-skills\" \/><\/span><\/div>\n<\/div>\n\n<div class=\"columns_wrap\">\n  <div class=\"column-1_1 vraag\">Habitudes alimentaires \/ mode de vie<\/div>\n<\/div>\n\n<div class=\"columns_wrap\">\n  <div class=\"column-1_1\"><span class=\"wpcf7-form-control-wrap\" data-name=\"your-lifestyle\"><select class=\"wpcf7-form-control wpcf7-select wpcf7-validates-as-required\" aria-required=\"true\" aria-invalid=\"false\" name=\"your-lifestyle\"><option value=\"\">&#8212;Kies een optie&#8212;<\/option><option value=\"Vegan\">Vegan<\/option><option value=\"Vegetarisch\">Vegetarisch<\/option><option value=\"Overig\">Overig<\/option><\/select><\/span><\/div>\n<\/div>\n\n<div class=\"columns_wrap\">\n  <div class=\"column-1_1 vraag\">Hoe kwam je bij Bite Back terecht? <\/div>\n<\/div>\n\n<div class=\"columns_wrap\">\n  <div class=\"column-1_1\"><span class=\"wpcf7-form-control-wrap\" data-name=\"your-source\"><select class=\"wpcf7-form-control wpcf7-select wpcf7-validates-as-required\" aria-required=\"true\" aria-invalid=\"false\" name=\"your-source\"><option value=\"\">&#8212;Kies een optie&#8212;<\/option><option value=\"Infostand\/actie\">Infostand\/actie<\/option><option value=\"Sociale media\">Sociale media<\/option><option value=\"Via een vriend\/kennis\">Via een vriend\/kennis<\/option><option value=\"overige\">overige<\/option><\/select><\/span><\/div>\n<\/div>\n\n<div class=\"columns_wrap\">\n  <div class=\"column-1_1 vraag\">Quels sont vos int\u00e9r\u00eats en mati\u00e8re de droits des animaux ? Pourquoi?<\/div>\n<\/div>\n\n<div class=\"columns_wrap\">\n  <div class=\"column-1_1\"><span class=\"wpcf7-form-control-wrap\" data-name=\"interesses\"><textarea cols=\"40\" rows=\"10\" maxlength=\"2000\" class=\"wpcf7-form-control wpcf7-textarea wpcf7-validates-as-required\" aria-required=\"true\" aria-invalid=\"false\" name=\"interesses\"><\/textarea><\/span><\/div>\n<\/div>\n\n<div class=\"columns_wrap\">\n  <div class=\"column-1_1 vraag\">Y a-t-il autre chose \u00e0 savoir?<\/div>\n<\/div>\n\n<div class=\"columns_wrap\">\n  <div class=\"column-1_1\"><span class=\"wpcf7-form-control-wrap\" data-name=\"overig\"><textarea cols=\"40\" rows=\"10\" maxlength=\"2000\" class=\"wpcf7-form-control wpcf7-textarea wpcf7-validates-as-required\" aria-required=\"true\" aria-invalid=\"false\" name=\"overig\"><\/textarea><\/span><\/div>\n<\/div>\n\n<br \/>\n\n<div class=\"columns_wrap\">\n  <div class=\"column-1_1\"> <span class=\"wpcf7-form-control-wrap\" data-name=\"acceptance-545\"><span class=\"wpcf7-form-control wpcf7-acceptance\"><span class=\"wpcf7-list-item\"><label><input type=\"checkbox\" name=\"acceptance-545\" value=\"1\" class=\"cf7-acceptance\" id=\"cf7-acceptance\" aria-invalid=\"false\" \/><span class=\"wpcf7-list-item-label\">J'accepte la <a title=\"d\u00e9claration de confidentialit\u00e9\" href=\"\/fr\/privacyverklaring\/\">d\u00e9claration de confidentialit\u00e9<\/a> gelezen en ga ermee akkoord.<\/span><\/label><\/span><\/span><\/span><\/div>\n<\/div>\n\n<div class=\"columns_wrap\">\n  <div class=\"column-1_1\"> <span class=\"wpcf7-form-control-wrap\" data-name=\"acceptance-449\"><span class=\"wpcf7-form-control wpcf7-acceptance\"><span class=\"wpcf7-list-item\"><label><input type=\"checkbox\" name=\"acceptance-449\" value=\"1\" class=\"gedragscode\" aria-invalid=\"false\" \/><span class=\"wpcf7-list-item-label\">J'accepte la <a title=\"gedragscode\" href=\"\/fr\/gedragscode\/\">gedragscode<\/a> voor vrijwilligers gelezen en ga ermee akkoord.<\/span><\/label><\/span><\/span><\/span><\/div>\n<\/div>\n\n<div class=\"columns_wrap no_spaces\">\n  <div class=\"column-1_1\">\n     <div class=\"button_wrap\"><input class=\"wpcf7-form-control wpcf7-submit has-spinner\" type=\"submit\" value=\"envoyer\" \/> <\/div>\n  <\/div>\n<\/div><div class=\"wpcf7-response-output\" aria-hidden=\"true\"><\/div>\n<input type=\"hidden\" name=\"trp-form-language\" value=\"fr\"\/><\/form>\n<\/div>\n<\/p>\t\t\t\t\t\t\t\t<\/div>\n\t\t\t\t<\/div>\n\t\t\t\t\t<\/div>\n\t\t<\/div>\n\t\t\t\t\t<\/div>\n\t\t<\/section>\n\t\t\t\t\t<\/div>\n\t\t<\/div>\n\t\t\t\t\t<\/div>\n\t\t<\/section>\n\t\t\t\t<\/div>","protected":false},"excerpt":{"rendered":"<p>Help de dieren, word activist Heb je een hart voor dieren \u00e9n wil je actief meebouwen aan een inclusieve maatschappij? Wil je meer doen dan gewoon toekijken van aan de zijlijn? Sluit je&hellip;<\/p>","protected":false},"author":2,"featured_media":0,"parent":0,"menu_order":0,"comment_status":"closed","ping_status":"closed","template":"","meta":{"footnotes":""},"class_list":["post-3071","page","type-page","status-publish","hentry"],"yoast_head":"<!-- This site is optimized with the Yoast SEO plugin v27.4 - https:\/\/yoast.com\/product\/yoast-seo-wordpress\/ -->\n<title>Word Activist - Bite Back<\/title>\n<meta name=\"robots\" content=\"index, follow, max-snippet:-1, max-image-preview:large, max-video-preview:-1\" \/>\n<link rel=\"canonical\" href=\"https:\/\/biteback.be\/fr\/word-activist\/\" \/>\n<meta property=\"og:locale\" content=\"fr_FR\" \/>\n<meta property=\"og:type\" content=\"article\" \/>\n<meta property=\"og:title\" content=\"Word Activist - Bite Back\" \/>\n<meta property=\"og:description\" content=\"Help de dieren, word activist Heb je een hart voor dieren \u00e9n wil je actief meebouwen aan een inclusieve maatschappij? Wil je meer doen dan gewoon toekijken van aan de zijlijn? Sluit je&hellip;\" \/>\n<meta property=\"og:url\" content=\"https:\/\/biteback.be\/fr\/word-activist\/\" \/>\n<meta property=\"og:site_name\" content=\"Bite Back\" \/>\n<meta property=\"article:modified_time\" content=\"2025-02-14T13:53:41+00:00\" \/>\n<meta name=\"twitter:card\" content=\"summary_large_image\" \/>\n<meta name=\"twitter:label1\" content=\"Dur\u00e9e de lecture est.\" \/>\n\t<meta name=\"twitter:data1\" content=\"2 minutes\" \/>\n<script type=\"application\/ld+json\" class=\"yoast-schema-graph\">{\"@context\":\"https:\\\/\\\/schema.org\",\"@graph\":[{\"@type\":\"WebPage\",\"@id\":\"https:\\\/\\\/biteback.be\\\/word-activist\\\/\",\"url\":\"https:\\\/\\\/biteback.be\\\/word-activist\\\/\",\"name\":\"Word Activist - Bite Back\",\"isPartOf\":{\"@id\":\"https:\\\/\\\/biteback.be\\\/#website\"},\"datePublished\":\"2023-10-15T09:02:23+00:00\",\"dateModified\":\"2025-02-14T13:53:41+00:00\",\"breadcrumb\":{\"@id\":\"https:\\\/\\\/biteback.be\\\/word-activist\\\/#breadcrumb\"},\"inLanguage\":\"fr-BE\",\"potentialAction\":[{\"@type\":\"ReadAction\",\"target\":[\"https:\\\/\\\/biteback.be\\\/word-activist\\\/\"]}]},{\"@type\":\"BreadcrumbList\",\"@id\":\"https:\\\/\\\/biteback.be\\\/word-activist\\\/#breadcrumb\",\"itemListElement\":[{\"@type\":\"ListItem\",\"position\":1,\"name\":\"Home\",\"item\":\"https:\\\/\\\/biteback.be\\\/\"},{\"@type\":\"ListItem\",\"position\":2,\"name\":\"Word Activist\"}]},{\"@type\":\"WebSite\",\"@id\":\"https:\\\/\\\/biteback.be\\\/#website\",\"url\":\"https:\\\/\\\/biteback.be\\\/\",\"name\":\"Bite Back\",\"description\":\"Bite Back - Dierenrechtenorganisatie\",\"publisher\":{\"@id\":\"https:\\\/\\\/biteback.be\\\/#organization\"},\"potentialAction\":[{\"@type\":\"SearchAction\",\"target\":{\"@type\":\"EntryPoint\",\"urlTemplate\":\"https:\\\/\\\/biteback.be\\\/?s={search_term_string}\"},\"query-input\":{\"@type\":\"PropertyValueSpecification\",\"valueRequired\":true,\"valueName\":\"search_term_string\"}}],\"inLanguage\":\"fr-BE\"},{\"@type\":\"Organization\",\"@id\":\"https:\\\/\\\/biteback.be\\\/#organization\",\"name\":\"Bite Back\",\"url\":\"https:\\\/\\\/biteback.be\\\/\",\"logo\":{\"@type\":\"ImageObject\",\"inLanguage\":\"fr-BE\",\"@id\":\"https:\\\/\\\/biteback.be\\\/#\\\/schema\\\/logo\\\/image\\\/\",\"url\":\"https:\\\/\\\/i0.wp.com\\\/biteback.be\\\/wp-content\\\/uploads\\\/2023\\\/09\\\/bite-back-logo-1.jpg?fit=212%2C80&ssl=1\",\"contentUrl\":\"https:\\\/\\\/i0.wp.com\\\/biteback.be\\\/wp-content\\\/uploads\\\/2023\\\/09\\\/bite-back-logo-1.jpg?fit=212%2C80&ssl=1\",\"width\":212,\"height\":80,\"caption\":\"Bite Back\"},\"image\":{\"@id\":\"https:\\\/\\\/biteback.be\\\/#\\\/schema\\\/logo\\\/image\\\/\"}}]}<\/script>\n<!-- \/ Yoast SEO plugin. -->","yoast_head_json":{"title":"Word Activist - Bite Back","robots":{"index":"index","follow":"follow","max-snippet":"max-snippet:-1","max-image-preview":"max-image-preview:large","max-video-preview":"max-video-preview:-1"},"canonical":"https:\/\/biteback.be\/fr\/word-activist\/","og_locale":"fr_FR","og_type":"article","og_title":"Word Activist - Bite Back","og_description":"Help de dieren, word activist Heb je een hart voor dieren \u00e9n wil je actief meebouwen aan een inclusieve maatschappij? Wil je meer doen dan gewoon toekijken van aan de zijlijn? Sluit je&hellip;","og_url":"https:\/\/biteback.be\/fr\/word-activist\/","og_site_name":"Bite Back","article_modified_time":"2025-02-14T13:53:41+00:00","twitter_card":"summary_large_image","twitter_misc":{"Dur\u00e9e de lecture est.":"2 minutes"},"schema":{"@context":"https:\/\/schema.org","@graph":[{"@type":"WebPage","@id":"https:\/\/biteback.be\/word-activist\/","url":"https:\/\/biteback.be\/word-activist\/","name":"Word Activist - Bite Back","isPartOf":{"@id":"https:\/\/biteback.be\/#website"},"datePublished":"2023-10-15T09:02:23+00:00","dateModified":"2025-02-14T13:53:41+00:00","breadcrumb":{"@id":"https:\/\/biteback.be\/word-activist\/#breadcrumb"},"inLanguage":"fr-BE","potentialAction":[{"@type":"ReadAction","target":["https:\/\/biteback.be\/word-activist\/"]}]},{"@type":"BreadcrumbList","@id":"https:\/\/biteback.be\/word-activist\/#breadcrumb","itemListElement":[{"@type":"ListItem","position":1,"name":"Home","item":"https:\/\/biteback.be\/"},{"@type":"ListItem","position":2,"name":"Word Activist"}]},{"@type":"WebSite","@id":"https:\/\/biteback.be\/#website","url":"https:\/\/biteback.be\/","name":"Bite Back","description":"Bite Back - Dierenrechtenorganisatie","publisher":{"@id":"https:\/\/biteback.be\/#organization"},"potentialAction":[{"@type":"SearchAction","target":{"@type":"EntryPoint","urlTemplate":"https:\/\/biteback.be\/?s={search_term_string}"},"query-input":{"@type":"PropertyValueSpecification","valueRequired":true,"valueName":"search_term_string"}}],"inLanguage":"fr-BE"},{"@type":"Organization","@id":"https:\/\/biteback.be\/#organization","name":"Bite Back","url":"https:\/\/biteback.be\/","logo":{"@type":"ImageObject","inLanguage":"fr-BE","@id":"https:\/\/biteback.be\/#\/schema\/logo\/image\/","url":"https:\/\/i0.wp.com\/biteback.be\/wp-content\/uploads\/2023\/09\/bite-back-logo-1.jpg?fit=212%2C80&ssl=1","contentUrl":"https:\/\/i0.wp.com\/biteback.be\/wp-content\/uploads\/2023\/09\/bite-back-logo-1.jpg?fit=212%2C80&ssl=1","width":212,"height":80,"caption":"Bite Back"},"image":{"@id":"https:\/\/biteback.be\/#\/schema\/logo\/image\/"}}]}},"jetpack_sharing_enabled":true,"jetpack-related-posts":[],"jetpack_shortlink":"https:\/\/wp.me\/Pf4e0W-Nx","_links":{"self":[{"href":"https:\/\/biteback.be\/fr\/wp-json\/wp\/v2\/pages\/3071","targetHints":{"allow":["GET"]}}],"collection":[{"href":"https:\/\/biteback.be\/fr\/wp-json\/wp\/v2\/pages"}],"about":[{"href":"https:\/\/biteback.be\/fr\/wp-json\/wp\/v2\/types\/page"}],"author":[{"embeddable":true,"href":"https:\/\/biteback.be\/fr\/wp-json\/wp\/v2\/users\/2"}],"replies":[{"embeddable":true,"href":"https:\/\/biteback.be\/fr\/wp-json\/wp\/v2\/comments?post=3071"}],"version-history":[{"count":6,"href":"https:\/\/biteback.be\/fr\/wp-json\/wp\/v2\/pages\/3071\/revisions"}],"predecessor-version":[{"id":85087,"href":"https:\/\/biteback.be\/fr\/wp-json\/wp\/v2\/pages\/3071\/revisions\/85087"}],"wp:attachment":[{"href":"https:\/\/biteback.be\/fr\/wp-json\/wp\/v2\/media?parent=3071"}],"curies":[{"name":"wp","href":"https:\/\/api.w.org\/{rel}","templated":true}]}}