{"id":278,"date":"2019-03-01T11:03:34","date_gmt":"2019-03-01T11:03:34","guid":{"rendered":"https:\/\/biteback.be\/?page_id=278"},"modified":"2024-02-23T16:38:27","modified_gmt":"2024-02-23T15:38:27","slug":"petitie-stop-de-subsidiering-van-de-vlees-en-zuivelindustrie","status":"publish","type":"page","link":"https:\/\/biteback.be\/fr\/petitie-stop-de-subsidiering-van-de-vlees-en-zuivelindustrie\/","title":{"rendered":"P\u00e9tition - Arr\u00eatez de subventionner l'industrie de la viande et du lait!"},"content":{"rendered":"<div data-elementor-type=\"wp-post\" data-elementor-id=\"278\" class=\"elementor elementor-278\">\n\t\t\t\t\t\t<section class=\"elementor-section elementor-top-section elementor-element elementor-element-65b19c6 elementor-section-boxed elementor-section-height-default elementor-section-height-default\" data-id=\"65b19c6\" data-element_type=\"section\" data-e-type=\"section\">\n\t\t\t\t\t\t<div class=\"elementor-container elementor-column-gap-extended\">\n\t\t\t\t\t<div class=\"elementor-column elementor-col-50 elementor-top-column elementor-element elementor-element-cf131c8 sc_inner_width_none sc_content_align_inherit sc_layouts_column_icons_position_left elementor-invisible\" data-id=\"cf131c8\" data-element_type=\"column\" data-e-type=\"column\" data-settings=\"{&quot;animation&quot;:&quot;fadeInLeft&quot;,&quot;animation_mobile&quot;:&quot;none&quot;,&quot;animation_delay&quot;:200}\">\n\t\t\t<div class=\"elementor-widget-wrap elementor-element-populated\">\n\t\t\t\t\t\t<div class=\"elementor-element elementor-element-c8b973d sc_fly_static elementor-widget elementor-widget-trx_sc_title\" data-id=\"c8b973d\" data-element_type=\"widget\" data-e-type=\"widget\" data-widget_type=\"trx_sc_title.default\">\n\t\t\t\t<div class=\"elementor-widget-container\">\n\t\t\t\t\t<div id=\"trx_sc_title_468565545\"\n\t\tclass=\"sc_title sc_title_decoration\"><span class=\"sc_item_subtitle sc_title_subtitle sc_item_subtitle_above sc_item_title_style_decoration\"><span class=\"subtitle_text\">Petitie<\/span><\/span><h1 class=\"sc_item_title sc_title_title sc_item_title_style_decoration sc_item_title_tag\"><span class=\"sc_item_title_text\">Stop de subsidi\u00ebring van de vlees- en zuivelindustrie! <\/span><\/h1><div class=\"sc_item_descr sc_title_descr\"><p>Bite Back roept de Vlaamse overheid op om te stoppen met het subsidi\u00ebren van de vlees- en zuivelindustrie en de promotie van dierlijke producten. Elk jaar gaan er miljoenen belastinggeld naar de vee-industrie. Dit zijn miljoenen die beter ge\u00efnvesteerd worden in plantaardige en gezonde producten die geen dierenleed veroorzaken. <\/p>\n<\/div><\/div><!-- \/.sc_title -->\t\t\t\t<\/div>\n\t\t\t\t<\/div>\n\t\t\t\t<div class=\"elementor-element elementor-element-3db0925 sc_height_tiny sc_fly_static elementor-widget elementor-widget-spacer\" data-id=\"3db0925\" data-element_type=\"widget\" data-e-type=\"widget\" data-widget_type=\"spacer.default\">\n\t\t\t\t<div class=\"elementor-widget-container\">\n\t\t\t\t\t\t\t<div class=\"elementor-spacer\">\n\t\t\t<div class=\"elementor-spacer-inner\"><\/div>\n\t\t<\/div>\n\t\t\t\t\t\t<\/div>\n\t\t\t\t<\/div>\n\t\t\t\t<div class=\"elementor-element elementor-element-9783467 sc_fly_static elementor-widget elementor-widget-image\" data-id=\"9783467\" data-element_type=\"widget\" data-e-type=\"widget\" data-widget_type=\"image.default\">\n\t\t\t\t<div class=\"elementor-widget-container\">\n\t\t\t\t\t\t\t\t\t\t\t\t\t\t\t<img fetchpriority=\"high\" decoding=\"async\" width=\"1200\" height=\"944\" src=\"https:\/\/i0.wp.com\/biteback.be\/wp-content\/uploads\/2023\/11\/varken-transport-Wes-Burdett-We-Animals-Media-small.jpg?fit=1200%2C944&amp;ssl=1\" class=\"attachment-full size-full wp-image-76670\" alt=\"\" srcset=\"https:\/\/i0.wp.com\/biteback.be\/wp-content\/uploads\/2023\/11\/varken-transport-Wes-Burdett-We-Animals-Media-small.jpg?w=1200&amp;ssl=1 1200w, https:\/\/i0.wp.com\/biteback.be\/wp-content\/uploads\/2023\/11\/varken-transport-Wes-Burdett-We-Animals-Media-small.jpg?resize=300%2C236&amp;ssl=1 300w, https:\/\/i0.wp.com\/biteback.be\/wp-content\/uploads\/2023\/11\/varken-transport-Wes-Burdett-We-Animals-Media-small.jpg?resize=1024%2C806&amp;ssl=1 1024w, https:\/\/i0.wp.com\/biteback.be\/wp-content\/uploads\/2023\/11\/varken-transport-Wes-Burdett-We-Animals-Media-small.jpg?resize=768%2C604&amp;ssl=1 768w, https:\/\/i0.wp.com\/biteback.be\/wp-content\/uploads\/2023\/11\/varken-transport-Wes-Burdett-We-Animals-Media-small.jpg?resize=370%2C291&amp;ssl=1 370w, https:\/\/i0.wp.com\/biteback.be\/wp-content\/uploads\/2023\/11\/varken-transport-Wes-Burdett-We-Animals-Media-small.jpg?resize=770%2C606&amp;ssl=1 770w, https:\/\/i0.wp.com\/biteback.be\/wp-content\/uploads\/2023\/11\/varken-transport-Wes-Burdett-We-Animals-Media-small.jpg?resize=1170%2C920&amp;ssl=1 1170w\" sizes=\"(max-width: 1170px) 100vw, 1170px\" \/>\t\t\t\t\t\t\t\t\t\t\t\t\t\t\t<\/div>\n\t\t\t\t<\/div>\n\t\t\t\t<div class=\"elementor-element elementor-element-efd08fa sc_height_tiny sc_fly_static elementor-widget elementor-widget-spacer\" data-id=\"efd08fa\" data-element_type=\"widget\" data-e-type=\"widget\" data-widget_type=\"spacer.default\">\n\t\t\t\t<div class=\"elementor-widget-container\">\n\t\t\t\t\t\t\t<div class=\"elementor-spacer\">\n\t\t\t<div class=\"elementor-spacer-inner\"><\/div>\n\t\t<\/div>\n\t\t\t\t\t\t<\/div>\n\t\t\t\t<\/div>\n\t\t\t\t<div class=\"elementor-element elementor-element-d099836 sc_fly_static elementor-widget elementor-widget-text-editor\" data-id=\"d099836\" data-element_type=\"widget\" data-e-type=\"widget\" data-widget_type=\"text-editor.default\">\n\t\t\t\t<div class=\"elementor-widget-container\">\n\t\t\t\t\t\t\t\t\t<p>Volgens het <a href=\"https:\/\/subsidieregister.vlaanderen.be\/\">Vlaamse subsidieregister<\/a>, vloeit er veel geld naar de landbouw, veeteelt en visserij in Vlaanderen. De grootste spelers zijn Rendac, VLAM en Boeren op een kruispunt.\u00a0<\/p><p><a href=\"\/fr\/bite-back-lanceert-petitie-tegen-subsidiering-dierindustrie\/\" target=\"_blank\" rel=\"noopener\">Lees er hier meer over.<\/a><\/p>\t\t\t\t\t\t\t\t<\/div>\n\t\t\t\t<\/div>\n\t\t\t\t\t<\/div>\n\t\t<\/div>\n\t\t\t\t<div class=\"elementor-column elementor-col-50 elementor-top-column elementor-element elementor-element-314ba0d sc_inner_width_none sc_content_align_inherit sc_layouts_column_icons_position_left elementor-invisible\" data-id=\"314ba0d\" data-element_type=\"column\" data-e-type=\"column\" data-settings=\"{&quot;animation&quot;:&quot;fadeInRight&quot;,&quot;animation_mobile&quot;:&quot;none&quot;,&quot;animation_delay&quot;:200,&quot;background_background&quot;:&quot;classic&quot;}\">\n\t\t\t<div class=\"elementor-widget-wrap elementor-element-populated\">\n\t\t\t\t\t\t<div class=\"elementor-element elementor-element-6a3365e sc_fly_static elementor-widget elementor-widget-text-editor\" data-id=\"6a3365e\" data-element_type=\"widget\" data-e-type=\"widget\" data-widget_type=\"text-editor.default\">\n\t\t\t\t<div class=\"elementor-widget-container\">\n\t\t\t\t\t\t\t\t\t<p><strong>Wil jij ook een einde aan de subsidi\u00ebring van de vee-industrie in Belgi\u00eb? Teken dan onze petitie&#8230;<\/strong><\/p>\t\t\t\t\t\t\t\t<\/div>\n\t\t\t\t<\/div>\n\t\t\t\t<div class=\"elementor-element elementor-element-cd67b8b sc_height_tiny sc_fly_static elementor-widget elementor-widget-spacer\" data-id=\"cd67b8b\" data-element_type=\"widget\" data-e-type=\"widget\" data-widget_type=\"spacer.default\">\n\t\t\t\t<div class=\"elementor-widget-container\">\n\t\t\t\t\t\t\t<div class=\"elementor-spacer\">\n\t\t\t<div class=\"elementor-spacer-inner\"><\/div>\n\t\t<\/div>\n\t\t\t\t\t\t<\/div>\n\t\t\t\t<\/div>\n\t\t\t\t<div class=\"elementor-element elementor-element-6e0997f sc_fly_static elementor-widget elementor-widget-shortcode\" data-id=\"6e0997f\" data-element_type=\"widget\" data-e-type=\"widget\" data-widget_type=\"shortcode.default\">\n\t\t\t\t<div class=\"elementor-widget-container\">\n\t\t\t\t\t\t\t<div class=\"elementor-shortcode\">\n<div class=\"wpcf7 no-js\" id=\"wpcf7-f78735-o1\" lang=\"nl-BE\" dir=\"ltr\" data-wpcf7-id=\"78735\">\n<div class=\"screen-reader-response\"><p role=\"status\" aria-live=\"polite\" aria-atomic=\"true\"><\/p> <ul><\/ul><\/div>\n<form action=\"\/fr\/wp-json\/wp\/v2\/pages\/278#wpcf7-f78735-o1\" method=\"post\" class=\"wpcf7-form init\" aria-label=\"Contactformulier\" novalidate=\"novalidate\" data-status=\"init\" data-trp-original-action=\"\/fr\/wp-json\/wp\/v2\/pages\/278#wpcf7-f78735-o1\">\n<fieldset class=\"hidden-fields-container\"><input type=\"hidden\" name=\"_wpcf7\" value=\"78735\" \/><input type=\"hidden\" name=\"_wpcf7_version\" value=\"6.1.5\" \/><input type=\"hidden\" name=\"_wpcf7_locale\" value=\"nl_BE\" \/><input type=\"hidden\" name=\"_wpcf7_unit_tag\" value=\"wpcf7-f78735-o1\" \/><input type=\"hidden\" name=\"_wpcf7_container_post\" value=\"0\" \/><input type=\"hidden\" name=\"_wpcf7_posted_data_hash\" value=\"\" \/><input type=\"hidden\" name=\"_wpcf7cf_hidden_group_fields\" value=\"[]\" \/><input type=\"hidden\" name=\"_wpcf7cf_hidden_groups\" value=\"[]\" \/><input type=\"hidden\" name=\"_wpcf7cf_visible_groups\" value=\"[]\" \/><input type=\"hidden\" name=\"_wpcf7cf_repeaters\" value=\"[]\" \/><input type=\"hidden\" name=\"_wpcf7cf_steps\" value=\"{}\" \/><input type=\"hidden\" name=\"_wpcf7cf_options\" value=\"{&quot;form_id&quot;:78735,&quot;conditions&quot;:[],&quot;settings&quot;:{&quot;animation&quot;:&quot;yes&quot;,&quot;animation_intime&quot;:200,&quot;animation_outtime&quot;:200,&quot;conditions_ui&quot;:&quot;normal&quot;,&quot;notice_dismissed&quot;:false,&quot;notice_dismissed_rollback-cf7-5.9.4&quot;:true}}\" \/><input type=\"hidden\" name=\"_wpcf7_recaptcha_response\" value=\"\" \/>\n<\/fieldset>\n<div class=\"columns_wrap\">\n<div class=\"column-1_2\"><span class=\"wpcf7-form-control-wrap\" data-name=\"text-your-name\"><input size=\"40\" maxlength=\"400\" class=\"wpcf7-form-control wpcf7-text wpcf7-validates-as-required\" aria-required=\"true\" aria-invalid=\"false\" placeholder=\"Nom\" value=\"\" type=\"text\" name=\"text-your-name\" \/><\/span><\/div>\n<div class=\"column-1_2\"><span class=\"wpcf7-form-control-wrap\" data-name=\"email-your-email\"><input size=\"40\" maxlength=\"400\" class=\"wpcf7-form-control wpcf7-email wpcf7-validates-as-required wpcf7-text wpcf7-validates-as-email\" aria-required=\"true\" aria-invalid=\"false\" placeholder=\"adresse e-mail\" value=\"\" type=\"email\" name=\"email-your-email\" \/><\/span><\/div>\n<\/div>\n\n<div class=\"columns_wrap\">\n<div class=\"column-1_1\"><span class=\"wpcf7-form-control-wrap\" data-name=\"text-your-adress\"><input size=\"40\" maxlength=\"400\" class=\"wpcf7-form-control wpcf7-text wpcf7-validates-as-required\" aria-required=\"true\" aria-invalid=\"false\" placeholder=\"Adresse\" value=\"\" type=\"text\" name=\"text-your-adress\" \/><\/span><\/div>\n<\/div>\n\n<div class=\"columns_wrap\">\n<div class=\"column-1_2\"><span class=\"wpcf7-form-control-wrap\" data-name=\"text-your-place\"><input size=\"40\" maxlength=\"400\" class=\"wpcf7-form-control wpcf7-text wpcf7-validates-as-required\" aria-required=\"true\" aria-invalid=\"false\" placeholder=\"ville\" value=\"\" type=\"text\" name=\"text-your-place\" \/><\/span><\/div>\n<div class=\"column-1_2\"><span class=\"wpcf7-form-control-wrap\" data-name=\"land\"><select class=\"wpcf7-form-control wpcf7-select\" id=\"land\" aria-invalid=\"false\" name=\"land\"><option value=\"Land\">Land<\/option><option value=\"Belgi\u00eb\">Belgi\u00eb<\/option><option value=\"Nederland\">Nederland<\/option><\/select><\/span><\/div>\n<\/div>\n\n\n<div class=\"columns_wrap\" style=\"padding-bottom:10px;\">\n  <div class=\"column-1_1\"><span class=\"wpcf7-form-control-wrap\" data-name=\"nieuwsbrief\"><span class=\"wpcf7-form-control wpcf7-checkbox\"><span class=\"wpcf7-list-item first last\"><input type=\"checkbox\" name=\"nieuwsbrief[]\" value=\"Ja, ik wil graag op de hoogte blijven via de Bite Back email nieuwsbrief.\" \/><span class=\"wpcf7-list-item-label\">Oui, je m'incris \u00e0 la lettre d'info Bite Back par e-mail.<\/span><\/span><\/span><\/span><\/div>\n<\/div>\n\n<div class=\"columns_wrap\">\n  <div class=\"column-1_1\"> <span class=\"wpcf7-form-control-wrap\" data-name=\"acceptance-545\"><span class=\"wpcf7-form-control wpcf7-acceptance\"><span class=\"wpcf7-list-item\"><label><input type=\"checkbox\" name=\"acceptance-545\" value=\"1\" class=\"cf7-acceptance\" id=\"cf7-acceptance\" aria-invalid=\"false\" \/><span class=\"wpcf7-list-item-label\">J'accepte la <a title=\"d\u00e9claration de confidentialit\u00e9\" href=\"\/fr\/privacyverklaring\/\">d\u00e9claration de confidentialit\u00e9<\/a> de Bite Back.<\/span><\/label><\/span><\/span><\/span><\/div>\n<\/div>\n\n<div class=\"columns_wrap no_spaces\"><div class=\"column-1_1\"><div class=\"button_wrap\"><input class=\"wpcf7-form-control wpcf7-submit has-spinner\" type=\"submit\" value=\"envoyer\" \/><\/div><\/div><\/div><div class=\"wpcf7-response-output\" aria-hidden=\"true\"><\/div>\n<input type=\"hidden\" name=\"trp-form-language\" value=\"fr\"\/><\/form>\n<\/div>\n<\/div>\n\t\t\t\t\t\t<\/div>\n\t\t\t\t<\/div>\n\t\t\t\t\t<\/div>\n\t\t<\/div>\n\t\t\t\t\t<\/div>\n\t\t<\/section>\n\t\t\t\t<section class=\"elementor-section elementor-top-section elementor-element elementor-element-bb6475a elementor-section-boxed elementor-section-height-default elementor-section-height-default\" data-id=\"bb6475a\" data-element_type=\"section\" data-e-type=\"section\">\n\t\t\t\t\t\t<div class=\"elementor-container elementor-column-gap-extended\">\n\t\t\t\t\t<div class=\"elementor-column elementor-col-100 elementor-top-column elementor-element elementor-element-cdf078e sc_inner_width_none sc_content_align_inherit sc_layouts_column_icons_position_left\" data-id=\"cdf078e\" data-element_type=\"column\" data-e-type=\"column\">\n\t\t\t<div class=\"elementor-widget-wrap elementor-element-populated\">\n\t\t\t\t\t\t<div class=\"elementor-element elementor-element-7ac540e sc_height_small sc_fly_static elementor-widget elementor-widget-spacer\" data-id=\"7ac540e\" data-element_type=\"widget\" data-e-type=\"widget\" data-widget_type=\"spacer.default\">\n\t\t\t\t<div class=\"elementor-widget-container\">\n\t\t\t\t\t\t\t<div class=\"elementor-spacer\">\n\t\t\t<div class=\"elementor-spacer-inner\"><\/div>\n\t\t<\/div>\n\t\t\t\t\t\t<\/div>\n\t\t\t\t<\/div>\n\t\t\t\t\t<\/div>\n\t\t<\/div>\n\t\t\t\t\t<\/div>\n\t\t<\/section>\n\t\t\t\t<\/div>","protected":false},"excerpt":{"rendered":"<p>Petitie Stop de subsidi\u00ebring van de vlees- en zuivelindustrie! Bite Back roept de Vlaamse overheid op om te stoppen met het subsidi\u00ebren van de vlees- en zuivelindustrie en de promotie van dierlijke producten.&hellip;<\/p>","protected":false},"author":2,"featured_media":78456,"parent":0,"menu_order":0,"comment_status":"closed","ping_status":"closed","template":"","meta":{"footnotes":""},"class_list":["post-278","page","type-page","status-publish","has-post-thumbnail","hentry"],"yoast_head":"<!-- This site is optimized with the Yoast SEO plugin v27.4 - https:\/\/yoast.com\/product\/yoast-seo-wordpress\/ -->\n<title>Petitie | Stop de subsidi\u00ebring van de vlees- en zuivelindustrie! - Bite Back<\/title>\n<meta name=\"robots\" content=\"index, follow, max-snippet:-1, max-image-preview:large, max-video-preview:-1\" \/>\n<link rel=\"canonical\" href=\"https:\/\/biteback.be\/fr\/petitie-stop-de-subsidiering-van-de-vlees-en-zuivelindustrie\/\" \/>\n<meta property=\"og:locale\" content=\"fr_FR\" \/>\n<meta property=\"og:type\" content=\"article\" \/>\n<meta property=\"og:title\" content=\"Petitie | Stop de subsidi\u00ebring van de vlees- en zuivelindustrie! - Bite Back\" \/>\n<meta property=\"og:description\" content=\"Petitie Stop de subsidi\u00ebring van de vlees- en zuivelindustrie! Bite Back roept de Vlaamse overheid op om te stoppen met het subsidi\u00ebren van de vlees- en zuivelindustrie en de promotie van dierlijke producten.&hellip;\" \/>\n<meta property=\"og:url\" content=\"https:\/\/biteback.be\/fr\/petitie-stop-de-subsidiering-van-de-vlees-en-zuivelindustrie\/\" \/>\n<meta property=\"og:site_name\" content=\"Bite Back\" \/>\n<meta property=\"article:modified_time\" content=\"2024-02-23T15:38:27+00:00\" \/>\n<meta property=\"og:image\" content=\"https:\/\/i0.wp.com\/biteback.be\/wp-content\/uploads\/2023\/09\/varken-transport-l.jpg?fit=1200%2C916&ssl=1\" \/>\n\t<meta property=\"og:image:width\" content=\"1200\" \/>\n\t<meta property=\"og:image:height\" content=\"916\" \/>\n\t<meta property=\"og:image:type\" content=\"image\/jpeg\" \/>\n<meta name=\"twitter:card\" content=\"summary_large_image\" \/>\n<meta name=\"twitter:label1\" content=\"Dur\u00e9e de lecture est.\" \/>\n\t<meta name=\"twitter:data1\" content=\"1 minute\" \/>\n<script type=\"application\/ld+json\" class=\"yoast-schema-graph\">{\"@context\":\"https:\\\/\\\/schema.org\",\"@graph\":[{\"@type\":\"WebPage\",\"@id\":\"https:\\\/\\\/biteback.be\\\/petitie-stop-de-subsidiering-van-de-vlees-en-zuivelindustrie\\\/\",\"url\":\"https:\\\/\\\/biteback.be\\\/petitie-stop-de-subsidiering-van-de-vlees-en-zuivelindustrie\\\/\",\"name\":\"Petitie | Stop de subsidi\u00ebring van de vlees- en zuivelindustrie! - Bite Back\",\"isPartOf\":{\"@id\":\"https:\\\/\\\/biteback.be\\\/#website\"},\"primaryImageOfPage\":{\"@id\":\"https:\\\/\\\/biteback.be\\\/petitie-stop-de-subsidiering-van-de-vlees-en-zuivelindustrie\\\/#primaryimage\"},\"image\":{\"@id\":\"https:\\\/\\\/biteback.be\\\/petitie-stop-de-subsidiering-van-de-vlees-en-zuivelindustrie\\\/#primaryimage\"},\"thumbnailUrl\":\"https:\\\/\\\/i0.wp.com\\\/biteback.be\\\/wp-content\\\/uploads\\\/2023\\\/09\\\/varken-transport-l.jpg?fit=1200%2C916&ssl=1\",\"datePublished\":\"2019-03-01T11:03:34+00:00\",\"dateModified\":\"2024-02-23T15:38:27+00:00\",\"breadcrumb\":{\"@id\":\"https:\\\/\\\/biteback.be\\\/petitie-stop-de-subsidiering-van-de-vlees-en-zuivelindustrie\\\/#breadcrumb\"},\"inLanguage\":\"fr-BE\",\"potentialAction\":[{\"@type\":\"ReadAction\",\"target\":[\"https:\\\/\\\/biteback.be\\\/petitie-stop-de-subsidiering-van-de-vlees-en-zuivelindustrie\\\/\"]}]},{\"@type\":\"ImageObject\",\"inLanguage\":\"fr-BE\",\"@id\":\"https:\\\/\\\/biteback.be\\\/petitie-stop-de-subsidiering-van-de-vlees-en-zuivelindustrie\\\/#primaryimage\",\"url\":\"https:\\\/\\\/i0.wp.com\\\/biteback.be\\\/wp-content\\\/uploads\\\/2023\\\/09\\\/varken-transport-l.jpg?fit=1200%2C916&ssl=1\",\"contentUrl\":\"https:\\\/\\\/i0.wp.com\\\/biteback.be\\\/wp-content\\\/uploads\\\/2023\\\/09\\\/varken-transport-l.jpg?fit=1200%2C916&ssl=1\",\"width\":1200,\"height\":916,\"caption\":\"Varkenstransport\"},{\"@type\":\"BreadcrumbList\",\"@id\":\"https:\\\/\\\/biteback.be\\\/petitie-stop-de-subsidiering-van-de-vlees-en-zuivelindustrie\\\/#breadcrumb\",\"itemListElement\":[{\"@type\":\"ListItem\",\"position\":1,\"name\":\"Home\",\"item\":\"https:\\\/\\\/biteback.be\\\/\"},{\"@type\":\"ListItem\",\"position\":2,\"name\":\"Petitie | Stop de subsidi\u00ebring van de vlees- en zuivelindustrie!\"}]},{\"@type\":\"WebSite\",\"@id\":\"https:\\\/\\\/biteback.be\\\/#website\",\"url\":\"https:\\\/\\\/biteback.be\\\/\",\"name\":\"Bite Back\",\"description\":\"Bite Back - Dierenrechtenorganisatie\",\"publisher\":{\"@id\":\"https:\\\/\\\/biteback.be\\\/#organization\"},\"potentialAction\":[{\"@type\":\"SearchAction\",\"target\":{\"@type\":\"EntryPoint\",\"urlTemplate\":\"https:\\\/\\\/biteback.be\\\/?s={search_term_string}\"},\"query-input\":{\"@type\":\"PropertyValueSpecification\",\"valueRequired\":true,\"valueName\":\"search_term_string\"}}],\"inLanguage\":\"fr-BE\"},{\"@type\":\"Organization\",\"@id\":\"https:\\\/\\\/biteback.be\\\/#organization\",\"name\":\"Bite Back\",\"url\":\"https:\\\/\\\/biteback.be\\\/\",\"logo\":{\"@type\":\"ImageObject\",\"inLanguage\":\"fr-BE\",\"@id\":\"https:\\\/\\\/biteback.be\\\/#\\\/schema\\\/logo\\\/image\\\/\",\"url\":\"https:\\\/\\\/i0.wp.com\\\/biteback.be\\\/wp-content\\\/uploads\\\/2023\\\/09\\\/bite-back-logo-1.jpg?fit=212%2C80&ssl=1\",\"contentUrl\":\"https:\\\/\\\/i0.wp.com\\\/biteback.be\\\/wp-content\\\/uploads\\\/2023\\\/09\\\/bite-back-logo-1.jpg?fit=212%2C80&ssl=1\",\"width\":212,\"height\":80,\"caption\":\"Bite Back\"},\"image\":{\"@id\":\"https:\\\/\\\/biteback.be\\\/#\\\/schema\\\/logo\\\/image\\\/\"}}]}<\/script>\n<!-- \/ Yoast SEO plugin. -->","yoast_head_json":{"title":"Petitie | Stop de subsidi\u00ebring van de vlees- en zuivelindustrie! - Bite Back","robots":{"index":"index","follow":"follow","max-snippet":"max-snippet:-1","max-image-preview":"max-image-preview:large","max-video-preview":"max-video-preview:-1"},"canonical":"https:\/\/biteback.be\/fr\/petitie-stop-de-subsidiering-van-de-vlees-en-zuivelindustrie\/","og_locale":"fr_FR","og_type":"article","og_title":"Petitie | Stop de subsidi\u00ebring van de vlees- en zuivelindustrie! - Bite Back","og_description":"Petitie Stop de subsidi\u00ebring van de vlees- en zuivelindustrie! Bite Back roept de Vlaamse overheid op om te stoppen met het subsidi\u00ebren van de vlees- en zuivelindustrie en de promotie van dierlijke producten.&hellip;","og_url":"https:\/\/biteback.be\/fr\/petitie-stop-de-subsidiering-van-de-vlees-en-zuivelindustrie\/","og_site_name":"Bite Back","article_modified_time":"2024-02-23T15:38:27+00:00","og_image":[{"width":1200,"height":916,"url":"https:\/\/i0.wp.com\/biteback.be\/wp-content\/uploads\/2023\/09\/varken-transport-l.jpg?fit=1200%2C916&ssl=1","type":"image\/jpeg"}],"twitter_card":"summary_large_image","twitter_misc":{"Dur\u00e9e de lecture est.":"1 minute"},"schema":{"@context":"https:\/\/schema.org","@graph":[{"@type":"WebPage","@id":"https:\/\/biteback.be\/petitie-stop-de-subsidiering-van-de-vlees-en-zuivelindustrie\/","url":"https:\/\/biteback.be\/petitie-stop-de-subsidiering-van-de-vlees-en-zuivelindustrie\/","name":"Petitie | Stop de subsidi\u00ebring van de vlees- en zuivelindustrie! - Bite Back","isPartOf":{"@id":"https:\/\/biteback.be\/#website"},"primaryImageOfPage":{"@id":"https:\/\/biteback.be\/petitie-stop-de-subsidiering-van-de-vlees-en-zuivelindustrie\/#primaryimage"},"image":{"@id":"https:\/\/biteback.be\/petitie-stop-de-subsidiering-van-de-vlees-en-zuivelindustrie\/#primaryimage"},"thumbnailUrl":"https:\/\/i0.wp.com\/biteback.be\/wp-content\/uploads\/2023\/09\/varken-transport-l.jpg?fit=1200%2C916&ssl=1","datePublished":"2019-03-01T11:03:34+00:00","dateModified":"2024-02-23T15:38:27+00:00","breadcrumb":{"@id":"https:\/\/biteback.be\/petitie-stop-de-subsidiering-van-de-vlees-en-zuivelindustrie\/#breadcrumb"},"inLanguage":"fr-BE","potentialAction":[{"@type":"ReadAction","target":["https:\/\/biteback.be\/petitie-stop-de-subsidiering-van-de-vlees-en-zuivelindustrie\/"]}]},{"@type":"ImageObject","inLanguage":"fr-BE","@id":"https:\/\/biteback.be\/petitie-stop-de-subsidiering-van-de-vlees-en-zuivelindustrie\/#primaryimage","url":"https:\/\/i0.wp.com\/biteback.be\/wp-content\/uploads\/2023\/09\/varken-transport-l.jpg?fit=1200%2C916&ssl=1","contentUrl":"https:\/\/i0.wp.com\/biteback.be\/wp-content\/uploads\/2023\/09\/varken-transport-l.jpg?fit=1200%2C916&ssl=1","width":1200,"height":916,"caption":"Varkenstransport"},{"@type":"BreadcrumbList","@id":"https:\/\/biteback.be\/petitie-stop-de-subsidiering-van-de-vlees-en-zuivelindustrie\/#breadcrumb","itemListElement":[{"@type":"ListItem","position":1,"name":"Home","item":"https:\/\/biteback.be\/"},{"@type":"ListItem","position":2,"name":"Petitie | Stop de subsidi\u00ebring van de vlees- en zuivelindustrie!"}]},{"@type":"WebSite","@id":"https:\/\/biteback.be\/#website","url":"https:\/\/biteback.be\/","name":"Bite Back","description":"Bite Back - Dierenrechtenorganisatie","publisher":{"@id":"https:\/\/biteback.be\/#organization"},"potentialAction":[{"@type":"SearchAction","target":{"@type":"EntryPoint","urlTemplate":"https:\/\/biteback.be\/?s={search_term_string}"},"query-input":{"@type":"PropertyValueSpecification","valueRequired":true,"valueName":"search_term_string"}}],"inLanguage":"fr-BE"},{"@type":"Organization","@id":"https:\/\/biteback.be\/#organization","name":"Bite Back","url":"https:\/\/biteback.be\/","logo":{"@type":"ImageObject","inLanguage":"fr-BE","@id":"https:\/\/biteback.be\/#\/schema\/logo\/image\/","url":"https:\/\/i0.wp.com\/biteback.be\/wp-content\/uploads\/2023\/09\/bite-back-logo-1.jpg?fit=212%2C80&ssl=1","contentUrl":"https:\/\/i0.wp.com\/biteback.be\/wp-content\/uploads\/2023\/09\/bite-back-logo-1.jpg?fit=212%2C80&ssl=1","width":212,"height":80,"caption":"Bite Back"},"image":{"@id":"https:\/\/biteback.be\/#\/schema\/logo\/image\/"}}]}},"jetpack_sharing_enabled":true,"jetpack-related-posts":[],"jetpack_shortlink":"https:\/\/wp.me\/Pf4e0W-4u","_links":{"self":[{"href":"https:\/\/biteback.be\/fr\/wp-json\/wp\/v2\/pages\/278","targetHints":{"allow":["GET"]}}],"collection":[{"href":"https:\/\/biteback.be\/fr\/wp-json\/wp\/v2\/pages"}],"about":[{"href":"https:\/\/biteback.be\/fr\/wp-json\/wp\/v2\/types\/page"}],"author":[{"embeddable":true,"href":"https:\/\/biteback.be\/fr\/wp-json\/wp\/v2\/users\/2"}],"replies":[{"embeddable":true,"href":"https:\/\/biteback.be\/fr\/wp-json\/wp\/v2\/comments?post=278"}],"version-history":[{"count":0,"href":"https:\/\/biteback.be\/fr\/wp-json\/wp\/v2\/pages\/278\/revisions"}],"wp:featuredmedia":[{"embeddable":true,"href":"https:\/\/biteback.be\/fr\/wp-json\/wp\/v2\/media\/78456"}],"wp:attachment":[{"href":"https:\/\/biteback.be\/fr\/wp-json\/wp\/v2\/media?parent=278"}],"curies":[{"name":"wp","href":"https:\/\/api.w.org\/{rel}","templated":true}]}}